{"id":1440,"date":"2025-06-13T12:33:40","date_gmt":"2025-06-13T09:33:40","guid":{"rendered":"https:\/\/discgolfworlds.com\/?page_id=1440"},"modified":"2025-06-13T14:19:37","modified_gmt":"2025-06-13T11:19:37","slug":"ruoka-ja-juoma","status":"publish","type":"page","link":"https:\/\/discgolfworlds.com\/fi\/vieraile\/ruoka-ja-juoma\/","title":{"rendered":"Ruoka ja Juoma"},"content":{"rendered":"\n<p>MM-kisoihin ei tarvitse tuoda omia ev\u00e4it\u00e4, sill\u00e4 kumppanimme pit\u00e4v\u00e4t huolen siit\u00e4, ett\u00e4 katsojat pysyv\u00e4t kyll\u00e4isen\u00e4 kisatunnelman keskell\u00e4!<\/p>\n\n<p>Sek\u00e4 <strong>Nokian <\/strong>ett\u00e4 <strong>Tampereen<\/strong> kisakeskuksissa toimii koko kisaviikon ajan Street Food alueet. <\/p>\n\n<h4 class=\"wp-block-heading\">Arkip\u00e4ivien tarjonta (keskiviikko\u2013perjantai)<\/h4>\n\n<p>Keskiviikosta perjantaihin katsojat voivat nauttia monipuolisesta valikoimasta suolaista ja makeaa. Tarjolla on:<\/p>\n\n<ul class=\"wp-block-list\">\n<li>Kanawokkia ja kebab-annoksia<\/li>\n\n\n\n<li>Makkara-annoksia<\/li>\n\n\n\n<li>Hampurilaisia ja ranskalaisia<\/li>\n\n\n\n<li>Fish &amp; chips, premium-hodareita<\/li>\n\n\n\n<li>J\u00e4\u00e4tel\u00f6annoksia ja pannukakkuja<\/li>\n\n\n\n<li>Irtokarkkeja, metrilakuja ja j\u00e4\u00e4hilejuomia<\/li>\n<\/ul>\n\n<p>Street food alueelta on helppo napata ruoka ja jatkaa kisojen seuraamista vaikkapa aurinkokatsomon puolella.<\/p>\n\n<h4 class=\"wp-block-heading\">Viikonlopun ruuat (lauantai ja sunnuntai)<\/h4>\n\n<p>Viikonloppuna on tarjolla samat ruuat kuin arkena sek\u00e4 n\u00e4it\u00e4 ruokia:<\/p>\n\n<ul class=\"wp-block-list\">\n<li>BBQ-liha-annoksia lisukkeilla<\/li>\n\n\n\n<li>Muikkuja ja lohiruokia<\/li>\n<\/ul>\n\n<p>Street food alue pit\u00e4\u00e4 varmasti n\u00e4l\u00e4n loitolla koko viikon.<\/p>\n\n<p>Haluatko tiet\u00e4\u00e4 kuka herkkujen takana on? Kisaviikon ruokakojut tarjoaa: Pitosami, Kusmiku, Cafe Fri, Namitaxi ja Riihi BBQ.<\/p>\n\n<p>Kaikki ruokapisteet ja kioskialueet sijaitsevat kisakeskuksissa silloin, kun A-lohko pelaa pelins\u00e4 kyseisell\u00e4 radalla. Ne ovat avoinna kaikille katsojille \u2013 et tarvitse lippua tai kulkulupaa nauttiaksesi tarjonnasta.<\/p>\n\n<h3 class=\"wp-block-heading\">Paikallisseuran kioskit<\/h3>\n\n<p>P\u00e4\u00e4ruokamyyjien lis\u00e4ksi molemmilla kisapaikoilla on my\u00f6s paikallisen frisbeegolfseuran py\u00f6ritt\u00e4mi\u00e4 kioskeja. N\u00e4ist\u00e4 saa pieni\u00e4 suolaisia ja makeita v\u00e4lipaloja sek\u00e4 virvokkeita. Ostoksillasi tuet suoraan paikallista frisbeegolfia.  <\/p>\n\n<p>Huomio: Tapahtuma-alueilla ei myyd\u00e4 tai tarjoilla alkoholijuomia.<\/p>\n\n<h2 class=\"wp-block-heading\">VIP-ruokailu<\/h2>\n\n<p>VIP-vieraita palvelee erillinen catering-toimija koko kisaviikon ajan (yksi annos \/ p\u00e4iv\u00e4).<\/p>\n\n<p>Ammattitaitoinen catering-kumppani huolehtii korkeatasoisista ruoka- ja juomatarjoiluista VIP-alueilla, joissa voi nauttia rauhassa ja rennossa ymp\u00e4rist\u00f6ss\u00e4 kierrosten v\u00e4lill\u00e4.<\/p>\n\n<p>Lis\u00e4tietoja p\u00e4ivitt\u00e4isist\u00e4 ruokalistoista, tarjoiluajoista ja erityisruokavalioista toimitetaan VIP-lipun haltijoille henkil\u00f6kohtaisesti l\u00e4hemp\u00e4n\u00e4 tapahtumaa.<\/p>\n\n<p>VIP-ateriat ennalta sovittuihin VIP-lippupaketteihin. P\u00e4\u00e4sy on rajoitettu vain vieraille, joilla on voimassa oleva VIP-kulkuoikeus. <\/p>\n","protected":false},"excerpt":{"rendered":"<p>MM-kisoihin ei tarvitse tuoda omia ev\u00e4it\u00e4, sill\u00e4 kumppanimme pit\u00e4v\u00e4t huolen siit\u00e4, ett\u00e4 katsojat pysyv\u00e4t kyll\u00e4isen\u00e4 kisatunnelman keskell\u00e4! Sek\u00e4 Nokian ett\u00e4 Tampereen kisakeskuksissa toimii koko kisaviikon ajan<span class=\"excerpt-hellip\"> [\u2026]<\/span><\/p>\n","protected":false},"author":2,"featured_media":1422,"parent":563,"menu_order":0,"comment_status":"closed","ping_status":"closed","template":"","meta":{"footnotes":""},"class_list":["post-1440","page","type-page","status-publish","has-post-thumbnail","hentry"],"_links":{"self":[{"href":"https:\/\/discgolfworlds.com\/fi\/wp-json\/wp\/v2\/pages\/1440","targetHints":{"allow":["GET"]}}],"collection":[{"href":"https:\/\/discgolfworlds.com\/fi\/wp-json\/wp\/v2\/pages"}],"about":[{"href":"https:\/\/discgolfworlds.com\/fi\/wp-json\/wp\/v2\/types\/page"}],"author":[{"embeddable":true,"href":"https:\/\/discgolfworlds.com\/fi\/wp-json\/wp\/v2\/users\/2"}],"replies":[{"embeddable":true,"href":"https:\/\/discgolfworlds.com\/fi\/wp-json\/wp\/v2\/comments?post=1440"}],"version-history":[{"count":2,"href":"https:\/\/discgolfworlds.com\/fi\/wp-json\/wp\/v2\/pages\/1440\/revisions"}],"predecessor-version":[{"id":1443,"href":"https:\/\/discgolfworlds.com\/fi\/wp-json\/wp\/v2\/pages\/1440\/revisions\/1443"}],"up":[{"embeddable":true,"href":"https:\/\/discgolfworlds.com\/fi\/wp-json\/wp\/v2\/pages\/563"}],"wp:featuredmedia":[{"embeddable":true,"href":"https:\/\/discgolfworlds.com\/fi\/wp-json\/wp\/v2\/media\/1422"}],"wp:attachment":[{"href":"https:\/\/discgolfworlds.com\/fi\/wp-json\/wp\/v2\/media?parent=1440"}],"curies":[{"name":"wp","href":"https:\/\/api.w.org\/{rel}","templated":true}]}}