{"id":1444,"date":"2025-06-13T14:19:38","date_gmt":"2025-06-13T11:19:38","guid":{"rendered":"https:\/\/discgolfworlds.com\/?page_id=1444"},"modified":"2025-07-26T08:55:47","modified_gmt":"2025-07-26T05:55:47","slug":"disc-golf-expo","status":"publish","type":"page","link":"https:\/\/discgolfworlds.com\/fi\/tapahtumainfo\/disc-golf-expo\/","title":{"rendered":"Disc Golf Expo"},"content":{"rendered":"\n<p>Disc Golf Expo 2025 kokoaa yhteen frisbeegolfin huippumerkit, t\u00e4hdet ja fanit frisbeegolfin MM-kisojen yhteydess\u00e4 2.\u20133. elokuuta 2025 Nokialla. Messut on auki lauantaina ja sunnuntaina klo 11:00\u201320:00.<\/p>\n\n<p>Expo j\u00e4rjestet\u00e4\u00e4n Nokian j\u00e4\u00e4hallissa, joka sijaitsee aivan kilpailualueen vieress\u00e4 \u2013 vain 10 metrin p\u00e4\u00e4ss\u00e4 ykk\u00f6sv\u00e4yl\u00e4n tiilt\u00e4. Kyseess\u00e4 on historian suurin frisbeegolfiin keskittyv\u00e4 messutapahtuma \u2013 ja se on t\u00e4ysin maksuton kaikille k\u00e4vij\u00f6ille.<\/p>\n\n<p>Expo on t\u00e4ynn\u00e4 frisbeegolfin huippumerkkej\u00e4. Messualueella on my\u00f6s tapahtuman virallinen fanituotemyynti.<\/p>\n\n<h2 class=\"wp-block-heading\">Mit\u00e4 l\u00f6yd\u00e4t Exposta?<\/h2>\n\n<p><strong>Frisbeegolfin huippumerkit<\/strong><br\/>Discraft, Latitude 64, Kastaplast, Discmania, Innova, Prodigy, OTB, Powergrip ja monet muut<\/p>\n\n<p><strong>Pelaajat paikalla<\/strong><br\/>Nimikirjoitustilaisuuksia ja mahdollisuus tavata lajin huippuja<\/p>\n\n<p><strong>Uutuustuotteiden julkaisuja<\/strong><br\/>N\u00e4e ja kokeile ensimm\u00e4isten joukossa uusia kiekkoja ja varusteita<\/p>\n\n<p><strong>Hall of Fame &amp; Historiaa<\/strong><br\/>Sukella frisbeegolfin tarinaan n\u00e4yttelyiden ja muistoesineiden kautta<\/p>\n\n<p><strong>J\u00e4ttin\u00e4ytt\u00f6 &amp; Expo Plaza<\/strong><br\/>Seuraa livel\u00e4hetyst\u00e4, pelaajahaastatteluja ja muita ohjelmanumeroita paikan p\u00e4\u00e4ll\u00e4<\/p>\n\n<h2 class=\"wp-block-heading\">Expo kartta<\/h2>\n\n<figure class=\"wp-block-image size-full\"><img loading=\"lazy\" decoding=\"async\" width=\"1462\" height=\"1030\" src=\"https:\/\/discgolfworlds.com\/wp-content\/uploads\/2025\/06\/Screenshot-2025-06-26-at-23.07.41.png\" alt=\"Worlds Expo Map 2025\" class=\"wp-image-1529\" srcset=\"https:\/\/discgolfworlds.com\/wp-content\/uploads\/2025\/06\/Screenshot-2025-06-26-at-23.07.41.png 1462w, https:\/\/discgolfworlds.com\/wp-content\/uploads\/2025\/06\/Screenshot-2025-06-26-at-23.07.41-500x352.png 500w, https:\/\/discgolfworlds.com\/wp-content\/uploads\/2025\/06\/Screenshot-2025-06-26-at-23.07.41-1200x845.png 1200w, https:\/\/discgolfworlds.com\/wp-content\/uploads\/2025\/06\/Screenshot-2025-06-26-at-23.07.41-300x211.png 300w, https:\/\/discgolfworlds.com\/wp-content\/uploads\/2025\/06\/Screenshot-2025-06-26-at-23.07.41-768x541.png 768w, https:\/\/discgolfworlds.com\/wp-content\/uploads\/2025\/06\/Screenshot-2025-06-26-at-23.07.41-106x75.png 106w, https:\/\/discgolfworlds.com\/wp-content\/uploads\/2025\/06\/Screenshot-2025-06-26-at-23.07.41-480x338.png 480w\" sizes=\"auto, (max-width:767px) 480px, (max-width:1462px) 100vw, 1462px\" \/><figcaption class=\"wp-element-caption\">MM-kisojen Expo 2025<\/figcaption><\/figure>\n\n<ol class=\"wp-block-list\">\n<li>Official Event Merhandise &#8211; virallinen kisakauppa<\/li>\n\n\n\n<li>Spinoff Games<\/li>\n\n\n\n<li>OTB Europe ja Discraft<\/li>\n\n\n\n<li>Disc Golf Pro Tour -fanikauppa<\/li>\n\n\n\n<li>Powergrip<\/li>\n\n\n\n<li>Pure Disc<\/li>\n\n\n\n<li>PDGA<\/li>\n\n\n\n<li>Yikun Discs<\/li>\n\n\n\n<li>Flying Plate Company<\/li>\n\n\n\n<li>Nokian Seurakunta<\/li>\n\n\n\n<li>Paul McBeth Foundation<\/li>\n\n\n\n<li>Fun Adventure, Flatpad<\/li>\n\n\n\n<li>Innova Champion Discs<\/li>\n\n\n\n<li>Prodigy Disc<\/li>\n\n\n\n<li>Telia<\/li>\n\n\n\n<li>Puhdistamo<\/li>\n\n\n\n<li>Vivo Barefoot, Yeti, Craghopper<\/li>\n\n\n\n<li>KiekkoKingi<\/li>\n\n\n\n<li>Suomen frisbeegolfliitto<\/li>\n\n\n\n<li>Disc Golf Hall of Fame<\/li>\n\n\n\n<li>Valokuvan\u00e4yttely by Eino Ansio<\/li>\n\n\n\n<li>Suomen frisbeehistoria -n\u00e4yttely<\/li>\n<\/ol>\n\n<h2 class=\"wp-block-heading\">Sijainti &amp; K\u00e4yt\u00e4nn\u00f6n tiedot<\/h2>\n\n<figure class=\"wp-block-table\"><table class=\"has-fixed-layout\"><thead><tr><th>Tieto<\/th><th>Info<\/th><\/tr><\/thead><tbody><tr><td>Paikka<\/td><td>Nokian j\u00e4\u00e4halli, Hinttalankatu 6, 37150 Nokia,<br\/>aivan ykk\u00f6sv\u00e4yl\u00e4n vieress\u00e4<\/td><\/tr><tr><td>Ajankohta<\/td><td>Lauantai\u2013sunnuntai, 2.\u20133. elokuuta 2025<\/td><\/tr><tr><td>Avoinna<\/td><td>11:00\u201320:00 (molemmat p\u00e4iv\u00e4t)<\/td><\/tr><tr><td>P\u00e4\u00e4sy<\/td><td>Vapaa p\u00e4\u00e4sy kaikille katsojille ja k\u00e4vij\u00f6ille<\/td><\/tr><\/tbody><\/table><\/figure>\n\n<p>Et tarvitse lippua \u2013 tule paikalle ja nauti MM-kisatunnelmasta! <\/p>\n","protected":false},"excerpt":{"rendered":"<p>Disc Golf Expo 2025 kokoaa yhteen frisbeegolfin huippumerkit, t\u00e4hdet ja fanit frisbeegolfin MM-kisojen yhteydess\u00e4 2.\u20133. elokuuta 2025 Nokialla. Messut on auki lauantaina ja sunnuntaina klo 11:00\u201320:00.<span class=\"excerpt-hellip\"> [\u2026]<\/span><\/p>\n","protected":false},"author":2,"featured_media":1406,"parent":564,"menu_order":0,"comment_status":"closed","ping_status":"closed","template":"","meta":{"footnotes":""},"class_list":["post-1444","page","type-page","status-publish","has-post-thumbnail","hentry"],"_links":{"self":[{"href":"https:\/\/discgolfworlds.com\/fi\/wp-json\/wp\/v2\/pages\/1444","targetHints":{"allow":["GET"]}}],"collection":[{"href":"https:\/\/discgolfworlds.com\/fi\/wp-json\/wp\/v2\/pages"}],"about":[{"href":"https:\/\/discgolfworlds.com\/fi\/wp-json\/wp\/v2\/types\/page"}],"author":[{"embeddable":true,"href":"https:\/\/discgolfworlds.com\/fi\/wp-json\/wp\/v2\/users\/2"}],"replies":[{"embeddable":true,"href":"https:\/\/discgolfworlds.com\/fi\/wp-json\/wp\/v2\/comments?post=1444"}],"version-history":[{"count":5,"href":"https:\/\/discgolfworlds.com\/fi\/wp-json\/wp\/v2\/pages\/1444\/revisions"}],"predecessor-version":[{"id":1807,"href":"https:\/\/discgolfworlds.com\/fi\/wp-json\/wp\/v2\/pages\/1444\/revisions\/1807"}],"up":[{"embeddable":true,"href":"https:\/\/discgolfworlds.com\/fi\/wp-json\/wp\/v2\/pages\/564"}],"wp:featuredmedia":[{"embeddable":true,"href":"https:\/\/discgolfworlds.com\/fi\/wp-json\/wp\/v2\/media\/1406"}],"wp:attachment":[{"href":"https:\/\/discgolfworlds.com\/fi\/wp-json\/wp\/v2\/media?parent=1444"}],"curies":[{"name":"wp","href":"https:\/\/api.w.org\/{rel}","templated":true}]}}