{"id":1448,"date":"2025-06-13T14:19:29","date_gmt":"2025-06-13T11:19:29","guid":{"rendered":"https:\/\/discgolfworlds.com\/?page_id=1448"},"modified":"2025-07-14T14:17:03","modified_gmt":"2025-07-14T11:17:03","slug":"kenttalajikilpailut","status":"publish","type":"page","link":"https:\/\/discgolfworlds.com\/fi\/tapahtumainfo\/kenttalajikilpailut\/","title":{"rendered":"Kentt\u00e4lajikilpailut"},"content":{"rendered":"\n<p>Ennen varsinaisten mestaruuskierrosten alkua MM-viikko k\u00e4ynnistyy kolmella oheiskilpailulla: sekaparifrisbeegolf, pituusheitto ja puttaus. Jokaisessa kilpailussa palkitaan omat voittajansa, ja mitalistit palkitaan kisojen avajaisissa tiistaina 29. hein\u00e4kuuta Tampereen keskustassa. <\/p>\n\n<h2 class=\"wp-block-heading\">Sekaparifrisbeegolfin MM-kisa \u2014Lauantai 26.7.<\/h2>\n\n<p><strong>Sijainti: Nokia Beast <\/strong>(Hinttalankatu 6, Tampere)<br\/>Huippupelaajat kilpailevat sekapareina tutulla Beastin-radalla Nokialla. Sekaparikisat on erinomainen tapa aloittaa MM-kisahuuma. Mukana n\u00e4hd\u00e4\u00e4n monia huippunimi\u00e4. Yksi kiinnostavimmista pareista on<strong> Niklas Anttila ja Eveliina Salonen<\/strong>, jotka kantavat kotiyleis\u00f6n paineet.  <\/p>\n\n<p>Ilmoittautuneet pelaajat on n\u00e4ht\u00e4vill\u00e4 <a href=\"https:\/\/www.pdga.com\/tour\/event\/92034\" target=\"_blank\" data-type=\"link\" data-id=\"https:\/\/www.pdga.com\/tour\/event\/92034\" rel=\"noreferrer noopener\">virallisella kisasivulla<\/a>.<\/p>\n\n<h2 class=\"wp-block-heading\">Pituusheiton maailmanmestaruus presented by DiscKing \u2014 Sunnuntai 27.7.2025<\/h2>\n\n<p><strong>Sijainti: Tammer-Golfin Range<\/strong> (Tenniskatu 25, Tampere)<br\/>Pituusheittokilpailussa mitataan yksinkertaisuudessaan, ett\u00e4 kuka heitt\u00e4\u00e4 pisimm\u00e4lle avoimella Tammer Golfin rangella. <\/p>\n\n<p>MPO-luokassa yksi mielenkiintoisimmista taisteluista n\u00e4hd\u00e4\u00e4n <strong>Anthony Barelan<\/strong> ja <strong>Rasmus Saukkoriipin<\/strong> v\u00e4lill\u00e4. Barela \u2013 tuttavallisemmin \u201cAB\u201d \u2013 tunnetaan ammattilaiskiertueen kiertueen pisimm\u00e4lle heitt\u00e4v\u00e4n\u00e4 pelaajana. Suomessa moni kuitenkin uskoo, ett\u00e4 Saukkoriipi on kotimaan kovin heitt\u00e4j\u00e4, ja ett\u00e4 h\u00e4nell\u00e4 on hyv\u00e4t mahdollisuudet haastaa Barela.  <\/p>\n\n<p><strong>Huom!<\/strong> Pituusheittokisa <strong>ei ole yleis\u00f6tapahtuma<\/strong>.<\/p>\n\n<p>Ilmoittautuneet pelaajat on n\u00e4ht\u00e4vill\u00e4 <a href=\"https:\/\/www.pdga.com\/tour\/event\/94192\" data-type=\"link\" data-id=\"https:\/\/www.pdga.com\/tour\/event\/94192\" target=\"_blank\" rel=\"noreferrer noopener\">virallisella kisasivulla<\/a>.<\/p>\n\n<h2 class=\"wp-block-heading\">Puttikisa \u2014 Tiistai 29.7.<\/h2>\n\n<p><strong>Sijainti: Keskustori, Tampere<\/strong> (Keskustori 1, Tampere)<br\/>Frisbeegolf valtaa tiistaina 29.7. Tampereen keskustorin, kun puttikilpailut j\u00e4rjestet\u00e4\u00e4n Keskustorille rakennettavalla fanialueella ja sen l\u00e4hist\u00f6ss\u00e4. Puttikisan alkueri\u00e4 kilpaillaan pitkin p\u00e4iv\u00e4\u00e4 ja finaali kilpaillaan juuri ennen kisojen avajaisia keskustorilla.  <\/p>\n\n<p>Puttikisassa on yhteens\u00e4 9 koria ja jokaisessa korissa on kolme heittopaikkaa. N\u00e4in ollen puttikisassa on kaikkinensa 27 puttia osallistujaa kohden. Korit 1 ja 9 sijaitseva fanialueella. Korit 2-8 sijaitsevat Keskutorin l\u00e4hialueella.  <\/p>\n\n<p>Ilmoittautuneet pelaajat on n\u00e4ht\u00e4vill\u00e4 <a href=\"https:\/\/www.pdga.com\/tour\/event\/94191\" target=\"_blank\" data-type=\"link\" data-id=\"https:\/\/www.pdga.com\/tour\/event\/94191\" rel=\"noreferrer noopener\">virallisella kisasivulla<\/a>.<\/p>\n\n<h3 class=\"wp-block-heading\">Puttikisan aikataulu<\/h3>\n\n<figure class=\"wp-block-table schedule-table\"><table class=\"has-fixed-layout\"><thead><tr><th>Tapahtuma<\/th><th>Aika<\/th><\/tr><\/thead><tbody><tr><td>Puttikisan alkuer\u00e4t (naisten luokka)<\/td><td>10.00-10.50<\/td><\/tr><tr><td>Puttikisan alkuer\u00e4t (avoin luokka)<\/td><td>11.00-14.00<\/td><\/tr><tr><td>Puttikisan finaalit, naisten luokka (Top 4 + tasatulokset)<\/td><td>16.00<\/td><\/tr><tr><td>Puttikisan finaalit, avoin luokka (Top 4 + tasatulokset)<\/td><td>17.15<\/td><\/tr><\/tbody><\/table><\/figure>\n","protected":false},"excerpt":{"rendered":"<p>Ennen varsinaisten mestaruuskierrosten alkua MM-viikko k\u00e4ynnistyy kolmella oheiskilpailulla: sekaparifrisbeegolf, pituusheitto ja puttaus. Jokaisessa kilpailussa palkitaan omat voittajansa, ja mitalistit palkitaan kisojen avajaisissa tiistaina 29. hein\u00e4kuuta Tampereen<span class=\"excerpt-hellip\"> [\u2026]<\/span><\/p>\n","protected":false},"author":2,"featured_media":1410,"parent":564,"menu_order":0,"comment_status":"closed","ping_status":"closed","template":"","meta":{"footnotes":""},"class_list":["post-1448","page","type-page","status-publish","has-post-thumbnail","hentry"],"_links":{"self":[{"href":"https:\/\/discgolfworlds.com\/fi\/wp-json\/wp\/v2\/pages\/1448","targetHints":{"allow":["GET"]}}],"collection":[{"href":"https:\/\/discgolfworlds.com\/fi\/wp-json\/wp\/v2\/pages"}],"about":[{"href":"https:\/\/discgolfworlds.com\/fi\/wp-json\/wp\/v2\/types\/page"}],"author":[{"embeddable":true,"href":"https:\/\/discgolfworlds.com\/fi\/wp-json\/wp\/v2\/users\/2"}],"replies":[{"embeddable":true,"href":"https:\/\/discgolfworlds.com\/fi\/wp-json\/wp\/v2\/comments?post=1448"}],"version-history":[{"count":5,"href":"https:\/\/discgolfworlds.com\/fi\/wp-json\/wp\/v2\/pages\/1448\/revisions"}],"predecessor-version":[{"id":1679,"href":"https:\/\/discgolfworlds.com\/fi\/wp-json\/wp\/v2\/pages\/1448\/revisions\/1679"}],"up":[{"embeddable":true,"href":"https:\/\/discgolfworlds.com\/fi\/wp-json\/wp\/v2\/pages\/564"}],"wp:featuredmedia":[{"embeddable":true,"href":"https:\/\/discgolfworlds.com\/fi\/wp-json\/wp\/v2\/media\/1410"}],"wp:attachment":[{"href":"https:\/\/discgolfworlds.com\/fi\/wp-json\/wp\/v2\/media?parent=1448"}],"curies":[{"name":"wp","href":"https:\/\/api.w.org\/{rel}","templated":true}]}}