{"id":1451,"date":"2025-06-13T14:19:24","date_gmt":"2025-06-13T11:19:24","guid":{"rendered":"https:\/\/discgolfworlds.com\/?page_id=1451"},"modified":"2025-07-11T11:02:04","modified_gmt":"2025-07-11T08:02:04","slug":"pelaajat","status":"publish","type":"page","link":"https:\/\/discgolfworlds.com\/fi\/tapahtumainfo\/pelaajat\/","title":{"rendered":"Pelaajat"},"content":{"rendered":"\n<p>Vuoden 2025 frisbeegolfin MM-kilpailut kokoavat yhteen maailman parhaat pelaajat \u2013 kaikki taistelemassa lajin arvostetuimmasta tittelist\u00e4.<\/p>\n\n<p>Mukana on enn\u00e4tykselliset <strong>288 pelaajaa<\/strong> <strong>47 eri maasta<\/strong>, mik\u00e4 tekee t\u00e4m\u00e4n vuoden kisoista historian kansainv\u00e4lisimm\u00e4t MM-kilpailut, mik\u00e4 on todellinen osoitus lajin globaalista kasvusta.<\/p>\n\n<h2 class=\"wp-block-heading\">Lohkot<\/h2>\n\n<p>MM-kisojen 288 pelaajaa jaetaan nelj\u00e4\u00e4n eri lohkoon:<\/p>\n\n<ul class=\"wp-block-list\">\n<li>Lohko A: 100 parasta pelaajaa avoimessa luokassa (miehet)<\/li>\n\n\n\n<li>Lohko B: 100 heikompaa pelaajaa avoimessa luokassa (miehet) <\/li>\n\n\n\n<li>Lohko C: 44 parasta pelaajaa naisten luokassa<\/li>\n\n\n\n<li>Lohko D: 44 heikointa pelaajaa naisten luokassa<\/li>\n<\/ul>\n\n<p>Lohkoissa A ja C pelaavat ennakkoon parhaat pelaajat avoimesta ja naisten luokasta 1. ja 2. kierroksen ajan. Kierroksille 3 ja 4 A ja C lohkoissa pelaavat tuloslistalla paras puolikas pelaajia. Finaalikierroksen pelaa vain paras puolikas avoimessa ja naisten luokassa.  <\/p>\n\n<h2 class=\"wp-block-heading\">Ketk\u00e4 ovat mukana?<br\/><br\/><\/h2>\n\n<p>Kansainv\u00e4lisesti tarkasteltuna kyseess\u00e4 on yksi frisbeegolfin historian kovatasoisimmista kilpailuista. Mutta <strong>suomalaisesta n\u00e4k\u00f6kulmasta<\/strong> vuoden 2025 MM-kilpailuilla on viel\u00e4 erityinen merkitys: <\/p>\n\n<ul class=\"wp-block-list\">\n<li><strong>Eveliina Salonen<\/strong> kilpailee kotikisoissa hallitsevana maailmanmestarina.<\/li>\n\n\n\n<li><strong>Niklas Anttila<\/strong> oli viime vuonna <strong>MM-hopealla<\/strong> ja tavoittelee historiallista MM-kultaa kotiyleis\u00f6n edess\u00e4.<\/li>\n<\/ul>\n\n<p>Ajantasaisen listan kaikista osallistujista l\u00f6yd\u00e4t <a href=\"https:\/\/www.pdga.com\/tour\/event\/90947\" data-type=\"link\" data-id=\"https:\/\/www.pdga.com\/tour\/event\/90947\" target=\"_blank\" rel=\"noopener\">PDGA:n viralliselta tapahtumasivulta<\/a>.<\/p>\n","protected":false},"excerpt":{"rendered":"<p>Vuoden 2025 frisbeegolfin MM-kilpailut kokoavat yhteen maailman parhaat pelaajat \u2013 kaikki taistelemassa lajin arvostetuimmasta tittelist\u00e4. Mukana on enn\u00e4tykselliset 288 pelaajaa 47 eri maasta, mik\u00e4 tekee t\u00e4m\u00e4n<span class=\"excerpt-hellip\"> [\u2026]<\/span><\/p>\n","protected":false},"author":2,"featured_media":1417,"parent":564,"menu_order":0,"comment_status":"closed","ping_status":"closed","template":"","meta":{"footnotes":""},"class_list":["post-1451","page","type-page","status-publish","has-post-thumbnail","hentry"],"_links":{"self":[{"href":"https:\/\/discgolfworlds.com\/fi\/wp-json\/wp\/v2\/pages\/1451","targetHints":{"allow":["GET"]}}],"collection":[{"href":"https:\/\/discgolfworlds.com\/fi\/wp-json\/wp\/v2\/pages"}],"about":[{"href":"https:\/\/discgolfworlds.com\/fi\/wp-json\/wp\/v2\/types\/page"}],"author":[{"embeddable":true,"href":"https:\/\/discgolfworlds.com\/fi\/wp-json\/wp\/v2\/users\/2"}],"replies":[{"embeddable":true,"href":"https:\/\/discgolfworlds.com\/fi\/wp-json\/wp\/v2\/comments?post=1451"}],"version-history":[{"count":2,"href":"https:\/\/discgolfworlds.com\/fi\/wp-json\/wp\/v2\/pages\/1451\/revisions"}],"predecessor-version":[{"id":1634,"href":"https:\/\/discgolfworlds.com\/fi\/wp-json\/wp\/v2\/pages\/1451\/revisions\/1634"}],"up":[{"embeddable":true,"href":"https:\/\/discgolfworlds.com\/fi\/wp-json\/wp\/v2\/pages\/564"}],"wp:featuredmedia":[{"embeddable":true,"href":"https:\/\/discgolfworlds.com\/fi\/wp-json\/wp\/v2\/media\/1417"}],"wp:attachment":[{"href":"https:\/\/discgolfworlds.com\/fi\/wp-json\/wp\/v2\/media?parent=1451"}],"curies":[{"name":"wp","href":"https:\/\/api.w.org\/{rel}","templated":true}]}}