{"id":1461,"date":"2025-06-13T14:25:03","date_gmt":"2025-06-13T11:25:03","guid":{"rendered":"https:\/\/discgolfworlds.com\/vieraile\/nokian-ilmaiset-katselualueet\/"},"modified":"2025-07-22T07:40:01","modified_gmt":"2025-07-22T04:40:01","slug":"nokian-ilmaiset-katselualueet","status":"publish","type":"page","link":"https:\/\/discgolfworlds.com\/fi\/vieraile\/nokian-ilmaiset-katselualueet\/","title":{"rendered":"Nokian ilmaiset katselualueet"},"content":{"rendered":"\n<p>Vuoden 2025 frisbeegolfin MM-kilpailuissa on ilmaisia katselualueita Nokian radalla, joihin kaikki ovat tervetulleita ilman lippua.<\/p>\n\n<h2 class=\"wp-block-heading\">Miss\u00e4 voi seurata ilmaiseksi?<\/h2>\n\n<p>Nokian radalla on useita erikseen merkittyj\u00e4 ilmaisia katsoja-alueita (merkitty karttaan ruskealla), joista voi seurata maailman huipputason frisbeegolfia. N\u00e4ihin ei tarvita lippua tai ennakkorekister\u00f6itymist\u00e4. Alueet tarjoavat erinomaiset n\u00e4kym\u00e4t MM-kisojen tapahtumiin \u2013 ilman p\u00e4\u00e4sylippua. <\/p>\n\n<p>N\u00e4et kaikki ilmaiset katselualueet alla olevasta kartasta.<\/p>\n\n<figure class=\"wp-block-image size-large\"><img loading=\"lazy\" decoding=\"async\" width=\"1200\" height=\"872\" src=\"https:\/\/discgolfworlds.com\/wp-content\/uploads\/2025\/07\/MM2025_The_Beast_Nokia_Area_Map_FINAL-1200x872.jpg\" alt=\"Nokian Beastin aluekartta, 2025.\" class=\"wp-image-1575\" srcset=\"https:\/\/discgolfworlds.com\/wp-content\/uploads\/2025\/07\/MM2025_The_Beast_Nokia_Area_Map_FINAL-1200x872.jpg 1200w, https:\/\/discgolfworlds.com\/wp-content\/uploads\/2025\/07\/MM2025_The_Beast_Nokia_Area_Map_FINAL-500x364.jpg 500w, https:\/\/discgolfworlds.com\/wp-content\/uploads\/2025\/07\/MM2025_The_Beast_Nokia_Area_Map_FINAL-300x218.jpg 300w, https:\/\/discgolfworlds.com\/wp-content\/uploads\/2025\/07\/MM2025_The_Beast_Nokia_Area_Map_FINAL-768x558.jpg 768w, https:\/\/discgolfworlds.com\/wp-content\/uploads\/2025\/07\/MM2025_The_Beast_Nokia_Area_Map_FINAL-1536x1117.jpg 1536w, https:\/\/discgolfworlds.com\/wp-content\/uploads\/2025\/07\/MM2025_The_Beast_Nokia_Area_Map_FINAL-2048x1489.jpg 2048w, https:\/\/discgolfworlds.com\/wp-content\/uploads\/2025\/07\/MM2025_The_Beast_Nokia_Area_Map_FINAL-103x75.jpg 103w, https:\/\/discgolfworlds.com\/wp-content\/uploads\/2025\/07\/MM2025_The_Beast_Nokia_Area_Map_FINAL-480x349.jpg 480w\" sizes=\"auto, (max-width:767px) 480px, (max-width:1200px) 100vw, 1200px\" \/><figcaption class=\"wp-element-caption\">Aluekartta Nokian radalla, Frisbeegolfin MM-kisat 2025. Ilmaiset yleis\u00f6alueet on merkitty karttaan ruskealla v\u00e4rill\u00e4.<\/figcaption><\/figure>\n\n<h4 class=\"wp-block-heading\">Ilmainen p\u00e4\u00e4sy B-lohkon kierroksiin<\/h4>\n\n<p>Varsinaisen A-lohkon lis\u00e4ksi ensimm\u00e4isten nelj\u00e4n kisap\u00e4iv\u00e4n aikana B-lohkon kierroksia voi seurata ilmaiseksi sek\u00e4 Nokian ett\u00e4 Tampereen radoilla. N\u00e4m\u00e4 kierrokset tarjoavat hienon mahdollisuuden n\u00e4hd\u00e4 nousevia kansainv\u00e4lisi\u00e4 kykyj\u00e4 sek\u00e4 vahvoja kotimaisia pelaajia \u2013 ilman p\u00e4\u00e4sylippua. <\/p>\n\n<h4 class=\"wp-block-heading\">Muuta tietoa<\/h4>\n\n<ul class=\"wp-block-list\">\n<li><strong>Ilmainen katseluoikeus koskee vain Nokian kisarataa.<\/strong><br\/>Tampereen radalle vaaditaan p\u00e4\u00e4sylippu A-lohkon kierroksille.<\/li>\n\n\n\n<li><strong>Nokian radalla ei ole yleis\u00f6pys\u00e4k\u00f6inti\u00e4.<\/strong><br\/>Suosittelemme saapumaan Nokialle <strong>bussilla, junalla, py\u00f6r\u00e4ll\u00e4 tai k\u00e4vellen<\/strong>.<br\/>Kaikki pys\u00e4k\u00f6intitilat on varattu VIP-lipun haltijoille, pelaajille, henkil\u00f6kunnalle ja muille sidosryhmille.  <\/li>\n\n\n\n<li>Huom: V\u00e4yl\u00e4t 4\u20138 ja 12\u201313 ovat varattu vain VIP-lippujen haltijoille.<\/li>\n<\/ul>\n\n<blockquote class=\"wp-block-quote is-layout-flow wp-block-quote-is-layout-flow\">\n<p>Ilmaisalueet eiv\u00e4t sis\u00e4ll\u00e4 p\u00e4\u00e4sy\u00e4 VIP-alueille, varatuille katselupaikoille tai koko radalle.<br\/>Jos haluat VIP-kokemuksen tapahtumaan, lue lis\u00e4\u00e4 VIP-lipuista: <a href=\"https:\/\/discgolfworlds.com\/fi\/vieraile\/liput\/\" data-type=\"page\" data-id=\"855\">Liput<\/a>. <\/p>\n<\/blockquote>\n","protected":false},"excerpt":{"rendered":"<p>Vuoden 2025 frisbeegolfin MM-kilpailuissa on ilmaisia katselualueita Nokian radalla, joihin kaikki ovat tervetulleita ilman lippua. Miss\u00e4 voi seurata ilmaiseksi? Nokian radalla on useita erikseen merkittyj\u00e4 ilmaisia<span class=\"excerpt-hellip\"> [\u2026]<\/span><\/p>\n","protected":false},"author":2,"featured_media":1426,"parent":563,"menu_order":0,"comment_status":"closed","ping_status":"closed","template":"","meta":{"footnotes":""},"class_list":["post-1461","page","type-page","status-publish","has-post-thumbnail","hentry"],"_links":{"self":[{"href":"https:\/\/discgolfworlds.com\/fi\/wp-json\/wp\/v2\/pages\/1461","targetHints":{"allow":["GET"]}}],"collection":[{"href":"https:\/\/discgolfworlds.com\/fi\/wp-json\/wp\/v2\/pages"}],"about":[{"href":"https:\/\/discgolfworlds.com\/fi\/wp-json\/wp\/v2\/types\/page"}],"author":[{"embeddable":true,"href":"https:\/\/discgolfworlds.com\/fi\/wp-json\/wp\/v2\/users\/2"}],"replies":[{"embeddable":true,"href":"https:\/\/discgolfworlds.com\/fi\/wp-json\/wp\/v2\/comments?post=1461"}],"version-history":[{"count":6,"href":"https:\/\/discgolfworlds.com\/fi\/wp-json\/wp\/v2\/pages\/1461\/revisions"}],"predecessor-version":[{"id":1745,"href":"https:\/\/discgolfworlds.com\/fi\/wp-json\/wp\/v2\/pages\/1461\/revisions\/1745"}],"up":[{"embeddable":true,"href":"https:\/\/discgolfworlds.com\/fi\/wp-json\/wp\/v2\/pages\/563"}],"wp:featuredmedia":[{"embeddable":true,"href":"https:\/\/discgolfworlds.com\/fi\/wp-json\/wp\/v2\/media\/1426"}],"wp:attachment":[{"href":"https:\/\/discgolfworlds.com\/fi\/wp-json\/wp\/v2\/media?parent=1461"}],"curies":[{"name":"wp","href":"https:\/\/api.w.org\/{rel}","templated":true}]}}