{"id":1677,"date":"2025-07-19T10:48:51","date_gmt":"2025-07-19T07:48:51","guid":{"rendered":"https:\/\/discgolfworlds.com\/?page_id=1677"},"modified":"2025-07-19T10:48:53","modified_gmt":"2025-07-19T07:48:53","slug":"tampereen-fanialue","status":"publish","type":"page","link":"https:\/\/discgolfworlds.com\/fi\/vieraile\/tampereen-fanialue\/","title":{"rendered":"Tampereen fanialue"},"content":{"rendered":"\n<p>Frisbeegolfin MM-kisojen virallinen fanialue sijaitsee <a href=\"https:\/\/maps.app.goo.gl\/MeuHkwRXc1iLa8VX9\" data-type=\"link\" data-id=\"https:\/\/g.co\/kgs\/hTj1eD9\" target=\"_blank\" rel=\"noopener\">Tampereen Keskustorilla<\/a>. Keskustorilla voit:<\/p>\n\n<ul class=\"wp-block-list\">\n<li>Seurata frisbeegolfin MM-kisoja suorana kansainv\u00e4lisen Disc Golf Network-striimin v\u00e4lityksell\u00e4<\/li>\n\n\n\n<li>Osallistua frisbeegolfaiheisiin aktiviteetteihin ja kisoihin<\/li>\n\n\n\n<li>Nauttia herkullisesta ruuasta ja virvokkeista. Katso ruoka- ja juomatoimijat <a href=\"https:\/\/keskustorinkesa.tampere.fi\/en\/food-and-drinks\/\" data-type=\"link\" data-id=\"https:\/\/keskustorinkesa.tampere.fi\/en\/food-and-drinks\/\" target=\"_blank\" rel=\"noopener\">t\u00e4\u00e4lt\u00e4<\/a>. <\/li>\n<\/ul>\n\n<p>Fanialueelle on ilmainen sis\u00e4\u00e4np\u00e4\u00e4sy koko kisojen ajan.<\/p>\n\n<p>Keskustorin kes\u00e4 on viihtyis\u00e4 7 ravintolan yhteisterassi, joka sijaitsee Tampereen Keskustorilla, Tampereen Teatterin ja Raatihuoneen v\u00e4liss\u00e4. Keskustorin kes\u00e4n -alueella voit nauttia monipuolisista aktiviteetteista, erilaisista ohjelmista, virkist\u00e4vist\u00e4 juomista ja herkullisista ruoista sek\u00e4 tietysti tamperelaisesta tunnelmasta.<br\/>Alue aukeaa joka p\u00e4iv\u00e4 klo 11.00.    <\/p>\n\n<p>Lue lis\u00e4\u00e4 Tampereen kes\u00e4torista <a href=\"https:\/\/keskustorinkesa.tampere.fi\/\" data-type=\"link\" data-id=\"https:\/\/keskustorinkesa.tampere.fi\/en\/frontpage\/\" target=\"_blank\" rel=\"noopener\">t\u00e4\u00e4lt\u00e4<\/a>.<\/p>\n\n<h2 class=\"wp-block-heading\">Ohjelma<\/h2>\n\n<figure class=\"wp-block-table schedule-table\"><table><thead><tr><th>P\u00e4iv\u00e4m\u00e4\u00e4r\u00e4<\/th><th>Auki<\/th><th>Fani-alue (Keskustori 1, Tampere)<\/th><\/tr><\/thead><tbody><tr><td><a href=\"https:\/\/discgolfworlds.com\/fi\/ohjelma\/#tue-29\" data-type=\"link\" data-id=\"https:\/\/discgolfworlds.com\/program\/#tue-29\">Ti 29.7.<\/a><\/td><td>11.00-22.00<\/td><td>Aktiviteetit, <strong><a href=\"https:\/\/discgolfworlds.com\/fi\/tapahtumainfo\/kenttalajikilpailut\/\" data-type=\"page\" data-id=\"1407\">Puttikisa<\/a><\/strong>, Avajaiset*<\/td><\/tr><tr><td><a href=\"https:\/\/discgolfworlds.com\/fi\/ohjelma\/#wed-30\">Ke 30.7.<\/a><\/td><td>11.00-22.00<\/td><td>Aktiviteetit ja livel\u00e4hetys (DGN)<\/td><\/tr><tr><td><a href=\"https:\/\/discgolfworlds.com\/fi\/ohjelma\/#thu-31\">To 31.7.<\/a><\/td><td>11.00-22.00<\/td><td>Aktiviteetit ja livel\u00e4hetys (DGN)<\/td><\/tr><tr><td><a href=\"https:\/\/discgolfworlds.com\/fi\/ohjelma\/#fri-1\">Pe 1.8.<\/a><\/td><td>11.00-24.00<\/td><td>Aktiviteetit ja livel\u00e4hetys (DGN)<\/td><\/tr><tr><td><a href=\"https:\/\/discgolfworlds.com\/fi\/ohjelma\/#sat-2\">La 2.8.<\/a><\/td><td>11.00-24.00<\/td><td>Aktiviteetit ja livel\u00e4hetys (DGN)<\/td><\/tr><tr><td><a href=\"https:\/\/discgolfworlds.com\/fi\/ohjelma\/#sun-3\">Su 3.8.<\/a><\/td><td>11.00-22.00<\/td><td>Aktiviteetit ja livel\u00e4hetys (DGN)<\/td><\/tr><\/tbody><\/table><figcaption class=\"wp-element-caption\"><em>*Avajaiset ovat vain pelaajille, medialle ja staffille.<\/em><\/figcaption><\/figure>\n\n<p>P\u00e4iv\u00e4kohtainen aikataulu aukeaa klikkaamalla p\u00e4iv\u00e4m\u00e4\u00e4riss\u00e4 olevia linkkej\u00e4.<\/p>\n","protected":false},"excerpt":{"rendered":"<p>Frisbeegolfin MM-kisojen virallinen fanialue sijaitsee Tampereen Keskustorilla. Keskustorilla voit: Fanialueelle on ilmainen sis\u00e4\u00e4np\u00e4\u00e4sy koko kisojen ajan. Keskustorin kes\u00e4 on viihtyis\u00e4 7 ravintolan yhteisterassi, joka sijaitsee Tampereen<span class=\"excerpt-hellip\"> [\u2026]<\/span><\/p>\n","protected":false},"author":2,"featured_media":1674,"parent":563,"menu_order":0,"comment_status":"closed","ping_status":"closed","template":"","meta":{"footnotes":""},"class_list":["post-1677","page","type-page","status-publish","has-post-thumbnail","hentry"],"_links":{"self":[{"href":"https:\/\/discgolfworlds.com\/fi\/wp-json\/wp\/v2\/pages\/1677","targetHints":{"allow":["GET"]}}],"collection":[{"href":"https:\/\/discgolfworlds.com\/fi\/wp-json\/wp\/v2\/pages"}],"about":[{"href":"https:\/\/discgolfworlds.com\/fi\/wp-json\/wp\/v2\/types\/page"}],"author":[{"embeddable":true,"href":"https:\/\/discgolfworlds.com\/fi\/wp-json\/wp\/v2\/users\/2"}],"replies":[{"embeddable":true,"href":"https:\/\/discgolfworlds.com\/fi\/wp-json\/wp\/v2\/comments?post=1677"}],"version-history":[{"count":1,"href":"https:\/\/discgolfworlds.com\/fi\/wp-json\/wp\/v2\/pages\/1677\/revisions"}],"predecessor-version":[{"id":1678,"href":"https:\/\/discgolfworlds.com\/fi\/wp-json\/wp\/v2\/pages\/1677\/revisions\/1678"}],"up":[{"embeddable":true,"href":"https:\/\/discgolfworlds.com\/fi\/wp-json\/wp\/v2\/pages\/563"}],"wp:featuredmedia":[{"embeddable":true,"href":"https:\/\/discgolfworlds.com\/fi\/wp-json\/wp\/v2\/media\/1674"}],"wp:attachment":[{"href":"https:\/\/discgolfworlds.com\/fi\/wp-json\/wp\/v2\/media?parent=1677"}],"curies":[{"name":"wp","href":"https:\/\/api.w.org\/{rel}","templated":true}]}}