{"id":1763,"date":"2025-07-24T16:05:07","date_gmt":"2025-07-24T13:05:07","guid":{"rendered":"https:\/\/discgolfworlds.com\/tapahtumainfo\/katso-livena\/"},"modified":"2025-07-29T13:27:26","modified_gmt":"2025-07-29T10:27:26","slug":"katso-livena","status":"publish","type":"page","link":"https:\/\/discgolfworlds.com\/fi\/tapahtumainfo\/katso-livena\/","title":{"rendered":"Katso liven\u00e4"},"content":{"rendered":"\n<p><\/p>\n\n<h2 class=\"wp-block-heading\">Kuinka katsoa frisbeegolfin MM-kisoja liven\u00e4<\/h2>\n\n<p>Olitpa Suomessa tai ulkomailla, t\u00e4ss\u00e4 ohjeet kisojen seuraamiseen suorana l\u00e4hetyksen\u00e4:<\/p>\n\n<h4 class=\"wp-block-heading\">Katsojat Suomessa<\/h4>\n\n<p>Kaikki kilpailukierrokset n\u00e4ytet\u00e4\u00e4n suorana <strong>Yle Areenassa<\/strong> <strong>suomenkielisell\u00e4 selostuksella<\/strong>. <\/p>\n\n<p><a class=\"\" href=\"https:\/\/areena.yle.fi\/1-67447533\" target=\"_blank\" rel=\"noopener\">Katso Yle Areena<\/a><\/p>\n\n<h4 class=\"wp-block-heading\">Katsojat ulkomailla<\/h4>\n\n<p><strong>Disc Golf Network<\/strong> n\u00e4ytt\u00e4\u00e4 kaikki kierrokset suorana <strong>englanninkielisell\u00e4 selostuksella<\/strong>. Katsominen vaatii tilauksen. <\/p>\n\n<p><a class=\"\" href=\"https:\/\/www.discgolfnetwork.com\/show\/pdga-pro-world-championships\" target=\"_blank\" rel=\"noopener\">Katso Disc Golf Network<\/a><\/p>\n\n<h4 class=\"wp-block-heading\">Pelaajahaastattelut<\/h4>\n\n<p>Pulsea striimaa kilpailup\u00e4ivin\u00e4 pelaajahaastatteluja molemmilta kentilt\u00e4.<\/p>\n\n<p><a href=\"https:\/\/www.youtube.com\/@pulsea_dga\/streams\" data-type=\"link\" data-id=\"https:\/\/www.youtube.com\/@pulsea_dga\/streams\" target=\"_blank\" rel=\"noopener\">Livestreamit haastattelualueilta<\/a><\/p>\n\n<p><\/p>\n\n<p><br\/><\/p>\n\n<p><\/p>\n","protected":false},"excerpt":{"rendered":"<p>Kuinka katsoa frisbeegolfin MM-kisoja liven\u00e4 Olitpa Suomessa tai ulkomailla, t\u00e4ss\u00e4 ohjeet kisojen seuraamiseen suorana l\u00e4hetyksen\u00e4: Katsojat Suomessa Kaikki kilpailukierrokset n\u00e4ytet\u00e4\u00e4n suorana Yle Areenassa suomenkielisell\u00e4 selostuksella. Katso<span class=\"excerpt-hellip\"> [\u2026]<\/span><\/p>\n","protected":false},"author":1,"featured_media":695,"parent":564,"menu_order":0,"comment_status":"closed","ping_status":"closed","template":"","meta":{"footnotes":""},"class_list":["post-1763","page","type-page","status-publish","has-post-thumbnail","hentry"],"_links":{"self":[{"href":"https:\/\/discgolfworlds.com\/fi\/wp-json\/wp\/v2\/pages\/1763","targetHints":{"allow":["GET"]}}],"collection":[{"href":"https:\/\/discgolfworlds.com\/fi\/wp-json\/wp\/v2\/pages"}],"about":[{"href":"https:\/\/discgolfworlds.com\/fi\/wp-json\/wp\/v2\/types\/page"}],"author":[{"embeddable":true,"href":"https:\/\/discgolfworlds.com\/fi\/wp-json\/wp\/v2\/users\/1"}],"replies":[{"embeddable":true,"href":"https:\/\/discgolfworlds.com\/fi\/wp-json\/wp\/v2\/comments?post=1763"}],"version-history":[{"count":5,"href":"https:\/\/discgolfworlds.com\/fi\/wp-json\/wp\/v2\/pages\/1763\/revisions"}],"predecessor-version":[{"id":1841,"href":"https:\/\/discgolfworlds.com\/fi\/wp-json\/wp\/v2\/pages\/1763\/revisions\/1841"}],"up":[{"embeddable":true,"href":"https:\/\/discgolfworlds.com\/fi\/wp-json\/wp\/v2\/pages\/564"}],"wp:featuredmedia":[{"embeddable":true,"href":"https:\/\/discgolfworlds.com\/fi\/wp-json\/wp\/v2\/media\/695"}],"wp:attachment":[{"href":"https:\/\/discgolfworlds.com\/fi\/wp-json\/wp\/v2\/media?parent=1763"}],"curies":[{"name":"wp","href":"https:\/\/api.w.org\/{rel}","templated":true}]}}