{"id":1775,"date":"2025-07-24T20:03:40","date_gmt":"2025-07-24T17:03:40","guid":{"rendered":"https:\/\/discgolfworlds.com\/tapahtumainfo\/tulokset\/"},"modified":"2025-08-05T11:31:44","modified_gmt":"2025-08-05T08:31:44","slug":"tulokset","status":"publish","type":"page","link":"https:\/\/discgolfworlds.com\/fi\/tapahtumainfo\/tulokset\/","title":{"rendered":"Tulokset"},"content":{"rendered":"\n<h3 class=\"wp-block-heading\"><strong>Frisbeegolfin MM-kisat<\/strong><\/h3>\n\n<p><strong>Kilpailup\u00e4iv\u00e4t:<\/strong> 30.7.-3.8.2025<\/p>\n\n<figure class=\"wp-block-table is-style-stripes\"><table class=\"has-fixed-layout\"><thead><tr><th>#<\/th><th>Pelaaja<\/th><th>Tulos<\/th><\/tr><\/thead><tbody><tr><td>\ud83e\udd47<\/td><td>\ud83c\uddfa\ud83c\uddf8 Gannon Buhr<\/td><td>-43<\/td><\/tr><tr><td>\ud83e\udd48<\/td><td>\ud83c\uddfa\ud83c\uddf8 Aaron Gossage<\/td><td>-42<\/td><\/tr><tr><td>\ud83e\udd49<\/td><td>\ud83c\uddeb\ud83c\uddee Niklas Anttila<\/td><td>-41<\/td><\/tr><\/tbody><\/table><\/figure>\n\n<h4 class=\"wp-block-heading\">Naisten luokka (Female Pro Open &#8211; FPO)<\/h4>\n\n<figure class=\"wp-block-table is-style-stripes\"><table class=\"has-fixed-layout\"><thead><tr><th>#<\/th><th>Pelaaja<\/th><th>Tulos<\/th><\/tr><\/thead><tbody><tr><td>\ud83e\udd47<\/td><td>\ud83c\uddfa\ud83c\uddf8 Ohn Scoggins<\/td><td>-10<\/td><\/tr><tr><td>\ud83e\udd48<\/td><td>\ud83c\uddeb\ud83c\uddee Iida Lehtom\u00e4ki<\/td><td>-10<\/td><\/tr><tr><td>\ud83e\udd49<\/td><td>\ud83c\uddfa\ud83c\uddf8 Ella Hansen<br\/>\ud83c\uddeb\ud83c\uddee Henna Blomroos<\/td><td>-9<\/td><\/tr><\/tbody><\/table><\/figure>\n\n<p><a class=\"\" href=\"https:\/\/www.pdga.com\/live\/event\/90947\" target=\"_blank\" rel=\"noopener\">Kaikki tulokset<\/a><\/p>\n\n<hr class=\"wp-block-separator has-alpha-channel-opacity\"\/>\n\n<h3 class=\"wp-block-heading\"><strong>Puttikilpailu<\/strong><\/h3>\n\n<p><strong>Kilpailup\u00e4iv\u00e4:<\/strong> Tiistai 29.7.2025<\/p>\n\n<h4 class=\"wp-block-heading\">Avoin luokka (Mixed Pro Open &#8211; MPO)<\/h4>\n\n<figure class=\"wp-block-table is-style-stripes\"><table class=\"has-fixed-layout\"><thead><tr><th>#<\/th><th>Pelaaja<\/th><th>Tulos<\/th><\/tr><\/thead><tbody><tr><td>\ud83e\udd47<\/td><td>\ud83c\uddfa\ud83c\uddf8 Gannon Buhr<\/td><td>13<\/td><\/tr><tr><td>\ud83e\udd48<\/td><td>\ud83c\uddfa\ud83c\uddf8 Cole Redalen<\/td><td>6<\/td><\/tr><tr><td>\ud83e\udd49<\/td><td>\ud83c\uddfa\ud83c\uddf8 Joshua Anthon<\/td><td>5<\/td><\/tr><\/tbody><\/table><\/figure>\n\n<h4 class=\"wp-block-heading\">Naisten luokka (Female Pro Open &#8211; FPO)<\/h4>\n\n<figure class=\"wp-block-table is-style-stripes\"><table class=\"has-fixed-layout\"><thead><tr><th>#<\/th><th>Pelaaja<\/th><th>Tulos<\/th><\/tr><\/thead><tbody><tr><td>\ud83e\udd47<\/td><td>\ud83c\uddfa\ud83c\uddf8 Kat Mertsch<\/td><td>7<\/td><\/tr><tr><td>\ud83e\udd48<\/td><td>\ud83c\uddfa\ud83c\uddf8 Cadence Burge<\/td><td>5<\/td><\/tr><tr><td>\ud83e\udd49<\/td><td>\ud83c\uddfa\ud83c\uddf8 Ella Hansen<\/td><td>4<\/td><\/tr><\/tbody><\/table><\/figure>\n\n<p><a href=\"https:\/\/www.pdga.com\/tour\/event\/95054\" target=\"_blank\" rel=\"noopener\">Kaikki tulokset<\/a><\/p>\n\n<hr class=\"wp-block-separator has-alpha-channel-opacity\"\/>\n\n<h3 class=\"wp-block-heading\"><strong>Sekaparifrisbeegolfin MM-kisat<\/strong><\/h3>\n\n<p><strong>Kilpailup\u00e4iv\u00e4:<\/strong> Lauantai 26.7.2025<\/p>\n\n<figure class=\"wp-block-table is-style-stripes\"><table class=\"has-fixed-layout\"><thead><tr><th>#<\/th><th>Pelaajat<\/th><th>Tulos<\/th><\/tr><\/thead><tbody><tr><td>\ud83e\udd47<\/td><td>\ud83c\uddfa\ud83c\uddf8 Benjamin Callaway<br\/>\ud83c\uddfa\ud83c\uddf8 Chandler Reigh<\/td><td>-13<\/td><\/tr><tr><td>\ud83e\udd48<\/td><td>\ud83c\uddfa\ud83c\uddf8 Gavin Babcock<br\/>\ud83c\uddfa\ud83c\uddf8 Cadence Burge<\/td><td>-12<\/td><\/tr><tr><td>\ud83e\udd48<\/td><td>\ud83c\uddeb\ud83c\uddee Niklas Anttila<br\/>\ud83c\uddeb\ud83c\uddee Eveliina Salonen<\/td><td>-12<\/td><\/tr><tr><td>\ud83e\udd48<\/td><td>\ud83c\uddeb\ud83c\uddee Jenni Karppinen<br\/>\ud83c\udde8\ud83c\uddff Jakub Semer\u00e1d<\/td><td>-12<\/td><\/tr><tr><td>\ud83e\udd48<\/td><td>\ud83c\uddfa\ud83c\uddf8 Ella Hansen<br\/>\ud83c\uddfa\ud83c\uddf8 James Proctor<\/td><td>-12<\/td><\/tr><\/tbody><\/table><\/figure>\n\n<p><a href=\"https:\/\/www.pdga.com\/live\/event\/92034\" target=\"_blank\" rel=\"noopener\">Kaikki tulokset<\/a><\/p>\n\n<hr class=\"wp-block-separator has-alpha-channel-opacity\"\/>\n\n<h3 class=\"wp-block-heading\"><strong>Pituusheittokilpailu<\/strong><\/h3>\n\n<p><strong>Kilpailup\u00e4iv\u00e4:<\/strong> Sunnuntai 27.7.2025<\/p>\n\n<h4 class=\"wp-block-heading\">Avoin luokka (Mixed Pro Open &#8211; MPO)<\/h4>\n\n<figure class=\"wp-block-table is-style-stripes\"><table class=\"has-fixed-layout\"><thead><tr><th>#<\/th><th>Pelaaja<\/th><th>Tulos<\/th><\/tr><\/thead><tbody><tr><td>\ud83e\udd47<\/td><td>\ud83c\uddeb\ud83c\uddee Rasmus Saukkoriipi<\/td><td>647 ft &#8211; 197 m<\/td><\/tr><tr><td>\ud83e\udd48<\/td><td>\ud83c\uddfa\ud83c\uddf8 Anthony Barela<\/td><td>632 ft &#8211; 193 m<\/td><\/tr><tr><td>\ud83e\udd49<\/td><td>\ud83c\uddeb\ud83c\uddee Oskari Vikstr\u00f6m<\/td><td>617 ft &#8211; 188 m<\/td><\/tr><\/tbody><\/table><\/figure>\n\n<h4 class=\"wp-block-heading\">Naisten luokka (Female Pro Open &#8211; FPO)<\/h4>\n\n<figure class=\"wp-block-table is-style-stripes\"><table class=\"has-fixed-layout\"><thead><tr><th>#<\/th><th>Pelaaja<\/th><th>Tulos<\/th><\/tr><\/thead><tbody><tr><td>\ud83e\udd47<\/td><td>\ud83c\uddfa\ud83c\uddf8 Ella Hansen<\/td><td>452 ft &#8211; 138 m<\/td><\/tr><tr><td>\ud83e\udd48<\/td><td>\ud83c\uddee\ud83c\uddf8 Mar\u00eda Eldey Krist\u00ednard\u00f3ttir<\/td><td>439 ft &#8211; 134 m<\/td><\/tr><tr><td>\ud83e\udd49<\/td><td>\ud83c\uddfa\ud83c\uddf8 Paige Pierce<\/td><td>429 ft &#8211; 130 m<\/td><\/tr><\/tbody><\/table><\/figure>\n\n<p><a href=\"https:\/\/www.pdga.com\/live\/event\/94192\" target=\"_blank\" rel=\"noopener\">Kaikki tulokset<\/a><\/p>\n\n<p><\/p>\n","protected":false},"excerpt":{"rendered":"<p>Frisbeegolfin MM-kisat Kilpailup\u00e4iv\u00e4t: 30.7.-3.8.2025 # Pelaaja Tulos \ud83e\udd47 \ud83c\uddfa\ud83c\uddf8 Gannon Buhr -43 \ud83e\udd48 \ud83c\uddfa\ud83c\uddf8 Aaron Gossage -42 \ud83e\udd49 \ud83c\uddeb\ud83c\uddee Niklas Anttila -41 Naisten luokka (Female Pro<span class=\"excerpt-hellip\"> [\u2026]<\/span><\/p>\n","protected":false},"author":1,"featured_media":800,"parent":564,"menu_order":0,"comment_status":"closed","ping_status":"closed","template":"","meta":{"footnotes":""},"class_list":["post-1775","page","type-page","status-publish","has-post-thumbnail","hentry"],"_links":{"self":[{"href":"https:\/\/discgolfworlds.com\/fi\/wp-json\/wp\/v2\/pages\/1775","targetHints":{"allow":["GET"]}}],"collection":[{"href":"https:\/\/discgolfworlds.com\/fi\/wp-json\/wp\/v2\/pages"}],"about":[{"href":"https:\/\/discgolfworlds.com\/fi\/wp-json\/wp\/v2\/types\/page"}],"author":[{"embeddable":true,"href":"https:\/\/discgolfworlds.com\/fi\/wp-json\/wp\/v2\/users\/1"}],"replies":[{"embeddable":true,"href":"https:\/\/discgolfworlds.com\/fi\/wp-json\/wp\/v2\/comments?post=1775"}],"version-history":[{"count":6,"href":"https:\/\/discgolfworlds.com\/fi\/wp-json\/wp\/v2\/pages\/1775\/revisions"}],"predecessor-version":[{"id":3136,"href":"https:\/\/discgolfworlds.com\/fi\/wp-json\/wp\/v2\/pages\/1775\/revisions\/3136"}],"up":[{"embeddable":true,"href":"https:\/\/discgolfworlds.com\/fi\/wp-json\/wp\/v2\/pages\/564"}],"wp:featuredmedia":[{"embeddable":true,"href":"https:\/\/discgolfworlds.com\/fi\/wp-json\/wp\/v2\/media\/800"}],"wp:attachment":[{"href":"https:\/\/discgolfworlds.com\/fi\/wp-json\/wp\/v2\/media?parent=1775"}],"curies":[{"name":"wp","href":"https:\/\/api.w.org\/{rel}","templated":true}]}}