{"id":567,"date":"2024-03-23T10:05:42","date_gmt":"2024-03-23T08:05:42","guid":{"rendered":"https:\/\/discgolfworlds.com\/ohjelma\/"},"modified":"2025-08-03T07:48:56","modified_gmt":"2025-08-03T04:48:56","slug":"ohjelma","status":"publish","type":"page","link":"https:\/\/discgolfworlds.com\/fi\/ohjelma\/","title":{"rendered":"Ohjelma"},"content":{"rendered":"\n<p>Frisbeegolfin MM-kisat j\u00e4rjestet\u00e4\u00e4n Tampereella ja Nokialla <strong>30.7.-3.8.2025<\/strong>. MM-kisojen yhteydess\u00e4 kilpaillaan my\u00f6s muista MM-titteleist\u00e4, kun ennen varsinaisia MM-kisoja kilpaillaan sekaparien ja kentt\u00e4kilpailujen (pituusheitto, puttaus,) MM-kisat. Lue lis\u00e4\u00e4 kentt\u00e4kilpailuista ja sekaparikisoista <a href=\"https:\/\/discgolfworlds.com\/fi\/tapahtumainfo\/kenttalajikilpailut\/\">t\u00e4\u00e4lt\u00e4<\/a>.<\/p>\n\n<figure class=\"wp-block-table schedule-table\"><table><thead><tr><th>P\u00e4iv\u00e4m\u00e4\u00e4r\u00e4<\/th><th><strong>Nokia<\/strong><\/th><th>Tampere<\/th><th>Fanialue (Keskustori, Tampere)<\/th><\/tr><\/thead><tbody><tr><td><a href=\"https:\/\/discgolfworlds.com\/fi\/ohjelma\/#sat-26\">La 26.7.<\/a><\/td><td><strong><a href=\"https:\/\/discgolfworlds.com\/fi\/tapahtumainfo\/kenttalajikilpailut\/\" data-type=\"page\" data-id=\"1407\">Sekaparifrisbeegolfin MM-kisa,<\/a><\/strong> Harjoittelu<\/td><td>Harjoitusp\u00e4iv\u00e4<\/td><td>&#8211;<\/td><\/tr><tr><td><a href=\"https:\/\/discgolfworlds.com\/fi\/ohjelma\/#sun-27\" data-type=\"link\" data-id=\"https:\/\/discgolfworlds.com\/program\/#sun-27\">Su 27.7.<\/a><\/td><td>Harjoitusp\u00e4iv\u00e4<\/td><td>Harjoitusp\u00e4iv\u00e4<\/td><td>&#8211;<\/td><\/tr><tr><td><a href=\"https:\/\/discgolfworlds.com\/fi\/ohjelma\/#mon-28\" data-type=\"link\" data-id=\"https:\/\/discgolfworlds.com\/program\/#mon-28\">Ma 28.7.<\/a><\/td><td>Harjoitusp\u00e4iv\u00e4<\/td><td>Harjoitusp\u00e4iv\u00e4<\/td><td>&#8211;<\/td><\/tr><tr><td><a href=\"https:\/\/discgolfworlds.com\/fi\/ohjelma\/#tue-29\" data-type=\"link\" data-id=\"https:\/\/discgolfworlds.com\/program\/#tue-29\">Ti 29.7.<\/a><\/td><td>Harjoittelu, Lehdist\u00f6tilaisuus, <a href=\"https:\/\/www.pdga.com\/news\/pdga-talks-during-pro-worlds\" data-type=\"link\" data-id=\"https:\/\/www.pdga.com\/news\/pdga-talks-during-pro-worlds\" target=\"_blank\" rel=\"noopener\">PDGA Talks -seminaari<\/a><\/td><td>Harjoitusp\u00e4iv\u00e4<\/td><td>Aktiviteetit, <strong><a href=\"https:\/\/discgolfworlds.com\/fi\/tapahtumainfo\/kenttalajikilpailut\/\" data-type=\"page\" data-id=\"1407\">Puttikisa<\/a><\/strong>, Avajaiset*<\/td><\/tr><tr><td><a href=\"https:\/\/discgolfworlds.com\/fi\/ohjelma\/#wed-30\">Ke 30.7.<\/a><\/td><td><strong>Kierros 1, Lohkot A ja C<\/strong><\/td><td>Kierros 1, Lohkot B ja D<\/td><td>Aktiviteetit ja livel\u00e4hetys (DGN)<\/td><\/tr><tr><td><a href=\"https:\/\/discgolfworlds.com\/fi\/ohjelma\/#thu-31\">To 31.7.<\/a><\/td><td>Kierros 2, Lohkot B ja D<\/td><td><strong>Kierros 2, Lohkot <\/strong><strong>A ja C<\/strong><\/td><td>Aktiviteetit ja livel\u00e4hetys (DGN)<\/td><\/tr><tr><td><a href=\"https:\/\/discgolfworlds.com\/fi\/ohjelma\/#fri-1\">Pe 1.8.<\/a><\/td><td>Kierros 3, Lohkot B ja D<\/td><td><strong><strong>Kierros 3<\/strong><strong>, Lohkot A ja C<\/strong><\/strong><\/td><td>Aktiviteetit ja livel\u00e4hetys (DGN)<\/td><\/tr><tr><td><a href=\"https:\/\/discgolfworlds.com\/fi\/ohjelma\/#sat-2\">La 2.8.<\/a><\/td><td><strong>Kierros 4<\/strong>, <strong>Lohkot A ja C<\/strong><br\/><a href=\"https:\/\/discgolfworlds.com\/fi\/tapahtumainfo\/disc-golf-expo\/\" data-type=\"page\" data-id=\"1398\">Disc Golf Expo<\/a><\/td><td>Kierros 4, Lohkot B ja D<\/td><td>Aktiviteetit ja livel\u00e4hetys (DGN)<\/td><\/tr><tr><td><a href=\"https:\/\/discgolfworlds.com\/fi\/ohjelma\/#sun-3\">Su 3.8.<\/a><\/td><td><strong>Finaalikierros<\/strong>,<br\/><a href=\"https:\/\/discgolfworlds.com\/fi\/tapahtumainfo\/disc-golf-expo\/\" data-type=\"page\" data-id=\"1398\">Disc Golf Expo<\/a><\/td><td>Yleis\u00f6kierros (L\u00e4ht\u00f6ajat 8.00-12.00)<\/td><td>Aktiviteetit ja livel\u00e4hetys (DGN)<\/td><\/tr><tr><td><a href=\"https:\/\/discgolfworlds.com\/fi\/ohjelma\/#mon-4\">Ma 4.8.<\/a><\/td><td>Final Beast yleis\u00f6kierrokset<\/td><td>Rata kiinni<\/td><td>&#8211;<\/td><\/tr><\/tbody><\/table><figcaption class=\"wp-element-caption\"><em>J\u00e4rjest\u00e4j\u00e4 pid\u00e4tt\u00e4\u00e4 oikeuden aikataulumuutoksiin.<\/em><br\/><em>*Avajaiset ovat vain pelaajille, medialle ja staffille.<\/em><\/figcaption><\/figure>\n\n<p>Kilpailussa on mukana 288 pelaajaa, jotka on jaettu nelj\u00e4\u00e4n eri lohkoon: A, B, C ja D. Lue lis\u00e4\u00e4 lohkojaoista <a href=\"https:\/\/discgolfworlds.com\/fi\/tapahtumainfo\/pelaajat\/\" data-type=\"page\" data-id=\"1415\">Pelaajat-sivulta<\/a>.<\/p>\n\n<p>Lippuja myyd\u00e4\u00e4n vain A ja C-lohkojen kierroksiin. B ja D-lohkoja voi seurata ilmaiseksi. <a href=\"https:\/\/discgolfworlds.com\/fi\/vieraile\/liput\/\">Liput l\u00f6yd\u00e4t t\u00e4\u00e4lt\u00e4.<\/a><\/p>\n\n<p>A ja C-lohkojen kisakierroksia voi seurata ilmaiseksi Nokialla keskiviikkona, lauantaina ja sunnuntaina <a href=\"https:\/\/discgolfworlds.com\/fi\/vieraile\/nokian-ilmaiset-katselualueet\/\">ilmaisilla yleis\u00f6alueilla<\/a>.<\/p>\n\n<p>Tapahtumapaikkojen osoitteet ovat Hinttalankatu 6, 37100 Nokia ja Soukonvuorentie 14, 33560 Tampere. Saapumis- ja pys\u00e4k\u00f6intiohjeet l\u00f6ytyv\u00e4t <a href=\"https:\/\/discgolfworlds.com\/fi\/vieraile\/saapuminen\/\" data-type=\"page\" data-id=\"480\">Saapuminen ja pys\u00e4k\u00f6inti -sivulta.<\/a> <\/p>\n\n<h2 class=\"wp-block-heading\">Aikataulu<\/h2>\n\n<details class=\"wp-block-details is-layout-flow wp-block-details-is-layout-flow\"><summary>Lauantai 26.7.<\/summary>\n<h4 class=\"wp-block-heading\">Nokia<\/h4>\n\n\n\n<figure class=\"wp-block-table schedule-table\"><table class=\"has-fixed-layout\"><thead><tr><th>Tapahtuma<\/th><th>Aika<\/th><\/tr><\/thead><tbody><tr><td><strong><a href=\"https:\/\/discgolfworlds.com\/fi\/tapahtumainfo\/kenttalajikilpailut\/\" data-type=\"page\" data-id=\"1407\">Sekaparifrisbeegolfin MM-kisat<\/a><\/strong><\/td><td>10.00-13.00*<\/td><\/tr><tr><td>Info<\/td><td>9.00-18.00<\/td><\/tr><tr><td>Kioski<\/td><td>8:30-18.00<\/td><\/tr><tr><td>Harjoitusp\u00e4iv\u00e4<\/td><td>14.00-22.00<\/td><\/tr><\/tbody><\/table><figcaption class=\"wp-element-caption\">*Ensimm\u00e4inen l\u00e4ht\u00f6 on klo 10.00. Seuraavat l\u00e4hd\u00f6t ovat 10 minuutin v\u00e4lein kunnes kaikki joukkueet ovat l\u00e4hteneet. Tarkat l\u00e4ht\u00f6ajat tiedet\u00e4\u00e4n rekister\u00f6innin sulkeutumisen j\u00e4lkeen 14.7.2025. <\/figcaption><\/figure>\n\n\n\n<h4 class=\"wp-block-heading\">Tampere<\/h4>\n\n\n\n<p>Tampereen rata on varattu harjoitusk\u00e4ytt\u00f6\u00f6n.<\/p>\n\n\n\n<p><\/p>\n<\/details>\n\n<details class=\"wp-block-details is-layout-flow wp-block-details-is-layout-flow\"><summary>Sunnuntai 27.7.<\/summary>\n<p>Nokian ja Tampereen kurssit on varattu harjoitteluun.<\/p>\n\n\n\n<p>Info on auki Nokialla klo 9.00-18.00.<\/p>\n<\/details>\n\n<details class=\"wp-block-details is-layout-flow wp-block-details-is-layout-flow\"><summary>Maanantai 28.7.<\/summary>\n<p>Nokian ja Tampereen kurssit on varattu harjoitteluun.<\/p>\n\n\n\n<p>Info on auki Nokialla klo 9.00-18.00.<\/p>\n<\/details>\n\n<details class=\"wp-block-details is-layout-flow wp-block-details-is-layout-flow\"><summary>Tiistai 29.7. <\/summary>\n<p><\/p>\n\n\n\n<h4 class=\"wp-block-heading\">Nokia<\/h4>\n\n\n\n<figure class=\"wp-block-table schedule-table\"><table class=\"has-fixed-layout\"><thead><tr><th>Tapahtuma<\/th><th>Aika<\/th><\/tr><\/thead><tbody><tr><td>Harjoitusp\u00e4iv\u00e4<\/td><td>Koko p\u00e4iv\u00e4<\/td><\/tr><tr><td>Info<\/td><td>9.00-18.00<\/td><\/tr><tr><td>Lehdist\u00f6tilaisuus VIP-teltassa*<\/td><td>11.00-12.15<\/td><\/tr><tr><td><a href=\"https:\/\/www.pdga.com\/news\/pdga-talks-during-pro-worlds\" target=\"_blank\" rel=\"noopener\">PDGA Talks -seminaari VIP teltassa<\/a>**<\/td><td>10.00-15.30<\/td><\/tr><\/tbody><\/table><figcaption class=\"wp-element-caption\">*Vain medialle<br\/>**Erillinen rekister\u00f6inti <a href=\"https:\/\/www.pdga.com\/news\/pdga-talks-during-pro-worlds\" target=\"_blank\" rel=\"noopener\">PDGA:n sivuilla<\/a>.<\/figcaption><\/figure>\n\n\n\n<h4 class=\"wp-block-heading\">Tampere<\/h4>\n\n\n\n<p>Tampereen rata on varattu harjoitusk\u00e4ytt\u00f6\u00f6n.<\/p>\n\n\n\n<h4 class=\"wp-block-heading\">Fanialue Keskustori, Tampere<\/h4>\n\n\n\n<figure class=\"wp-block-table schedule-table\"><table class=\"has-fixed-layout\"><thead><tr><th>Tapahtuma<\/th><th>Aika<\/th><\/tr><\/thead><tbody><tr><td><a href=\"https:\/\/keskustorinkesa.tampere.fi\/en\/food-and-drinks\/\" target=\"_blank\" rel=\"noopener\">Ravintolat ja baarit<\/a><\/td><td>11.00-22.00<\/td><\/tr><tr><td>Fanialue info<\/td><td>11.00-19.00<\/td><\/tr><tr><td><strong>Puttikisan alkuer\u00e4t (naisten luokka)<\/strong><\/td><td>10.00-10.50<\/td><\/tr><tr><td><strong>Puttikisan alkuer\u00e4t (avoin luokka)<\/strong><\/td><td>11.00-14.00<\/td><\/tr><tr><td><strong>Puttikisan finaalit, naisten luokka (Top 4 + tasatulokset)<\/strong><\/td><td>16.00<\/td><\/tr><tr><td><strong>Puttikisan finaalit, avoin luokka (Top 4 + tasatulokset)<\/strong><\/td><td>17.15<\/td><\/tr><tr><td>Avajaiset*<\/td><td>19.00-20.15<\/td><\/tr><\/tbody><\/table><figcaption class=\"wp-element-caption\">*Avajaiset ovat tarkoitettu vain pelaajille, staffille, medialle ja kumppaneille. Fanialue on suljettu yleis\u00f6lt\u00e4 avajaisten aikana. <\/figcaption><\/figure>\n\n\n\n<p><\/p>\n<\/details>\n\n<details class=\"wp-block-details is-layout-flow wp-block-details-is-layout-flow\"><summary>Keskiviikko 30.7. <\/summary>\n<h4 class=\"wp-block-heading\">Nokia<\/h4>\n\n\n\n<figure class=\"wp-block-table schedule-table\"><table class=\"has-fixed-layout\"><thead><tr><th>Tapahtuma<\/th><th>Aika<\/th><\/tr><\/thead><tbody><tr><td><strong>A ja C-lohkot Kierros 1<\/strong>*<\/td><td>Naisten luokan l\u00e4ht\u00f6ajat: 7.20 \u2013 9.30<br\/>Avoimen luokan l\u00e4ht\u00f6ajat: 10.10 \u2013 15.00<\/td><\/tr><tr><td><a href=\"https:\/\/discgolfworlds.com\/fi\/tapahtumainfo\/kauppa\/\" data-type=\"page\" data-id=\"714\">Virallinen kisakauppa<\/a><\/td><td>11.00-20.00<\/td><\/tr><tr><td>Info<\/td><td>9.00-18.00<\/td><\/tr><tr><td>Kioski<\/td><td>7:00-18:00<\/td><\/tr><tr><td>Pikkukioskit<\/td><td>11:00-18:00<\/td><\/tr><tr><td><a href=\"https:\/\/discgolfworlds.com\/fi\/vieraile\/ruoka-ja-juoma\/\" data-type=\"page\" data-id=\"1419\">Street Food -alue<\/a><\/td><td>11.00-19.00<\/td><\/tr><tr><td>VIP alue<\/td><td>10.00-18.00<\/td><\/tr><\/tbody><\/table><figcaption class=\"wp-element-caption\">*A-lohko: 100 parasta avoimesta luokasta, C-lohko: 44 parasta naisten luokasta<\/figcaption><\/figure>\n\n\n\n<h4 class=\"wp-block-heading\">Tampere<\/h4>\n\n\n\n<figure class=\"wp-block-table schedule-table\"><table class=\"has-fixed-layout\"><thead><tr><th>Tapahtuma<\/th><th>Aika<\/th><\/tr><\/thead><tbody><tr><td>B ja D-lohkot Kierros 1*<\/td><td>Naisten luokan l\u00e4ht\u00f6ajat: 7.30 \u2013 9.42<br\/>Avoimen luokan l\u00e4ht\u00f6ajat: 10.18 \u2013 15.30<\/td><\/tr><tr><td>Info<\/td><td>9.00-18.00<\/td><\/tr><tr><td>Kioski<\/td><td>7:00-18:00<\/td><\/tr><tr><td>Pikkukioskit<\/td><td>11:00-18:00<\/td><\/tr><\/tbody><\/table><figcaption class=\"wp-element-caption\">*B-lohko: 100 heikointa avoimesta luokasta, D-lohko: 44 heikointa naisten luokasta<\/figcaption><\/figure>\n\n\n\n<h4 class=\"wp-block-heading\">Fanialue Keskustori, Tampere<\/h4>\n\n\n\n<figure class=\"wp-block-table schedule-table\"><table class=\"has-fixed-layout\"><thead><tr><th>Tapahtuma<\/th><th>Aika<\/th><\/tr><\/thead><tbody><tr><td><a href=\"https:\/\/keskustorinkesa.tampere.fi\/en\/food-and-drinks\/\" target=\"_blank\" rel=\"noopener\">Ravintolat ja baarit<\/a><\/td><td>11.00-22.00<\/td><\/tr><tr><td>Fanialue info<\/td><td>11.00-19.00<\/td><\/tr><tr><td>Naisten luokan live (DGN)<\/td><td>11.00-12.30<\/td><\/tr><tr><td>Avoimen luokan live (DGN)<\/td><td>14.30-18.00<\/td><\/tr><\/tbody><\/table><\/figure>\n\n\n\n<p><\/p>\n<\/details>\n\n<details class=\"wp-block-details is-layout-flow wp-block-details-is-layout-flow\"><summary>Torstai 31.7. <\/summary>\n<h4 class=\"wp-block-heading\">Nokia<\/h4>\n\n\n\n<figure class=\"wp-block-table schedule-table\"><table class=\"has-fixed-layout\"><thead><tr><th>Tapahtuma<\/th><th>Aika<\/th><\/tr><\/thead><tbody><tr><td>B ja D-lohkot Kierros 2*<\/td><td>Naisten luokan l\u00e4ht\u00f6ajat: 7.30 \u2013 9.20<br\/>Avoimen luokan l\u00e4ht\u00f6ajat: 9.40 \u2013 14.10<\/td><\/tr><tr><td><a href=\"https:\/\/discgolfworlds.com\/fi\/tapahtumainfo\/kauppa\/\" data-type=\"page\" data-id=\"714\">Virallinen kisakauppa<\/a><\/td><td>11.00-20.00<\/td><\/tr><tr><td>Info<\/td><td>9.00-18.00<\/td><\/tr><tr><td>Kioski<\/td><td>7:00-18:00<\/td><\/tr><tr><td>Pikkukioskit<\/td><td>11:00-18:00<\/td><\/tr><\/tbody><\/table><figcaption class=\"wp-element-caption\">*B-lohko: 100 heikointa avoimesta luokasta, D-lohko: 44 heikointa naisten luokasta<\/figcaption><\/figure>\n\n\n\n<h4 class=\"wp-block-heading\">Tampere<\/h4>\n\n\n\n<figure class=\"wp-block-table schedule-table\"><table class=\"has-fixed-layout\"><thead><tr><th>Tapahtuma<\/th><th>Aika<\/th><\/tr><\/thead><tbody><tr><td><strong>A ja C-lohkot Kierros 2<\/strong><\/td><td>Naisten luokan l\u00e4ht\u00f6ajat: 7.14 \u2013 9.30<br\/>Avoimen luokan l\u00e4ht\u00f6ajat: 10.04 \u2013 15.00<\/td><\/tr><tr><td>Info<\/td><td>9.00-18.00<\/td><\/tr><tr><td>Kioski<\/td><td>7:00-18:00<\/td><\/tr><tr><td>Pikkukioskit<\/td><td>11:00-18:00<\/td><\/tr><tr><td><a href=\"https:\/\/discgolfworlds.com\/fi\/vieraile\/ruoka-ja-juoma\/\" data-type=\"page\" data-id=\"1419\">Street Food -alue<\/a><\/td><td>11.00-19.00<\/td><\/tr><tr><td>VIP alue<\/td><td>10.00-18.00<\/td><\/tr><\/tbody><\/table><figcaption class=\"wp-element-caption\">*A-lohko: 100 parasta avoimesta luokasta, C-lohko: 44 parasta naisten luokasta<\/figcaption><\/figure>\n\n\n\n<h4 class=\"wp-block-heading\">Fanialue Keskustori, Tampere<\/h4>\n\n\n\n<figure class=\"wp-block-table schedule-table\"><table class=\"has-fixed-layout\"><thead><tr><th>Tapahtuma<\/th><th>Aika<\/th><\/tr><\/thead><tbody><tr><td><a href=\"https:\/\/keskustorinkesa.tampere.fi\/en\/food-and-drinks\/\" target=\"_blank\" rel=\"noopener\">Ravintolat ja baarit<\/a><\/td><td>11.00-22.00<\/td><\/tr><tr><td>Fanialue info<\/td><td>11.00-19.00<\/td><\/tr><tr><td>Naisten luokan live (DGN)<\/td><td>11.00-12.30<\/td><\/tr><tr><td>Avoimen luokan live (DGN)<\/td><td>14.30-18.00<\/td><\/tr><\/tbody><\/table><\/figure>\n\n\n\n<p><\/p>\n<\/details>\n\n<details class=\"wp-block-details is-layout-flow wp-block-details-is-layout-flow\"><summary>Perjantai 1.8. <\/summary>\n<h4 class=\"wp-block-heading\">Nokia<\/h4>\n\n\n\n<figure class=\"wp-block-table schedule-table\"><table class=\"has-fixed-layout\"><thead><tr><th>Tapahtuma<\/th><th>Aika<\/th><\/tr><\/thead><tbody><tr><td>B ja D-lohkot Kierros 3<\/td><td>Naisten luokan l\u00e4ht\u00f6ajat: 7.30 \u2013 9.20<br\/>Avoimen luokan l\u00e4ht\u00f6ajat: 9.40 \u2013 14.10<\/td><\/tr><tr><td><a href=\"https:\/\/discgolfworlds.com\/fi\/tapahtumainfo\/kauppa\/\" data-type=\"page\" data-id=\"714\">Virallinen kisakauppa<\/a><\/td><td>11.00-20.00<\/td><\/tr><tr><td>Info<\/td><td>9.00-18.00<\/td><\/tr><tr><td>Kioski<\/td><td>7:00-18:00<\/td><\/tr><tr><td>Pikkukioskit<\/td><td>11:00-18:00<\/td><\/tr><\/tbody><\/table><\/figure>\n\n\n\n<h4 class=\"wp-block-heading\">Tampere<\/h4>\n\n\n\n<figure class=\"wp-block-table schedule-table\"><table class=\"has-fixed-layout\"><thead><tr><th>Tapahtuma<\/th><th>Aika<\/th><\/tr><\/thead><tbody><tr><td><strong>A ja C-lohkot Kierros 3<\/strong><\/td><td>Naisten luokan l\u00e4ht\u00f6ajat: 7.14 \u2013 9.30<br\/>Avoimen luokan l\u00e4ht\u00f6ajat: 10.04 \u2013 15.00<\/td><\/tr><tr><td>Info<\/td><td>9.00-18.00<\/td><\/tr><tr><td>Kioski<\/td><td>7:00-18:00<\/td><\/tr><tr><td>Pikkukioskit<\/td><td>11:00-18:00<\/td><\/tr><tr><td><a href=\"https:\/\/discgolfworlds.com\/fi\/vieraile\/ruoka-ja-juoma\/\" data-type=\"page\" data-id=\"1419\">Street Food -alue<\/a><\/td><td>11.00-19.00<\/td><\/tr><tr><td>VIP alue<\/td><td>10.00-18.00<\/td><\/tr><\/tbody><\/table><\/figure>\n\n\n\n<h4 class=\"wp-block-heading\">Fanialue Keskustori, Tampere<\/h4>\n\n\n\n<figure class=\"wp-block-table schedule-table\"><table class=\"has-fixed-layout\"><thead><tr><th>Tapahtuma<\/th><th>Aika<\/th><\/tr><\/thead><tbody><tr><td><a href=\"https:\/\/keskustorinkesa.tampere.fi\/en\/food-and-drinks\/\" target=\"_blank\" rel=\"noopener\">Ravintolat ja baarit<\/a><\/td><td>11.00-22.00<\/td><\/tr><tr><td>Fanialue info<\/td><td>11.00-19.00<\/td><\/tr><tr><td>Naisten luokan live (DGN)<\/td><td>11.00-12.30<\/td><\/tr><tr><td>Avoimen luokan live (DGN)<\/td><td>14.30-18.00<\/td><\/tr><\/tbody><\/table><\/figure>\n\n\n\n<p><\/p>\n<\/details>\n\n<details class=\"wp-block-details is-layout-flow wp-block-details-is-layout-flow\"><summary>Lauantai 2.8. <\/summary>\n<h4 class=\"wp-block-heading\">Nokia<\/h4>\n\n\n\n<figure class=\"wp-block-table schedule-table\"><table class=\"has-fixed-layout\"><thead><tr><th>Tapahtuma<\/th><th>Aika<\/th><\/tr><\/thead><tbody><tr><td><strong>A ja C-lohkot Kierros 4<\/strong><\/td><td>Naisten luokan l\u00e4ht\u00f6ajat: 7.20 \u2013 9.30<br\/>Avoimen luokan l\u00e4ht\u00f6ajat: 10.10 \u2013 15.00<\/td><\/tr><tr><td><a href=\"https:\/\/discgolfworlds.com\/fi\/tapahtumainfo\/kauppa\/\" data-type=\"page\" data-id=\"714\">Virallinen kisakauppa<\/a><\/td><td>11.00-20.00<\/td><\/tr><tr><td>Info<\/td><td>9.00-18.00<\/td><\/tr><tr><td>Kioski<\/td><td>7:00-18:00<\/td><\/tr><tr><td>Pikkukioskit<\/td><td>11:00-18:00<\/td><\/tr><tr><td><a href=\"https:\/\/discgolfworlds.com\/fi\/vieraile\/ruoka-ja-juoma\/\" data-type=\"page\" data-id=\"1419\">Street Food -alue<\/a><\/td><td>11.00-19.00<\/td><\/tr><tr><td>VIP alue<\/td><td>10.00-18.00<\/td><\/tr><tr><td><a href=\"https:\/\/discgolfworlds.com\/fi\/tapahtumainfo\/disc-golf-expo\/\" data-type=\"page\" data-id=\"1398\">Expo alue<\/a><\/td><td>11.00-20.00<\/td><\/tr><\/tbody><\/table><\/figure>\n\n\n\n<h4 class=\"wp-block-heading\">Tampere<\/h4>\n\n\n\n<figure class=\"wp-block-table schedule-table\"><table class=\"has-fixed-layout\"><thead><tr><th>Tapahtuma<\/th><th>Aika<\/th><\/tr><\/thead><tbody><tr><td>B ja D-lohkot Kierros 4<\/td><td>Naisten luokan l\u00e4ht\u00f6ajat: 7.30 \u2013 9.42<br\/>Avoimen luokan l\u00e4ht\u00f6ajat: 10.18 \u2013 15.30<\/td><\/tr><tr><td>Info<\/td><td>9.00-18.00<\/td><\/tr><tr><td>Kioski<\/td><td>7:00-18:00<\/td><\/tr><tr><td>Pikkukioskit<\/td><td>11:00-18:00<\/td><\/tr><\/tbody><\/table><\/figure>\n\n\n\n<h4 class=\"wp-block-heading\">Fanialue Keskustori, Tampere<\/h4>\n\n\n\n<figure class=\"wp-block-table schedule-table\"><table class=\"has-fixed-layout\"><thead><tr><th>Tapahtuma<\/th><th>Aika<\/th><\/tr><\/thead><tbody><tr><td><a href=\"https:\/\/keskustorinkesa.tampere.fi\/en\/food-and-drinks\/\" target=\"_blank\" rel=\"noopener\">Ravintolat ja baarit<\/a><\/td><td>11.00-24.00<\/td><\/tr><tr><td>Fanialue info<\/td><td>11.00-19.00<\/td><\/tr><tr><td>Naisten luokan live (DGN)<\/td><td>11.00-12.30<\/td><\/tr><tr><td>Avoimen luokan live (DGN)<\/td><td>14.30-18.00<\/td><\/tr><\/tbody><\/table><\/figure>\n\n\n\n<p><\/p>\n<\/details>\n\n<hr class=\"wp-block-separator has-alpha-channel-opacity\"\/>\n\n<h3 class=\"wp-block-heading\" id=\"sun-3\">Sunnuntai 3.8.<\/h3>\n\n<h4 class=\"wp-block-heading\">Nokia<\/h4>\n\n<figure class=\"wp-block-table schedule-table\"><table class=\"has-fixed-layout\"><thead><tr><th>Tapahtuma<\/th><th>Aika<\/th><\/tr><\/thead><tbody><tr><td><strong>Finaalikierros<\/strong><\/td><td>Naisten luokan l\u00e4ht\u00f6ajat: 7.20 \u2013 9.30<br\/>Avoimen luokan l\u00e4ht\u00f6ajat: 10.10 \u2013 15.00<\/td><\/tr><tr><td>Palkintojenjako<\/td><td>Noin klo 18.30 tai avoimen luokan kierroksen j\u00e4lkeen<\/td><\/tr><tr><td><a href=\"https:\/\/discgolfworlds.com\/fi\/tapahtumainfo\/kauppa\/\" data-type=\"page\" data-id=\"714\">Virallinen kisakauppa<\/a><\/td><td>11.00-20.00<\/td><\/tr><tr><td>Info<\/td><td>9.00-18.00<\/td><\/tr><tr><td>Kioski<\/td><td>7:00-18:00<\/td><\/tr><tr><td>Pikkukioskit<\/td><td>11:00-18:00<\/td><\/tr><tr><td><a href=\"https:\/\/discgolfworlds.com\/fi\/vieraile\/ruoka-ja-juoma\/\" data-type=\"page\" data-id=\"1419\">Street Food -alue<\/a><\/td><td>11.00-19.00<\/td><\/tr><tr><td>VIP alue<\/td><td>10.00-18.00<\/td><\/tr><tr><td><a href=\"https:\/\/discgolfworlds.com\/fi\/tapahtumainfo\/disc-golf-expo\/\" data-type=\"page\" data-id=\"1398\">Expo alue<\/a><\/td><td>11.00-20.00<\/td><\/tr><\/tbody><\/table><\/figure>\n\n<h4 class=\"wp-block-heading\">Tampere<\/h4>\n\n<figure class=\"wp-block-table schedule-table\"><table class=\"has-fixed-layout\"><thead><tr><th>Tapahtuma<\/th><th>Aika<\/th><\/tr><\/thead><tbody><tr><td>Yleis\u00f6kierrokset*<\/td><td>8.00-12.00<\/td><\/tr><\/tbody><\/table><figcaption class=\"wp-element-caption\">*Loppuunmyyty<\/figcaption><\/figure>\n\n<h4 class=\"wp-block-heading\">Fanialue Keskustori, Tampere<\/h4>\n\n<figure class=\"wp-block-table schedule-table\"><table class=\"has-fixed-layout\"><thead><tr><th>Tapahtuma<\/th><th>Aika<\/th><\/tr><\/thead><tbody><tr><td><a href=\"https:\/\/keskustorinkesa.tampere.fi\/en\/food-and-drinks\/\" target=\"_blank\" rel=\"noopener\">Ravintolat ja baarit<\/a><\/td><td>11.00-24.00<\/td><\/tr><tr><td>Fanialue info<\/td><td>11.00-19.00<\/td><\/tr><tr><td>Naisten luokan live (DGN)<\/td><td>11.00-12.30<\/td><\/tr><tr><td>Avoimen luokan live (DGN)<\/td><td>14.30-19.00<\/td><\/tr><\/tbody><\/table><\/figure>\n\n<hr class=\"wp-block-separator has-alpha-channel-opacity\"\/>\n\n<h3 class=\"wp-block-heading\" id=\"mon-4\">Maanantai 4.8.<\/h3>\n\n<h4 class=\"wp-block-heading\">Nokia<\/h4>\n\n<figure class=\"wp-block-table schedule-table\"><table class=\"has-fixed-layout\"><thead><tr><th>Tapahtuma<\/th><th>Aika<\/th><\/tr><\/thead><tbody><tr><td>Final Beast yleis\u00f6kierrokset*<\/td><td>8.00-16.00<\/td><\/tr><\/tbody><\/table><figcaption class=\"wp-element-caption\">*Loppuunmyyty<\/figcaption><\/figure>\n\n<p><\/p>\n","protected":false},"excerpt":{"rendered":"<p>Frisbeegolfin MM-kisat j\u00e4rjestet\u00e4\u00e4n Tampereella ja Nokialla 30.7.-3.8.2025. MM-kisojen yhteydess\u00e4 kilpaillaan my\u00f6s muista MM-titteleist\u00e4, kun ennen varsinaisia MM-kisoja kilpaillaan sekaparien ja kentt\u00e4kilpailujen (pituusheitto, puttaus,) MM-kisat. Lue lis\u00e4\u00e4<span class=\"excerpt-hellip\"> [\u2026]<\/span><\/p>\n","protected":false},"author":1,"featured_media":537,"parent":0,"menu_order":0,"comment_status":"closed","ping_status":"closed","template":"","meta":{"footnotes":""},"class_list":["post-567","page","type-page","status-publish","has-post-thumbnail","hentry"],"_links":{"self":[{"href":"https:\/\/discgolfworlds.com\/fi\/wp-json\/wp\/v2\/pages\/567","targetHints":{"allow":["GET"]}}],"collection":[{"href":"https:\/\/discgolfworlds.com\/fi\/wp-json\/wp\/v2\/pages"}],"about":[{"href":"https:\/\/discgolfworlds.com\/fi\/wp-json\/wp\/v2\/types\/page"}],"author":[{"embeddable":true,"href":"https:\/\/discgolfworlds.com\/fi\/wp-json\/wp\/v2\/users\/1"}],"replies":[{"embeddable":true,"href":"https:\/\/discgolfworlds.com\/fi\/wp-json\/wp\/v2\/comments?post=567"}],"version-history":[{"count":52,"href":"https:\/\/discgolfworlds.com\/fi\/wp-json\/wp\/v2\/pages\/567\/revisions"}],"predecessor-version":[{"id":2528,"href":"https:\/\/discgolfworlds.com\/fi\/wp-json\/wp\/v2\/pages\/567\/revisions\/2528"}],"wp:featuredmedia":[{"embeddable":true,"href":"https:\/\/discgolfworlds.com\/fi\/wp-json\/wp\/v2\/media\/537"}],"wp:attachment":[{"href":"https:\/\/discgolfworlds.com\/fi\/wp-json\/wp\/v2\/media?parent=567"}],"curies":[{"name":"wp","href":"https:\/\/api.w.org\/{rel}","templated":true}]}}