{"id":626,"date":"2024-04-13T07:08:39","date_gmt":"2024-04-13T04:08:39","guid":{"rendered":"https:\/\/discgolfworlds.com\/vieraile\/visit-tampere\/"},"modified":"2024-07-05T11:33:19","modified_gmt":"2024-07-05T08:33:19","slug":"visit-tampere","status":"publish","type":"page","link":"https:\/\/discgolfworlds.com\/fi\/vieraile\/visit-tampere\/","title":{"rendered":"Visit Tampere"},"content":{"rendered":"\n<p>Meid\u00e4n suomalaisten mukaan Tampere on Suomen rakastetuin asuin- ja matkailukaupunki. Se on el\u00e4m\u00e4ntapa, joka tempaa mukaansa. Tampereen salaisuus on sen omaper\u00e4isyys. Tampere on toimiva kokonaisuus kompaktissa koossa.   <\/p>\n\n<h2 class=\"wp-block-heading\">Tampere p\u00e4hkin\u00e4nkuoressa<\/h2>\n\n<ul class=\"wp-block-list\">\n<li>Perustettu 1779, perustaja Ruotsin kuningas Kustaa III<\/li>\n\n\n\n<li>Suomen kolmanneksi suurin kaupunki, maakuntansa Pirkanmaan napa<\/li>\n\n\n\n<li>Asukkaita noin 250 000 (ennuste 2030 vuoteen 257 300 asukasta)<\/li>\n\n\n\n<li>Tutkimusten mukaan Suomen vetovoimaisin matkailu-, asuin- ja opiskelukaupunki (Taloustutkimus)<\/li>\n\n\n\n<li>Sijainti N\u00e4sij\u00e4rven\u00ad ja Pyh\u00e4\u00adj\u00e4rven v\u00e4lisell\u00e4 kannaksella kauniissa harju- ja j\u00e4rvimaisemissa.<\/li>\n\n\n\n<li>Kaupungin jakaa it\u00e4\u00e4n ja l\u00e4nteen Tammerkoski, jonka putouskorkeus 18 m Kaupungin keskustan m\u00e4\u00e4ritt\u00e4\u00e4 kansallismaisemaan kuuluva Tammerkosken koski, punatiiliset rakennukset ja kaunis valaistus. Kaupungin jakaa it\u00e4\u00e4n ja l\u00e4nteen Tammerkoski, jonka putouskorkeus 18 m Kaupungin keskustan m\u00e4\u00e4ritt\u00e4\u00e4 kansallismaisemaan kuuluva Tammerkosken koski, punatiiliset rakennukset ja kaunis valaistus.<\/li>\n\n\n\n<li>Maailman saunap\u00e4\u00e4kaupunki<\/li>\n<\/ul>\n\n<p>Lue lis\u00e4\u00e4: <a href=\"https:\/\/visittampere.fi\/en\/\" data-type=\"link\" data-id=\"https:\/\/visittampere.fi\/en\/\" target=\"_blank\" rel=\"noreferrer noopener\">Visit Tampere<\/a><\/p>\n\n<h2 class=\"wp-block-heading\">Tampereen frisbeegolfradat<\/h2>\n\n<p>Haluatko pelata kierroksen frisbeegolfia kisojen aikana? T\u00e4ss\u00e4 muutamia ratoja, jotka kannattaa katsoa l\u00e4pi. Kaikki radat ovat ilmaisia pelata, poislukien yleis\u00f6kierrokset kisaradoilla (The Beast ja The Monster).  <\/p>\n\n<h3 class=\"wp-block-heading\">Tampereen frisbeegolfkeskus<\/h3>\n\n<p>Uuden lempinimen The Monster saanut ikoninen Tampreen Frisbeegolfkeskus. Varaa paikkasi yleis\u00f6kierrokselle, jos haluat pelata radalla, joka is\u00e4nn\u00f6i vuoden 2024 European Openia ja vuoden 2025 MM-kisoja. <\/p>\n\n<ul class=\"wp-block-list\">\n<li>45 minuutin ajomatka Tampereelta<\/li>\n\n\n\n<li>Frisbeegolfradat.fi: <a href=\"https:\/\/frisbeegolfradat.fi\/rata\/tampereen-frisbeegolfkeskus\/\" data-type=\"link\" data-id=\"https:\/\/frisbeegolfradat.fi\/rata\/tampereen-frisbeegolfkeskus\/\" target=\"_blank\" rel=\"noreferrer noopener\">Tampereen frisbeegolfkeskus<\/a><\/li>\n<\/ul>\n\n<h3 class=\"wp-block-heading\">Epil\u00e4 Frisbeepuisto<\/h3>\n\n<p>Puistotyylinen rata, joka oli European Openin tapahtumapaikkana ennen The Beastia. 15-v\u00e4yl\u00e4inen rata on aloittelijayst\u00e4v\u00e4llinen \u2013 ja melko suosittu kes\u00e4aikaan. <\/p>\n\n<ul class=\"wp-block-list\">\n<li>45 minuutin ajomatka Tampereelta<\/li>\n\n\n\n<li>Frisbeegolfradat.fi: <a href=\"https:\/\/frisbeegolfradat.fi\/rata\/epilan_frisbeepuisto\/\" data-type=\"link\" data-id=\"https:\/\/frisbeegolfradat.fi\/rata\/epilan_frisbeepuisto\/\" target=\"_blank\" rel=\"noreferrer noopener\">Epil\u00e4 Frisbeepuisto<\/a><\/li>\n<\/ul>\n\n<h3 class=\"wp-block-heading\">Vihiojan Frisbeepuisto<\/h3>\n\n<p>Legendaarinen Vihioja on ensimm\u00e4isi\u00e4 ratoja Suomessa. Vihioja on aloittelijayst\u00e4v\u00e4llinen 9-v\u00e4yl\u00e4inen rata yleiseiss\u00e4 puistossa. Jussi Meresmaalle Vihioja on paikka, josta kaikki sai alkunsa. Yleens\u00e4 todella suosittu.   <\/p>\n\n<ul class=\"wp-block-list\">\n<li>10 minuutin ajomatka Tampereen keskustasta<\/li>\n\n\n\n<li>Frisbeegolfradat.fi: <a href=\"https:\/\/frisbeegolfradat.fi\/rata\/vihiojan_frisbeepuisto\/\" data-type=\"link\" data-id=\"https:\/\/frisbeegolfradat.fi\/rata\/vihiojan_frisbeepuisto\/\" target=\"_blank\" rel=\"noopener\">Vihiojan Frisbeepuisto<\/a><\/li>\n<\/ul>\n\n<h2 class=\"wp-block-heading\">Frisbeegolfratoja l\u00e4hialueilla<\/h2>\n\n<p>Jos sinulla on k\u00e4yt\u00f6ss\u00e4 auto ja haluat haastaa itse\u00e4si, kokeile jotain n\u00e4ist\u00e4 l\u00e4hialueen radoista.<\/p>\n\n<h3 class=\"wp-block-heading\">Nokia DiscGolfPark<\/h3>\n\n<p>The Beast \u2013 varaa yleis\u00f6kierros, jos haluat haastaa legendaarista rataa itse.<\/p>\n\n<ul class=\"wp-block-list\">\n<li>15 minuutin ajomatka Tampereen keskustasta<\/li>\n\n\n\n<li>Frisbeegolfradat.fi: <a href=\"https:\/\/frisbeegolfradat.fi\/rata\/nokia_discgolfpark\/\" data-type=\"link\" data-id=\"https:\/\/frisbeegolfradat.fi\/rata\/nokia_discgolfpark\/\" target=\"_blank\" rel=\"noreferrer noopener\">Nokia DiscGolfPark<\/a><\/li>\n<\/ul>\n\n<h3 class=\"wp-block-heading\">Pirkkala DiscGolfPark<\/h3>\n\n<p>Mets\u00e4inen 18-v\u00e4yl\u00e4inen rata. Hyv\u00e4 ja tekninen rata.  <\/p>\n\n<ul class=\"wp-block-list\">\n<li>15 minuutin ajomatka Tampereen keskustasta<\/li>\n\n\n\n<li>Frisbeegolfradat.fi: <a href=\"https:\/\/frisbeegolfradat.fi\/rata\/pirkkala-discgolfpark\/\" data-type=\"link\" data-id=\"https:\/\/frisbeegolfradat.fi\/rata\/pirkkala-discgolfpark\/\" target=\"_blank\" rel=\"noreferrer noopener\">Pirkkala DiscGolfPark<\/a><\/li>\n<\/ul>\n\n<h3 class=\"wp-block-heading\">Julkuj\u00e4rvi DiscGolfPark<\/h3>\n\n<p>Haastava 18 v\u00e4yl\u00e4inen rata. Sekoitus avoimia ja mets\u00e4isi\u00e4 v\u00e4yli\u00e4. Katso rata Youtubesta: <a href=\"\">McBeast Challenge 2017<\/a>.   <\/p>\n\n<ul class=\"wp-block-list\">\n<li>20 minuutin ajomatka Tampereen keskustasta<\/li>\n\n\n\n<li>Frisbeegolfradat.fi: <a href=\"https:\/\/frisbeegolfradat.fi\/rata\/julkujarvi_discgolfpark_ylojarvi\/\" data-type=\"link\" data-id=\"https:\/\/frisbeegolfradat.fi\/rata\/julkujarvi_discgolfpark_ylojarvi\/\" target=\"_blank\" rel=\"noreferrer noopener\">Julkuj\u00e4rvi DiscGolfPark<\/a><\/li>\n<\/ul>\n\n<h3 class=\"wp-block-heading\">Kortekumpu Frisbeegolf<\/h3>\n\n<p>Melko tuore rata, sekoitus avoimia ja mets\u00e4isi\u00e4 v\u00e4yli\u00e4. <\/p>\n\n<ul class=\"wp-block-list\">\n<li>20 minuutin ajomatka Tampereen keskustasta<\/li>\n\n\n\n<li>Frisbeegolfradat.fi: <a href=\"https:\/\/frisbeegolfradat.fi\/rata\/kortekumpu-frisbeegolf\/\" data-type=\"link\" data-id=\"https:\/\/frisbeegolfradat.fi\/rata\/kortekumpu-frisbeegolf\/\" target=\"_blank\" rel=\"noreferrer noopener\">Kortekumpu Frisbeegolf<\/a><\/li>\n<\/ul>\n\n<h3 class=\"wp-block-heading\">Hakkari DGP<\/h3>\n\n<p>Mets\u00e4inen 18-v\u00e4yl\u00e4inen rata.<\/p>\n\n<ul class=\"wp-block-list\">\n<li>20 minuutin ajomatka Tampereen keskustasta<\/li>\n\n\n\n<li>Frisbeegolfradat.fi: <a href=\"https:\/\/frisbeegolfradat.fi\/rata\/hakkari-discgolfpark\/\" data-type=\"link\" data-id=\"https:\/\/frisbeegolfradat.fi\/rata\/hakkari-discgolfpark\/\" target=\"_blank\" rel=\"noreferrer noopener\">Hakkari DGP<\/a><\/li>\n<\/ul>\n\n<h3 class=\"wp-block-heading\">Orivesi DGP<\/h3>\n\n<p>Suhteellisen uusi 18-v\u00e4yl\u00e4inen rata Rata on parempi kuin nykyiset arviot antavat ymm\u00e4rt\u00e4\u00e4. Mets\u00e4inen rata, joka vaatii melko pitki\u00e4 ja tarkkoja avauksia.  <\/p>\n\n<ul class=\"wp-block-list\">\n<li>35 minuutin ajomatka Tampereen keskustasta<\/li>\n\n\n\n<li>Frisbeegolfradat.fi: <a href=\"https:\/\/frisbeegolfradat.fi\/rata\/orivesi_discgolfpark\/\" data-type=\"link\" data-id=\"https:\/\/frisbeegolfradat.fi\/rata\/orivesi_discgolfpark\/\" target=\"_blank\" rel=\"noreferrer noopener\">Orivesi DGP<\/a><\/li>\n<\/ul>\n\n<h3 class=\"wp-block-heading\">Kylm\u00e4koski DiscGolfPark<\/h3>\n\n<p>Upea 27-v\u00e4yl\u00e4inen rata Kylm\u00e4koski on helposti l\u00e4hestytt\u00e4v\u00e4, mutta kohtuullisen vaativa rata. Syrj\u00e4isell\u00e4 radalla tarvitsee harvoin jonotella.  <\/p>\n\n<ul class=\"wp-block-list\">\n<li>35 minuutin ajomatka Tampereen keskustasta<\/li>\n\n\n\n<li>Frisbeegolfradat.fi: <a href=\"https:\/\/frisbeegolfradat.fi\/rata\/kylmakoski_discgolfpark\/\" data-type=\"link\" data-id=\"https:\/\/frisbeegolfradat.fi\/rata\/kylmakoski_discgolfpark\/\" target=\"_blank\" rel=\"noreferrer noopener\">Kylm\u00e4koski DiscGolfPark<\/a><\/li>\n<\/ul>\n\n<h3 class=\"wp-block-heading\">Korkeakangas DiscGolfPark<\/h3>\n\n<p>18-v\u00e4yl\u00e4inen rata, jossa on paljon korkeuseroja; talviaikaan paikka toimii hiihtokeskuksena.<\/p>\n\n<ul class=\"wp-block-list\">\n<li>45 minuutin ajomatka Tampereen keskustasta<\/li>\n\n\n\n<li>Frisbeegolfradat.fi: <a href=\"https:\/\/frisbeegolfradat.fi\/rata\/korkeakangas-discgolfpark\/\" target=\"_blank\" rel=\"noreferrer noopener\">Korkeakangas DiscGolfPark<\/a><\/li>\n<\/ul>\n\n<p>Ja t\u00e4ss\u00e4 vain muutama l\u00e4hialueen radoista. Yll\u00e4mainittujen lis\u00e4ksi l\u00e4hialueilta l\u00f6ytyy useita muitakin hyvi\u00e4 ratoja. Kysy paikallisilta suosituksia tai etsi ratoja <a href=\"\" data-type=\"\" data-id=\"\" target=\"\" rel=\"noopener\">Frisbeegolfradat.fi kartalta<\/a>. <\/p>\n\n<h3 class=\"wp-block-heading\">Vesaniemi FBG<\/h3>\n\n<p>Vesaniemi on noussut monien frisbeegolfaajien lempiradaksi. Paikallinen perhe on rakentanut huippuhienon frisbeegolfradan omalle tontilleen, jossa on hieno yhdistelm\u00e4 golf-v\u00e4yli\u00e4 ja tiukkoja mets\u00e4pillej\u00e4. Vesaniemeen on vajaa 1,5 tunnin ajomatka Tampereelta.  <\/p>\n\n<ul class=\"wp-block-list\">\n<li>1,5 tunnin ajomatka Tampereelta<\/li>\n\n\n\n<li>Frisbeegolfradat.fi: <a href=\"http:\/\/frisbeegolfradat.fi\/rata\/vesaniemi-fbg\/\" target=\"_blank\" rel=\"noopener\">Vesaniemi FBG<\/a><\/li>\n<\/ul>\n\n<p><em><sup>Kuva: Visit Tampere \/ Laura Vanzo<\/sup><\/em><\/p>\n","protected":false},"excerpt":{"rendered":"<p>Meid\u00e4n suomalaisten mukaan Tampere on Suomen rakastetuin asuin- ja matkailukaupunki. Se on el\u00e4m\u00e4ntapa, joka tempaa mukaansa. Tampereen salaisuus on sen omaper\u00e4isyys. Tampere on toimiva kokonaisuus kompaktissa<span class=\"excerpt-hellip\"> [\u2026]<\/span><\/p>\n","protected":false},"author":1,"featured_media":453,"parent":563,"menu_order":1,"comment_status":"closed","ping_status":"closed","template":"","meta":{"footnotes":""},"class_list":["post-626","page","type-page","status-publish","has-post-thumbnail","hentry"],"_links":{"self":[{"href":"https:\/\/discgolfworlds.com\/fi\/wp-json\/wp\/v2\/pages\/626","targetHints":{"allow":["GET"]}}],"collection":[{"href":"https:\/\/discgolfworlds.com\/fi\/wp-json\/wp\/v2\/pages"}],"about":[{"href":"https:\/\/discgolfworlds.com\/fi\/wp-json\/wp\/v2\/types\/page"}],"author":[{"embeddable":true,"href":"https:\/\/discgolfworlds.com\/fi\/wp-json\/wp\/v2\/users\/1"}],"replies":[{"embeddable":true,"href":"https:\/\/discgolfworlds.com\/fi\/wp-json\/wp\/v2\/comments?post=626"}],"version-history":[{"count":6,"href":"https:\/\/discgolfworlds.com\/fi\/wp-json\/wp\/v2\/pages\/626\/revisions"}],"predecessor-version":[{"id":788,"href":"https:\/\/discgolfworlds.com\/fi\/wp-json\/wp\/v2\/pages\/626\/revisions\/788"}],"up":[{"embeddable":true,"href":"https:\/\/discgolfworlds.com\/fi\/wp-json\/wp\/v2\/pages\/563"}],"wp:featuredmedia":[{"embeddable":true,"href":"https:\/\/discgolfworlds.com\/fi\/wp-json\/wp\/v2\/media\/453"}],"wp:attachment":[{"href":"https:\/\/discgolfworlds.com\/fi\/wp-json\/wp\/v2\/media?parent=626"}],"curies":[{"name":"wp","href":"https:\/\/api.w.org\/{rel}","templated":true}]}}