{"id":632,"date":"2024-04-13T07:07:06","date_gmt":"2024-04-13T04:07:06","guid":{"rendered":"https:\/\/discgolfworlds.com\/vieraile\/saapuminen\/"},"modified":"2025-07-16T07:32:07","modified_gmt":"2025-07-16T04:32:07","slug":"saapuminen","status":"publish","type":"page","link":"https:\/\/discgolfworlds.com\/fi\/vieraile\/saapuminen\/","title":{"rendered":"Saapuminen ja pys\u00e4k\u00f6inti"},"content":{"rendered":"\n<h2 class=\"wp-block-heading\">Radoille saapuminen<\/h2>\n\n<h3 class=\"wp-block-heading\">Julkinen liikenne<\/h3>\n\n<p>Kiitos Tampereen ja Nokian, voit matkustaa tapahtuman p\u00e4\u00e4sylipulla t\u00e4ysin ilmaiseksi joukkoliikenteess\u00e4.<\/p>\n\n<p>Julkisella liikkuminen on helpoin tapa saapua radalle. L\u00e4himm\u00e4t bussipys\u00e4kit sijaitsevat tapahtumapaikkojen v\u00e4litt\u00f6m\u00e4ss\u00e4 l\u00e4heisyydess\u00e4, ja p\u00e4\u00e4syliput sis\u00e4lt\u00e4v\u00e4t matkaoikeuden Tampereen seudun joukkoliikenteen Nyssen kyydiss\u00e4. Matkustusoikeus on voimassa busseissa ja ratikoissa lipun tapahtumap\u00e4iv\u00e4n\u00e4 klo 07\u201322. Matkaoikeus pit\u00e4\u00e4 vahvistaa lippulaitteella jokaisella matkalla. Matkaoikeuden tarjoaa Tampereen kaupunki.   <\/p>\n\n<p>Suosittelemme k\u00e4ytt\u00e4m\u00e4\u00e4n <a href=\"https:\/\/reittiopas.tampere.fi\/\" target=\"_blank\" rel=\"noreferrer noopener\">Nyssen reittiopasta<\/a> sopivan matkavaihtoehdon l\u00f6yt\u00e4miseen. Sinun tarvitsee tiet\u00e4\u00e4 vain radan osoite. Sinun tarvitsee tiet\u00e4\u00e4 vain radan osoite. <\/p>\n\n<p>Ratojen osoitteet ovat:<\/p>\n\n<ul class=\"wp-block-list\">\n<li>Nokia: Hinttalankatu 6, 37100 Nokia<\/li>\n\n\n\n<li>Tampere: Soukonvuorentie 14, 33560 Tampere<\/li>\n<\/ul>\n\n<h3 class=\"wp-block-heading\">Pys\u00e4k\u00f6inti<\/h3>\n\n<p>Pys\u00e4k\u00f6intialueet ovat hyvin rajalliset molempien ratojen yhteydess\u00e4. Siit\u00e4 syyst\u00e4 kehoitamme suosimaan kimppakyytej\u00e4, py\u00f6r\u00e4\u00e4 tai julkista liikennett\u00e4. <\/p>\n\n<p>Lauantaille ja sunnuntaille Nokialta on varattu erillinen et\u00e4pys\u00e4k\u00f6intialue, joka palvelee vieraita ilmaiseksi. Et\u00e4pys\u00e4k\u00f6innist\u00e4 on jatkuvat bussikuljetukset Nokian radalle ja takaisin. <\/p>\n\n<p>Jos saavut autolla, valmistaudu k\u00e4velem\u00e4\u00e4n kisakeskukselle. Henkil\u00f6kuntamme opastaa sinua l\u00e4himm\u00e4lle vapaalle parkkipaikalle. <\/p>\n\n<h4 class=\"wp-block-heading\">Tampere<\/h4>\n\n<p>Tampereella pys\u00e4k\u00f6intitilaa on vain p\u00e4\u00e4sylipun ostaneille. Pelaajien ja median sek\u00e4 Front Row ja Fairway VIP-lipun ostaneiden pys\u00e4k\u00f6inti on aivan kisakeskuksen vieress\u00e4 Soukonvuorentiell\u00e4 Tampereella.  Front Row ja Fairway VIP-lipullisten on hyv\u00e4 huomioida, ett\u00e4 pys\u00e4k\u00f6intitila kisakeskuksella ei riit\u00e4 pelaajille, henkil\u00f6st\u00f6lle, Front Row ja Fairway VIP-vieraille. Jos saavut my\u00f6h\u00e4ss\u00e4, valmistaudu pys\u00e4k\u00f6im\u00e4\u00e4n Tammer Golfin golfrangelle.  <\/p>\n\n<p>Useimpiin Tampereen VIP-lipuihin ja peruslippuun sis\u00e4ltyy pys\u00e4k\u00f6inti l\u00e4heisen Tammer Golfin rangella, mik\u00e4 on varattu yleis\u00f6npys\u00e4k\u00f6intialueeksi. Osoite on Tenniskatu 25, Tampere. Rangelta on n. 500 metrin k\u00e4vely frisbeegolfkeskukselle. (<a href=\"https:\/\/maps.app.goo.gl\/NWZNk7SMfMNTHH3i9\" target=\"_blank\" rel=\"noopener\">Google-karttalinkki yleis\u00f6npys\u00e4k\u00f6intialueelle, Tammer Golf<\/a>)<\/p>\n\n<h4 class=\"wp-block-heading\">Nokia<\/h4>\n\n<p>Nokialla kisakeskuksen l\u00e4hettyvill\u00e4 sijaitsevat pys\u00e4k\u00f6intialueet on varattu VIP-asiakkaille, pelaajille, henkil\u00f6kunnalle ja medialle. Pys\u00e4k\u00f6intitila kisakeskuksen l\u00e4hell\u00e4 on hyvin rajallista. <\/p>\n\n<p>Finaaliviikonloppuna, lauantaina ja sunnuntaina, 2.-3.8., yleis\u00f6n k\u00e4yt\u00f6ss\u00e4 on kaksi et\u00e4pys\u00e4k\u00f6intialuetta, alle 15 minuutin siirtym\u00e4n p\u00e4\u00e4ss\u00e4 kisakeskukselta. Et\u00e4pys\u00e4k\u00f6inti ja et\u00e4pys\u00e4k\u00f6innin bussikuljetukset ovat ilmaisia. <\/p>\n\n<p>Katso pys\u00e4k\u00f6intialueet ja niiden k\u00e4ytt\u00f6tarkoitukset alta. <\/p>\n\n<div class=\"responsive-iframe-container\">\n        <iframe src=\"https:\/\/www.google.com\/maps\/d\/embed?mid=1qXTVv_5FtaL4uA8rAFt5DHJ29_6ybUU&#038;ehbc=2E312F\" allowfullscreen=\"\"><\/iframe>\n    <\/div>\n\n<ul class=\"wp-block-list\">\n<li>P1, VIP-pys\u00e4k\u00f6inti &#8211; Kattokeskus Areena \/ Nokian j\u00e4\u00e4halli, Hinttalankatu 6, 37100 Nokia (<a href=\"https:\/\/maps.app.goo.gl\/2qJ3YaB7DYcJrvg59\" target=\"_blank\" rel=\"noopener\">Google-karttalinkki<\/a>)\n<ul class=\"wp-block-list\">\n<li>5 p\u00e4iv\u00e4n VIP-liput ja Skyboxit<\/li>\n<\/ul>\n<\/li>\n\n\n\n<li>P2, VIP-pys\u00e4k\u00f6inti &#8211; Keskuskentt\u00e4, Hinttalankatu 5, 37100 Nokia (<a href=\"https:\/\/maps.app.goo.gl\/YJ1G8eTUSrRmS9bM9\" target=\"_blank\" rel=\"noopener\">Google-karttalinkki<\/a>)\n<ul class=\"wp-block-list\">\n<li>1. v\u00e4yl\u00e4n ravintola-VIP ja Front Row VIP<\/li>\n<\/ul>\n<\/li>\n\n\n\n<li>P3, VIP-pys\u00e4k\u00f6inti &#8211; Nokia-sali, Kylm\u00e4nojankatu 3, 37100 Nokia (<a href=\"https:\/\/maps.app.goo.gl\/2hsaw8EAxNjBPBX19\" target=\"_blank\" rel=\"noopener\">Google-karttalinkki<\/a>)\n<ul class=\"wp-block-list\">\n<li>Area VIP<\/li>\n<\/ul>\n<\/li>\n\n\n\n<li>P4, VIP-pys\u00e4k\u00f6inti &#8211; Kankaantaan koulu, Ollilankatu 37100 Nokia (<a href=\"https:\/\/maps.app.goo.gl\/4mDzHpjS1P9FLCKv8\" target=\"_blank\" rel=\"noopener\">Google-karttalinkki<\/a>)\n<ul class=\"wp-block-list\">\n<li>Partner VIP<\/li>\n<\/ul>\n<\/li>\n\n\n\n<li>P5, Yleinen pys\u00e4k\u00f6inti &#8211; ACGO Power Arena, Kankaantaankatu 6, 37100 (<a href=\"https:\/\/maps.app.goo.gl\/eF1DjWtCEd1A5D187\" target=\"_blank\" rel=\"noopener\">Google-karttalinkki<\/a>)\n<ul class=\"wp-block-list\">\n<li>Huom! Saatavilla vain ke 30.7. ja su 3.8.<\/li>\n\n\n\n<li><strong>Ei saatavilla la 2.8.<\/strong><\/li>\n<\/ul>\n<\/li>\n\n\n\n<li>P6, Yleinen pys\u00e4k\u00f6inti &#8211; Kolmenkulmantie 1, 31750 Nokia (<a href=\"https:\/\/maps.app.goo.gl\/Fyz4maNL6vrQA6Dd9\" target=\"_blank\" rel=\"noopener\">Google-karttalinkki<\/a>)\n<ul class=\"wp-block-list\">\n<li>Bussit liikenn\u00f6iv\u00e4t klo 9.00-20.30. Katso aikataulu alempaa. <\/li>\n\n\n\n<li><strong>Saatavilla vain la &amp; su, 2.-3.8.<\/strong><\/li>\n<\/ul>\n<\/li>\n\n\n\n<li>P7, Yleinen pys\u00e4k\u00f6inti &#8211; Pikkuluomankatu 7, 33330 Tampere (<a href=\"https:\/\/maps.app.goo.gl\/2hrs842S78Rh59Nx9\" target=\"_blank\" rel=\"noopener\">Google-karttalinkki<\/a>)\n<ul class=\"wp-block-list\">\n<li>Bussit liikenn\u00f6iv\u00e4t klo 9.00-20.30. Katso aikataulu alempaa. <\/li>\n\n\n\n<li><strong>Saatavilla vain la &amp; su, 2.-3.8.<\/strong><\/li>\n<\/ul>\n<\/li>\n\n\n\n<li>P8, Yleinen pys\u00e4k\u00f6inti &#8211; Souranderintie 3, 37100 Nokia (<a href=\"https:\/\/maps.app.goo.gl\/XJh2UXFTgdzCdTpw6\" target=\"_blank\" rel=\"noopener\">Google-karttalinkki<\/a>)\n<ul class=\"wp-block-list\">\n<li>Nokian Renkaiden pys\u00e4k\u00f6intialue, Nesteen kylm\u00e4aseman viereiset sora-alueet. ~1300m p\u00e4\u00e4ss\u00e4 kisakeskukselta. <\/li>\n\n\n\n<li><strong>Saatavilla vain la &amp; su, 2.-3.8.<\/strong><\/li>\n<\/ul>\n<\/li>\n<\/ul>\n\n<p>Et\u00e4pys\u00e4k\u00f6inti alueiden ja Nokian kisakeskuksen v\u00e4lill\u00e4 kulkee muutama bussi lauantaina ja sunnuntaina. Et\u00e4pys\u00e4k\u00f6innin bussien aikataulu: <\/p>\n\n<figure class=\"wp-block-image size-full\"><img loading=\"lazy\" decoding=\"async\" width=\"979\" height=\"692\" src=\"https:\/\/discgolfworlds.com\/wp-content\/uploads\/2025\/07\/Screenshot-2025-07-07-at-14.27.49.png\" alt=\"Worlds Shuttle bus schedule\" class=\"wp-image-1602\" srcset=\"https:\/\/discgolfworlds.com\/wp-content\/uploads\/2025\/07\/Screenshot-2025-07-07-at-14.27.49.png 979w, https:\/\/discgolfworlds.com\/wp-content\/uploads\/2025\/07\/Screenshot-2025-07-07-at-14.27.49-500x353.png 500w, https:\/\/discgolfworlds.com\/wp-content\/uploads\/2025\/07\/Screenshot-2025-07-07-at-14.27.49-300x212.png 300w, https:\/\/discgolfworlds.com\/wp-content\/uploads\/2025\/07\/Screenshot-2025-07-07-at-14.27.49-768x543.png 768w, https:\/\/discgolfworlds.com\/wp-content\/uploads\/2025\/07\/Screenshot-2025-07-07-at-14.27.49-106x75.png 106w, https:\/\/discgolfworlds.com\/wp-content\/uploads\/2025\/07\/Screenshot-2025-07-07-at-14.27.49-480x339.png 480w\" sizes=\"auto, (max-width:767px) 480px, (max-width:979px) 100vw, 979px\" \/><figcaption class=\"wp-element-caption\">MM-kisojen bussiaikataulu lauantaina ja sunnuntaina et\u00e4pys\u00e4k\u00f6innist\u00e4 Nokian kisakeskukselle.<\/figcaption><\/figure>\n\n<h2 class=\"wp-block-heading\">Saapuminen Suomeen (Tampere ja Nokia)<\/h2>\n\n<p>Lenn\u00e4 suoraan Tampere-Pirkkalan lentoasemalle. Lentokentt\u00e4 on vain:<\/p>\n\n<ul class=\"wp-block-list\">\n<li>15 minuutin p\u00e4\u00e4ss\u00e4 Nokian radasta<\/li>\n\n\n\n<li>20 minuutin p\u00e4\u00e4ss\u00e4 Tampereen radasta<\/li>\n<\/ul>\n\n<p>Voit my\u00f6s lent\u00e4\u00e4 Helsinkiin ja tulla junalla Tampereelle. Junamatka kest\u00e4\u00e4 vain kaksi tuntia.<\/p>\n\n<iframe loading=\"lazy\" frameborder=\"0\" width=\"1280\" height=\"720\" allowfullscreen=\"\" webkitallowfullscreen=\"\" mozallowfullscreen=\"\" src=\"https:\/\/www.dreambroker.com\/channel\/zyf1kzcg\/iframe\/kkvqwkuh\" title=\"Dream Broker Studio video player\"><\/iframe>\n\n<p><em>Kuva: Visit Tampere \/ Laura Vanzo<\/em><\/p>\n","protected":false},"excerpt":{"rendered":"<p>Radoille saapuminen Julkinen liikenne Kiitos Tampereen ja Nokian, voit matkustaa tapahtuman p\u00e4\u00e4sylipulla t\u00e4ysin ilmaiseksi joukkoliikenteess\u00e4. Julkisella liikkuminen on helpoin tapa saapua radalle. L\u00e4himm\u00e4t bussipys\u00e4kit sijaitsevat tapahtumapaikkojen<span class=\"excerpt-hellip\"> [\u2026]<\/span><\/p>\n","protected":false},"author":1,"featured_media":549,"parent":563,"menu_order":1,"comment_status":"closed","ping_status":"closed","template":"","meta":{"footnotes":""},"class_list":["post-632","page","type-page","status-publish","has-post-thumbnail","hentry"],"_links":{"self":[{"href":"https:\/\/discgolfworlds.com\/fi\/wp-json\/wp\/v2\/pages\/632","targetHints":{"allow":["GET"]}}],"collection":[{"href":"https:\/\/discgolfworlds.com\/fi\/wp-json\/wp\/v2\/pages"}],"about":[{"href":"https:\/\/discgolfworlds.com\/fi\/wp-json\/wp\/v2\/types\/page"}],"author":[{"embeddable":true,"href":"https:\/\/discgolfworlds.com\/fi\/wp-json\/wp\/v2\/users\/1"}],"replies":[{"embeddable":true,"href":"https:\/\/discgolfworlds.com\/fi\/wp-json\/wp\/v2\/comments?post=632"}],"version-history":[{"count":13,"href":"https:\/\/discgolfworlds.com\/fi\/wp-json\/wp\/v2\/pages\/632\/revisions"}],"predecessor-version":[{"id":1696,"href":"https:\/\/discgolfworlds.com\/fi\/wp-json\/wp\/v2\/pages\/632\/revisions\/1696"}],"up":[{"embeddable":true,"href":"https:\/\/discgolfworlds.com\/fi\/wp-json\/wp\/v2\/pages\/563"}],"wp:featuredmedia":[{"embeddable":true,"href":"https:\/\/discgolfworlds.com\/fi\/wp-json\/wp\/v2\/media\/549"}],"wp:attachment":[{"href":"https:\/\/discgolfworlds.com\/fi\/wp-json\/wp\/v2\/media?parent=632"}],"curies":[{"name":"wp","href":"https:\/\/api.w.org\/{rel}","templated":true}]}}