{"id":634,"date":"2024-04-13T07:08:12","date_gmt":"2024-04-13T04:08:12","guid":{"rendered":"https:\/\/discgolfworlds.com\/vieraile\/majoitus\/"},"modified":"2025-07-16T15:19:42","modified_gmt":"2025-07-16T12:19:42","slug":"majoitus","status":"publish","type":"page","link":"https:\/\/discgolfworlds.com\/fi\/vieraile\/majoitus\/","title":{"rendered":"Majoitus"},"content":{"rendered":"\n<p>Olemme yhdess\u00e4 virallisen matkayhteisty\u00f6kumppanimme <a href=\"https:\/\/elamysevents.fi\/frisbeegolf-mm-2025?lang=fi&amp;:id=frisbeegolf-mm-2025#\/search\/event\" target=\"_blank\" rel=\"noopener\">El\u00e4mysmatkojen<\/a> kanssa paketoineet frisbeegolfin MM-kisoihin saapuville lajin yst\u00e4ville sek\u00e4 VIP-vieraille parhaat majoituspaketit Tampereen monipuolisesta hotellitarjonnasta.<\/p>\n\n<p><a href=\"https:\/\/elamysevents.fi\/frisbeegolf-mm-2025?lang=fi&amp;:id=frisbeegolf-mm-2025#\/search\/event\" target=\"_blank\" rel=\"noopener\">Tutustu ja varaa MM-kisojen hotellimajoitus El\u00e4mysmatkojen verkkokaupasta t\u00e4\u00e4lt\u00e4.<\/a><\/p>\n\n<p>Valittavissasi on eri tasoisia hotellivaihtoehtoja, jotka sijoittuvat niin Nokian kuin Tampereen kisapaikkojen v\u00e4litt\u00f6m\u00e4\u00e4n l\u00e4heisyyteen, unohtamatta kisakaupungin upeita kes\u00e4iltoja keskustan vilkkaudessa.<\/p>\n\n<p>Kaikki majoitusvaihtoehdot sijaitsevat n. 20 minuutin matkan p\u00e4\u00e4ss\u00e4 l\u00e4himm\u00e4st\u00e4 frisbeegolfradasta, joten p\u00e4\u00e4set halutessasi pelaamaan vaivatta.<\/p>\n\n<p>Voit valita haluamasi hotellimajoituksen, tapahtumalipulla tai ilman, koko kisa-ajalle 28.7.-4.8.2025 tai lyhyemp\u00e4\u00e4n muutaman y\u00f6n viipym\u00e4\u00e4n.<\/p>\n\n<p>Hotellihuoneita on tarjolla niin yhden, kahden kuin kolmen henkil\u00f6n huoneluokissa.<\/p>\n\n<p>MM-kisojen kumppanihotellejamme ovat muun muassa:<\/p>\n\n<ul class=\"wp-block-list\">\n<li><strong>Sokos Hotel Ilves<\/strong> (standard 1hh ja 2hh)<\/li>\n\n\n\n<li><strong>Sokos Hotel Torni<\/strong> (solo 1hh ja 2hh)<\/li>\n\n\n\n<li><strong>Courtyard by Marriott Tampere City<\/strong> (standard 1hh ja 2hh)<\/li>\n\n\n\n<li><strong>Scandic Tampere<\/strong> H\u00e4meenpuisto (standard 2hh ja 3hh)<\/li>\n\n\n\n<li><strong>Scandic Tampere City<\/strong> (standard 2hh ja 3hh)<\/li>\n\n\n\n<li><strong>Scandic Nokia<\/strong> (standard 1hh, 2hh ja 3hh + superior 2hh)<\/li>\n<\/ul>\n\n<p>Huoneita saatavilla rajoitetusti.<\/p>\n\n<p>Varaukset vahvistetaan saapumisj\u00e4rjestyksess\u00e4.<\/p>\n","protected":false},"excerpt":{"rendered":"<p>Olemme yhdess\u00e4 virallisen matkayhteisty\u00f6kumppanimme El\u00e4mysmatkojen kanssa paketoineet frisbeegolfin MM-kisoihin saapuville lajin yst\u00e4ville sek\u00e4 VIP-vieraille parhaat majoituspaketit Tampereen monipuolisesta hotellitarjonnasta. Tutustu ja varaa MM-kisojen hotellimajoitus El\u00e4mysmatkojen verkkokaupasta<span class=\"excerpt-hellip\"> [\u2026]<\/span><\/p>\n","protected":false},"author":1,"featured_media":552,"parent":563,"menu_order":1,"comment_status":"closed","ping_status":"closed","template":"","meta":{"footnotes":""},"class_list":["post-634","page","type-page","status-publish","has-post-thumbnail","hentry"],"_links":{"self":[{"href":"https:\/\/discgolfworlds.com\/fi\/wp-json\/wp\/v2\/pages\/634","targetHints":{"allow":["GET"]}}],"collection":[{"href":"https:\/\/discgolfworlds.com\/fi\/wp-json\/wp\/v2\/pages"}],"about":[{"href":"https:\/\/discgolfworlds.com\/fi\/wp-json\/wp\/v2\/types\/page"}],"author":[{"embeddable":true,"href":"https:\/\/discgolfworlds.com\/fi\/wp-json\/wp\/v2\/users\/1"}],"replies":[{"embeddable":true,"href":"https:\/\/discgolfworlds.com\/fi\/wp-json\/wp\/v2\/comments?post=634"}],"version-history":[{"count":14,"href":"https:\/\/discgolfworlds.com\/fi\/wp-json\/wp\/v2\/pages\/634\/revisions"}],"predecessor-version":[{"id":1705,"href":"https:\/\/discgolfworlds.com\/fi\/wp-json\/wp\/v2\/pages\/634\/revisions\/1705"}],"up":[{"embeddable":true,"href":"https:\/\/discgolfworlds.com\/fi\/wp-json\/wp\/v2\/pages\/563"}],"wp:featuredmedia":[{"embeddable":true,"href":"https:\/\/discgolfworlds.com\/fi\/wp-json\/wp\/v2\/media\/552"}],"wp:attachment":[{"href":"https:\/\/discgolfworlds.com\/fi\/wp-json\/wp\/v2\/media?parent=634"}],"curies":[{"name":"wp","href":"https:\/\/api.w.org\/{rel}","templated":true}]}}