{"id":639,"date":"2024-04-13T07:10:18","date_gmt":"2024-04-13T04:10:18","guid":{"rendered":"https:\/\/discgolfworlds.com\/vieraile\/ukk\/"},"modified":"2025-06-12T16:08:43","modified_gmt":"2025-06-12T13:08:43","slug":"ukk","status":"publish","type":"page","link":"https:\/\/discgolfworlds.com\/fi\/vieraile\/ukk\/","title":{"rendered":"UKK"},"content":{"rendered":"\n<p><strong>K: Tarvitseeko tapahtumaan ostaa lippu?<\/strong><br\/><strong>V<\/strong>: Kyll\u00e4 ja ei, p\u00e4\u00e4sylippu vaaditaan useimpiin tapahtuma-alueisiin \u2014 mukaan lukien Tampereen radalle ja Nokian VIP-alueille. Nokian radalla on kuitenkin useita ilmaisia yleis\u00f6alueita, joihin ei tarvita lippua. Katso lis\u00e4\u00e4 kohdasta <a class=\"\" href=\"#\">t\u00e4\u00e4lt\u00e4<\/a>.  <\/p>\n\n<p><strong>K: Miss\u00e4 voin seurata kilpailua ilman lippua?<\/strong><br\/><br\/><strong>V:<\/strong> Nokian radalla on useita ilmaisia katselualueita, joille p\u00e4\u00e4see ilman lippua.<\/p>\n\n<p><strong>K: Mist\u00e4 voin ostaa lippuja?<\/strong><br\/><strong>V:<\/strong> Liput voi ostaa osoitteesta Lippu.fi. Voit lukea lis\u00e4\u00e4 lipuista <a href=\"https:\/\/discgolfworlds.com\/fi\/vieraile\/liput\/\" data-type=\"page\" data-id=\"855\">Liput-sivulta<\/a>. <\/p>\n\n<p><strong>K: Millaisia ruokavaihtoehtoja tapahtumassa on?<\/strong><br\/><strong>V:<\/strong> Sek\u00e4 Nokian ett\u00e4 Tampereen kisakeskuksissa on Street Food-alueet, joista l\u00f6ytyy laaja valikoima ruokaa \u2014 hampurilaisista ja wok-annoksista BBQ-herkkuihin ja muikkuannoksiin. VIP-vieraille tarjotaan korkeatasoista cateringia omissa VIP-alueissa.  <\/p>\n\n<p><strong>K: Saako tapahtumaan tuoda omia ev\u00e4it\u00e4?<\/strong><br\/><strong>V:<\/strong> Pienet ev\u00e4\u00e4t ja alkoholittomat juomat ovat sallittuja. Isot kylm\u00e4laukut ja piknik-viritykset eiv\u00e4t ole suositeltavia. Alkoholijuomat eiv\u00e4t ole sallittuja eik\u00e4 niit\u00e4 tarjoilla tapahtuma-alueilla.  <\/p>\n\n<p><strong>K: Onko tapahtumapaikoilla pys\u00e4k\u00f6inti\u00e4?<\/strong><br\/><strong>V<\/strong>: <strong>Nokian radalla<\/strong> <strong>ei ole yleis\u00f6pys\u00e4k\u00f6inti\u00e4<\/strong>. Kaikki pys\u00e4k\u00f6inti on varattu <strong>pelaajille, henkil\u00f6kunnalle, VIP-vieraille, medialle ja muille<\/strong> <strong>sidosryhmille<\/strong>. Saavuthan paikalle jalan, py\u00f6r\u00e4ll\u00e4, julkisilla tai tapahtuman j\u00e4rjest\u00e4m\u00e4ll\u00e4 kuljetuksella et\u00e4pys\u00e4k\u00f6innist\u00e4.  <br\/><strong>Tampereen<\/strong> <strong>radalla<\/strong>: VIP-lipun haltijoille on varattu <strong>oma pys\u00e4k\u00f6intialue kisakeskuksen l\u00e4heisyydess\u00e4<\/strong>.<br\/>Yleis\u00f6lippuun <strong>sis\u00e4ltyy pys\u00e4k\u00f6intipaikka<\/strong> <strong>Tammer-Golfin<\/strong> rangella, josta on lyhyt k\u00e4velymatka radalle.<\/p>\n\n<p><strong>K: Onko tapahtuma perheyst\u00e4v\u00e4llinen?<\/strong><br\/><strong>V<\/strong>: Kyll\u00e4! Tapahtuma sopii erinomaisesti koko perheelle \u2014 avoimet nurmialuee ja monipuoliset ruokavaihtoehdot tekev\u00e4t tapahtumasta helposti l\u00e4hestytt\u00e4v\u00e4n kaikenik\u00e4isille. <\/p>\n\n<p><strong>K: Onko saatavilla ratakarttoja tai kisaohjelmia?<\/strong><br\/><strong>V:<\/strong> Kyll\u00e4. Digitaaliset ratakartat ja aikataulut l\u00f6ytyv\u00e4t verkkosivuiltamme ja sosiaalisesta mediasta. Painettuja ohjelmia ja opasteita on saatavilla my\u00f6s paikan p\u00e4\u00e4ll\u00e4.  <\/p>\n\n<p><strong>K: Onko lippuja viel\u00e4 saatavilla?<\/strong><br\/><strong>V:<\/strong> Joitakin yleis\u00f6lippuja on viel\u00e4 j\u00e4ljell\u00e4 <strong>Tampereen p\u00e4iville<\/strong> (torstai ja perjantai). Yhden p\u00e4iv\u00e4n <strong>VIP-lippuja<\/strong> on my\u00f6s saatavilla rajoitetusti. Kaikki j\u00e4ljell\u00e4 olevat liput n\u00e4et <a class=\"\" href=\"#\">Liput<\/a>-sivulta. <\/p>\n\n<p><strong>K: Voinko ostaa lippuja paikan p\u00e4\u00e4lt\u00e4?<\/strong><br\/>V: Kyll\u00e4, voit ostaa lippuja paikan p\u00e4\u00e4lt\u00e4 Tampereelta, mutta jos haluat varmistaa, ett\u00e4 sis\u00e4\u00e4np\u00e4\u00e4syn, kannattaa ostaa liput ennakkoon. Nokialle on ilmainen sis\u00e4\u00e4np\u00e4\u00e4sy. <\/p>\n\n<p><strong>K: Voinko katsoa kilpailua televisiosta?<\/strong><br\/>V: Kyll\u00e4. Voit seurata kilpailul\u00e4hetyksi\u00e4 suorana Yle Areenasta suomen kielisell\u00e4 selostuksella. <\/p>\n\n<p><strong>K: Onko tapahtumassa yleis\u00f6kierroksia?<br\/><\/strong>V: Tapahtuman yhteydess\u00e4 j\u00e4rjestet\u00e4\u00e4n rajoitetusti yleis\u00f6kierroksia, mutta n\u00e4m\u00e4 on myyty jo loppuun.<\/p>\n\n<p>Onko muita kysymyksi\u00e4? <a href=\"https:\/\/discgolfworlds.com\/fi\/tapahtumainfo\/ota-yhteytta\/\" data-type=\"page\" data-id=\"476\">Ota yhteytt\u00e4<\/a>. <\/p>\n","protected":false},"excerpt":{"rendered":"<p>K: Tarvitseeko tapahtumaan ostaa lippu?V: Kyll\u00e4 ja ei, p\u00e4\u00e4sylippu vaaditaan useimpiin tapahtuma-alueisiin \u2014 mukaan lukien Tampereen radalle ja Nokian VIP-alueille. Nokian radalla on kuitenkin useita ilmaisia<span class=\"excerpt-hellip\"> [\u2026]<\/span><\/p>\n","protected":false},"author":1,"featured_media":539,"parent":563,"menu_order":1,"comment_status":"closed","ping_status":"closed","template":"","meta":{"footnotes":""},"class_list":["post-639","page","type-page","status-publish","has-post-thumbnail","hentry"],"_links":{"self":[{"href":"https:\/\/discgolfworlds.com\/fi\/wp-json\/wp\/v2\/pages\/639","targetHints":{"allow":["GET"]}}],"collection":[{"href":"https:\/\/discgolfworlds.com\/fi\/wp-json\/wp\/v2\/pages"}],"about":[{"href":"https:\/\/discgolfworlds.com\/fi\/wp-json\/wp\/v2\/types\/page"}],"author":[{"embeddable":true,"href":"https:\/\/discgolfworlds.com\/fi\/wp-json\/wp\/v2\/users\/1"}],"replies":[{"embeddable":true,"href":"https:\/\/discgolfworlds.com\/fi\/wp-json\/wp\/v2\/comments?post=639"}],"version-history":[{"count":2,"href":"https:\/\/discgolfworlds.com\/fi\/wp-json\/wp\/v2\/pages\/639\/revisions"}],"predecessor-version":[{"id":1433,"href":"https:\/\/discgolfworlds.com\/fi\/wp-json\/wp\/v2\/pages\/639\/revisions\/1433"}],"up":[{"embeddable":true,"href":"https:\/\/discgolfworlds.com\/fi\/wp-json\/wp\/v2\/pages\/563"}],"wp:featuredmedia":[{"embeddable":true,"href":"https:\/\/discgolfworlds.com\/fi\/wp-json\/wp\/v2\/media\/539"}],"wp:attachment":[{"href":"https:\/\/discgolfworlds.com\/fi\/wp-json\/wp\/v2\/media?parent=639"}],"curies":[{"name":"wp","href":"https:\/\/api.w.org\/{rel}","templated":true}]}}