{"id":647,"date":"2024-04-13T07:01:19","date_gmt":"2024-04-13T04:01:19","guid":{"rendered":"https:\/\/discgolfworlds.com\/tapahtumainfo\/yhteistyokumppanit\/"},"modified":"2026-03-10T13:22:29","modified_gmt":"2026-03-10T11:22:29","slug":"yhteistyokumppanit","status":"publish","type":"page","link":"https:\/\/discgolfworlds.com\/fi\/tapahtumainfo\/yhteistyokumppanit\/","title":{"rendered":"Yhteisty\u00f6kumppanit"},"content":{"rendered":"\n<h2 class=\"wp-block-heading\"><strong>HALUATKO TAVOITTAA YLEIS\u00d6N YHDEST\u00c4 MAAILMAN NOPEIMMIN KASVAVISTA LAJEISTA?<\/strong><\/h2>\n\n<p>Etsimme yhteisty\u00f6kumppaneita frisbeegolfin MM-kisoihin. Tavoitteemme on j\u00e4rjest\u00e4\u00e4 maailman paras frisbeegolftapahtuma. MM-kisat j\u00e4rjestet\u00e4\u00e4n 30.7.-3.8.2025 Tampereella ja Nokialla, kahdella frisbeegolfradalla. Tapahtumaan osallistuvat kaikki maailman parhaat frisbeegolfaajat. Lis\u00e4ksi odotamme yli 25 000 vierailijaa viikon aikana.   <\/p>\n\n<p>Frisbeegolfin MM-kisat n\u00e4hd\u00e4\u00e4n kokonaisuudessaan my\u00f6s Yle Areenasta suorana. Kisojen odotetaan tavoittavan miljoonia katsojia Suomessa ja maailmalla. Lue lis\u00e4\u00e4: <a href=\"https:\/\/frisbeegolfmedia.fi\/uutiset\/yle-nayttaa-historialliset-mm-kisat-suorana\/\" target=\"_blank\" rel=\"noopener\">Yle n\u00e4ytt\u00e4\u00e4 historialliset MM-kisat suorana<\/a> <\/p>\n\n<h2 class=\"wp-block-heading\"><strong>KENET TAVOITAT KANSSAMME?<\/strong><\/h2>\n\n<ul class=\"wp-block-list\">\n<li>Isoin kohderyhm\u00e4 on 25-45 vuotiaat miehet, jotka ovat kiinnostuneita urheilusta ja ulkoilusta. <\/li>\n\n\n\n<li>Toiseksi suurin kohderyhm\u00e4 on 15-24 vuotiaat urheilulliset nuoret miehet.<\/li>\n\n\n\n<li>Kasvavin kohderyhm\u00e4 on perheet, jotka harrastavat frisbeegolfia, mutta ovat muutenkin hyvin akviisia ja urheilullisia.<\/li>\n<\/ul>\n\n<p>Frisbeegolf on yksi maailman nopeimmin kasvavista urheilulajeista. Suomessa frisbeegolfin aktiiviharrastajia on jo yli 200 000! <\/p>\n\n<p><em>Etsitk\u00f6 kisalogoja? Voit ladata ne <a href=\"https:\/\/drive.google.com\/drive\/folders\/1K0XPGcKhZAWtlm2TPC-56gFiLkaw_mi-\" target=\"_blank\" data-type=\"link\" data-id=\"https:\/\/drive.google.com\/drive\/folders\/1K0XPGcKhZAWtlm2TPC-56gFiLkaw_mi-\" rel=\"noreferrer noopener\">t\u00e4\u00e4lt\u00e4<\/a>. <\/em><\/p>\n\n<hr class=\"wp-block-separator has-alpha-channel-opacity\"\/>\n\n<p>Kumppanuudet ja myynti<br\/><strong>Lauri Alasaukko-oja<\/strong><br\/>+358 50 364 7798<br\/>lauri@frisbeegolfmedia.fi<br\/><\/p>\n","protected":false},"excerpt":{"rendered":"<p>HALUATKO TAVOITTAA YLEIS\u00d6N YHDEST\u00c4 MAAILMAN NOPEIMMIN KASVAVISTA LAJEISTA? Etsimme yhteisty\u00f6kumppaneita frisbeegolfin MM-kisoihin. Tavoitteemme on j\u00e4rjest\u00e4\u00e4 maailman paras frisbeegolftapahtuma. MM-kisat j\u00e4rjestet\u00e4\u00e4n 30.7.-3.8.2025 Tampereella ja Nokialla, kahdella frisbeegolfradalla.<span class=\"excerpt-hellip\"> [\u2026]<\/span><\/p>\n","protected":false},"author":1,"featured_media":531,"parent":564,"menu_order":1,"comment_status":"closed","ping_status":"closed","template":"","meta":{"footnotes":""},"class_list":["post-647","page","type-page","status-publish","has-post-thumbnail","hentry"],"_links":{"self":[{"href":"https:\/\/discgolfworlds.com\/fi\/wp-json\/wp\/v2\/pages\/647","targetHints":{"allow":["GET"]}}],"collection":[{"href":"https:\/\/discgolfworlds.com\/fi\/wp-json\/wp\/v2\/pages"}],"about":[{"href":"https:\/\/discgolfworlds.com\/fi\/wp-json\/wp\/v2\/types\/page"}],"author":[{"embeddable":true,"href":"https:\/\/discgolfworlds.com\/fi\/wp-json\/wp\/v2\/users\/1"}],"replies":[{"embeddable":true,"href":"https:\/\/discgolfworlds.com\/fi\/wp-json\/wp\/v2\/comments?post=647"}],"version-history":[{"count":7,"href":"https:\/\/discgolfworlds.com\/fi\/wp-json\/wp\/v2\/pages\/647\/revisions"}],"predecessor-version":[{"id":3142,"href":"https:\/\/discgolfworlds.com\/fi\/wp-json\/wp\/v2\/pages\/647\/revisions\/3142"}],"up":[{"embeddable":true,"href":"https:\/\/discgolfworlds.com\/fi\/wp-json\/wp\/v2\/pages\/564"}],"wp:featuredmedia":[{"embeddable":true,"href":"https:\/\/discgolfworlds.com\/fi\/wp-json\/wp\/v2\/media\/531"}],"wp:attachment":[{"href":"https:\/\/discgolfworlds.com\/fi\/wp-json\/wp\/v2\/media?parent=647"}],"curies":[{"name":"wp","href":"https:\/\/api.w.org\/{rel}","templated":true}]}}