{"id":651,"date":"2024-04-12T12:32:25","date_gmt":"2024-04-12T09:32:25","guid":{"rendered":"https:\/\/discgolfworlds.com\/tapahtumainfo\/yleista\/"},"modified":"2025-04-05T13:14:29","modified_gmt":"2025-04-05T10:14:29","slug":"yleista","status":"publish","type":"page","link":"https:\/\/discgolfworlds.com\/fi\/tapahtumainfo\/yleista\/","title":{"rendered":"Yleist\u00e4"},"content":{"rendered":"\n<p>Frisbeegolfin MM-kisat on lajin suurin tapahtuma. Maailman parhaat pelaajat kilpailevat maailmanmestaruudesta.<\/p>\n\n<p>Frisbeegolfin MM-kisat 2025 j\u00e4rjestet\u00e4\u00e4n Tampereella ja Nokialla Suomessa &#8211; ensimm\u00e4ist\u00e4 kertaa Pohjois-Amerikan ulkopuolella. MM-kisat pelataan kahdella maailmanluokan radalla: Tampereen frisbeegolfkeskuksella (The Monster) ja Nokia DiscGolfParkissa (The Beast).<\/p>\n\n<p>MM-kisat kilpaillaan keskiviikosta sunnuntaihin 30.7.-3.8. 2025. MM-kisat kilpaillaan keskiviikosta sunnuntaihin 30.7.-3.8. 2025. Ennen varsinaisia MM-kisoja, j\u00e4rjestet\u00e4\u00e4n my\u00f6s sekaparien ja kentt\u00e4kilpailujen (puttaus, pituusheitto) maailmanmestaruuskilpailut.<\/p>\n\n<p>Kisoissa n\u00e4hd\u00e4\u00e4n yli 200 frisbeegolfaria, jotka kilpailevat frisbeegolfin suurimmasta tittelist\u00e4. Pelaajarekister\u00f6inti on auennut maaliskuun lopussa. T\u00e4h\u00e4n menness\u00e4 rekister\u00f6ityneet pelaajat on n\u00e4ht\u00e4vill\u00e4 <a href=\"https:\/\/www.pdga.com\/tour\/event\/90947\" target=\"_blank\" data-type=\"link\" data-id=\"https:\/\/www.pdga.com\/tour\/event\/90947\" rel=\"noreferrer noopener\">t\u00e4\u00e4ll\u00e4<\/a>.<\/p>\n\n<p>Frisbeegolfin MM-kisat 2025 on kaikkien aikojen suurin frisbeegolftapahtuma Euroopassa. Kilpailuun odotetaan yli 25 000 katsojaa eri puolilta maailmaa.<\/p>\n","protected":false},"excerpt":{"rendered":"<p>Frisbeegolfin MM-kisat on lajin suurin tapahtuma. Maailman parhaat pelaajat kilpailevat maailmanmestaruudesta. Frisbeegolfin MM-kisat 2025 j\u00e4rjestet\u00e4\u00e4n Tampereella ja Nokialla Suomessa &#8211; ensimm\u00e4ist\u00e4 kertaa Pohjois-Amerikan ulkopuolella. MM-kisat pelataan<span class=\"excerpt-hellip\"> [\u2026]<\/span><\/p>\n","protected":false},"author":1,"featured_media":541,"parent":564,"menu_order":1,"comment_status":"closed","ping_status":"closed","template":"","meta":{"footnotes":""},"class_list":["post-651","page","type-page","status-publish","has-post-thumbnail","hentry"],"_links":{"self":[{"href":"https:\/\/discgolfworlds.com\/fi\/wp-json\/wp\/v2\/pages\/651","targetHints":{"allow":["GET"]}}],"collection":[{"href":"https:\/\/discgolfworlds.com\/fi\/wp-json\/wp\/v2\/pages"}],"about":[{"href":"https:\/\/discgolfworlds.com\/fi\/wp-json\/wp\/v2\/types\/page"}],"author":[{"embeddable":true,"href":"https:\/\/discgolfworlds.com\/fi\/wp-json\/wp\/v2\/users\/1"}],"replies":[{"embeddable":true,"href":"https:\/\/discgolfworlds.com\/fi\/wp-json\/wp\/v2\/comments?post=651"}],"version-history":[{"count":2,"href":"https:\/\/discgolfworlds.com\/fi\/wp-json\/wp\/v2\/pages\/651\/revisions"}],"predecessor-version":[{"id":1221,"href":"https:\/\/discgolfworlds.com\/fi\/wp-json\/wp\/v2\/pages\/651\/revisions\/1221"}],"up":[{"embeddable":true,"href":"https:\/\/discgolfworlds.com\/fi\/wp-json\/wp\/v2\/pages\/564"}],"wp:featuredmedia":[{"embeddable":true,"href":"https:\/\/discgolfworlds.com\/fi\/wp-json\/wp\/v2\/media\/541"}],"wp:attachment":[{"href":"https:\/\/discgolfworlds.com\/fi\/wp-json\/wp\/v2\/media?parent=651"}],"curies":[{"name":"wp","href":"https:\/\/api.w.org\/{rel}","templated":true}]}}