{"id":653,"date":"2024-04-13T07:00:44","date_gmt":"2024-04-13T04:00:44","guid":{"rendered":"https:\/\/discgolfworlds.com\/tapahtumainfo\/radat\/"},"modified":"2025-07-26T08:59:44","modified_gmt":"2025-07-26T05:59:44","slug":"radat","status":"publish","type":"page","link":"https:\/\/discgolfworlds.com\/fi\/tapahtumainfo\/radat\/","title":{"rendered":"Radat"},"content":{"rendered":"\n<p>Frisbeegolfin MM-kisat 2025 pelataan kahdella radalla: Tampereen frisbeegolfkeskuksella (The Monster) ja Nokia DiscGolfParkissa (The Beast). Molemmat radat kuuluvat maailman ikonisimpien ratojen joukkoon. <\/p>\n\n<p class=\"has-text-align-center\"><strong><em>Huom! Molemmat radat on suljettu yleis\u00f6lt\u00e4. <\/em><\/strong><\/p>\n\n<h2 class=\"wp-block-heading\">MM-kisaradat p\u00e4hkin\u00e4nkuoressa<\/h2>\n\n<figure class=\"wp-block-table\"><table><thead><tr><th>Rata<\/th><th>Par<\/th><th>Pituus<\/th><th>Par lukema*<\/th><\/tr><\/thead><tbody><tr><td>The Beast (Nokia)<\/td><td>63<\/td><td>2794m<\/td><td>993<\/td><\/tr><tr><td>The Monster (Tampere)<\/td><td>67<\/td><td>3280m<\/td><td>1016<\/td><\/tr><\/tbody><\/table><figcaption class=\"wp-element-caption\">*Par-tuloksen PDGA-rating, 2024 European Open, MPO-luokka.<br\/><\/figcaption><\/figure>\n\n<h3 class=\"wp-block-heading\">Ratojen osoitteet<\/h3>\n\n<ul class=\"wp-block-list\">\n<li>The Beast (Nokia): Hinttalankatu 6, 37150 Nokia<\/li>\n\n\n\n<li>The Monster (Tampere): Soukonvuorentie 14 38, 33560 Tampere<\/li>\n<\/ul>\n\n<p>Suunnitteletko saapuvasi autolla? Lue lis\u00e4\u00e4 saapumisesta ja pys\u00e4k\u00f6innist\u00e4 t\u00e4\u00e4ll\u00e4: <a href=\"https:\/\/discgolfworlds.com\/fi\/vieraile\/saapuminen\/\" data-type=\"page\" data-id=\"480\">Saapuminen ja pys\u00e4k\u00f6inti<\/a> <\/p>\n\n<h2 class=\"wp-block-heading has-text-align-left\">Caddie bookit<\/h2>\n\n<p class=\"has-text-align-left\">Frisbeegolfin MM-kisojen <strong>viralliset Caddie Bookit<\/strong> l\u00f6ytyv\u00e4t t\u00e4\u00e4lt\u00e4: <a href=\"https:\/\/parkdly.com\/pdga-pro-worlds\" target=\"_blank\" rel=\"noreferrer noopener\">https:\/\/parkdly.com\/pdga-pro-worlds<\/a><\/p>\n\n<p class=\"has-text-align-center\"><em>Caddie book sis\u00e4lt\u00e4\u00e4 yksityiskohtaiset tiedot jokaisesta v\u00e4yl\u00e4st\u00e4, mukaan lukien v\u00e4yl\u00e4kuvaukset, mitat, OB-alueet, mandot sek\u00e4 muut kilpailussa noudatettavat s\u00e4\u00e4nn\u00f6t ja ohjeet.<\/em><\/p>\n\n<div style=\"height:48px\" aria-hidden=\"true\" class=\"wp-block-spacer\"><\/div>\n\n<h2 class=\"wp-block-heading\">The Beast (Nokia DiscGolfPark)<\/h2>\n\n<p>MM-kisat huipentuu Nokian Beastill\u00e4, joka on yksi maailman kuuluisimmista frisbeegolfradoista. Sen lis\u00e4ksi, ett\u00e4 se on monen toivelistalla, Beast on my\u00f6s monen ammattilaispelaajan lempirata. Beast vaatii pelaajilta monipuolista peli\u00e4. Erityisen\u00e4 elementtin\u00e4 Beastill\u00e4 on viimeiset v\u00e4yl\u00e4t, jotka j\u00e4tt\u00e4neet kerrottavaa faneille ja pelaajille joka vuosi.   <\/p>\n\n<p>Kuka kesytt\u00e4\u00e4 \u201dBeastin\u201d 2025, kun panoksena on maailmanmestaruus? Kuka pystyy pit\u00e4m\u00e4\u00e4n p\u00e4\u00e4ns\u00e4 kasassa, kun tuhannet silm\u00e4parit seuraavat jokaista heittoa? <\/p>\n\n<h3 class=\"wp-block-heading\">The Beast (Nokia) aluekartta<\/h3>\n\n<figure class=\"wp-block-image size-large\"><img loading=\"lazy\" decoding=\"async\" width=\"1200\" height=\"872\" src=\"https:\/\/discgolfworlds.com\/wp-content\/uploads\/2025\/07\/MM2025_The_Beast_Nokia_Area_Map_FINAL-1200x872.jpg\" alt=\"Nokian Beastin aluekartta, 2025.\" class=\"wp-image-1575\" srcset=\"https:\/\/discgolfworlds.com\/wp-content\/uploads\/2025\/07\/MM2025_The_Beast_Nokia_Area_Map_FINAL-1200x872.jpg 1200w, https:\/\/discgolfworlds.com\/wp-content\/uploads\/2025\/07\/MM2025_The_Beast_Nokia_Area_Map_FINAL-500x364.jpg 500w, https:\/\/discgolfworlds.com\/wp-content\/uploads\/2025\/07\/MM2025_The_Beast_Nokia_Area_Map_FINAL-300x218.jpg 300w, https:\/\/discgolfworlds.com\/wp-content\/uploads\/2025\/07\/MM2025_The_Beast_Nokia_Area_Map_FINAL-768x558.jpg 768w, https:\/\/discgolfworlds.com\/wp-content\/uploads\/2025\/07\/MM2025_The_Beast_Nokia_Area_Map_FINAL-1536x1117.jpg 1536w, https:\/\/discgolfworlds.com\/wp-content\/uploads\/2025\/07\/MM2025_The_Beast_Nokia_Area_Map_FINAL-2048x1489.jpg 2048w, https:\/\/discgolfworlds.com\/wp-content\/uploads\/2025\/07\/MM2025_The_Beast_Nokia_Area_Map_FINAL-103x75.jpg 103w, https:\/\/discgolfworlds.com\/wp-content\/uploads\/2025\/07\/MM2025_The_Beast_Nokia_Area_Map_FINAL-480x349.jpg 480w\" sizes=\"auto, (max-width:767px) 480px, (max-width:1200px) 100vw, 1200px\" \/><figcaption class=\"wp-element-caption\">Aluekartta Nokian radalla, Frisbeegolfin MM-kisat 2025. Ilmaiset yleis\u00f6alueet on merkitty karttaan ruskealla v\u00e4rill\u00e4.<\/figcaption><\/figure>\n\n<figure class=\"wp-block-image size-large\"><img loading=\"lazy\" decoding=\"async\" width=\"1200\" height=\"802\" src=\"https:\/\/discgolfworlds.com\/wp-content\/uploads\/2025\/06\/MM2025_The_Beast_Nokia_Course_Map_FPO-1-1200x802.jpg\" alt=\"Naisten luokan ratakartta, Nokia\" class=\"wp-image-1494\" srcset=\"https:\/\/discgolfworlds.com\/wp-content\/uploads\/2025\/06\/MM2025_The_Beast_Nokia_Course_Map_FPO-1-1200x802.jpg 1200w, https:\/\/discgolfworlds.com\/wp-content\/uploads\/2025\/06\/MM2025_The_Beast_Nokia_Course_Map_FPO-1-500x334.jpg 500w, https:\/\/discgolfworlds.com\/wp-content\/uploads\/2025\/06\/MM2025_The_Beast_Nokia_Course_Map_FPO-1-300x201.jpg 300w, https:\/\/discgolfworlds.com\/wp-content\/uploads\/2025\/06\/MM2025_The_Beast_Nokia_Course_Map_FPO-1-768x513.jpg 768w, https:\/\/discgolfworlds.com\/wp-content\/uploads\/2025\/06\/MM2025_The_Beast_Nokia_Course_Map_FPO-1-1536x1027.jpg 1536w, https:\/\/discgolfworlds.com\/wp-content\/uploads\/2025\/06\/MM2025_The_Beast_Nokia_Course_Map_FPO-1-2048x1369.jpg 2048w, https:\/\/discgolfworlds.com\/wp-content\/uploads\/2025\/06\/MM2025_The_Beast_Nokia_Course_Map_FPO-1-112x75.jpg 112w, https:\/\/discgolfworlds.com\/wp-content\/uploads\/2025\/06\/MM2025_The_Beast_Nokia_Course_Map_FPO-1-480x321.jpg 480w\" sizes=\"auto, (max-width:767px) 480px, (max-width:1200px) 100vw, 1200px\" \/><figcaption class=\"wp-element-caption\">FPO Layout Beast<\/figcaption><\/figure>\n\n<p><strong>Nokia DiscGolfPark (The Beast)<\/strong> virallinen caddie book l\u00f6ytyy t\u00e4\u00e4lt\u00e4: <a href=\"https:\/\/parkdly.com\/pdga-pro-worlds\" target=\"_blank\" rel=\"noreferrer noopener\">https:\/\/parkdly.com\/pdga-pro-worlds<\/a><\/p>\n\n<h3 class=\"wp-block-heading\">Nokia rata-aikataulu<\/h3>\n\n<p>Nokian rata on suljettu yleis\u00f6lt\u00e4 30.6.2025 l\u00e4htien.<\/p>\n\n<figure class=\"wp-block-table\"><table class=\"has-fixed-layout\"><thead><tr><th>P\u00e4iv\u00e4m\u00e4\u00e4r\u00e4<\/th><th>Nokian rata<\/th><\/tr><\/thead><tbody><tr><td>1.-15.7.<\/td><td>Suljettu, radan valmisteluty\u00f6t<\/td><\/tr><tr><td>16.-17.7.<\/td><td>European Amateur Open harjoitusk\u00e4ytt\u00f6<\/td><\/tr><tr><td>18.-20.7.<\/td><td>European Amateur Open<\/td><\/tr><tr><td>21.7.<\/td><td>Ratavalmistelut<br\/>NoFS Flex, parikisa (seuran kisa)<\/td><\/tr><tr><td>22.7.<\/td><td>Ratavalmistelut<br\/>NoFS Flex (seuran kisa)<\/td><\/tr><tr><td>23.-25.7.<\/td><td>Radan valmisteluty\u00f6t, harjoitusk\u00e4ytt\u00f6<\/td><\/tr><tr><td>26.7.<\/td><td>Sekaparit, harjoitusk\u00e4ytt\u00f6<\/td><\/tr><tr><td>27.-28.7.<\/td><td>Harjoitusp\u00e4iv\u00e4<\/td><\/tr><tr><td>29.7.<\/td><td>Harjoitusk\u00e4ytt\u00f6, lehdist\u00f6tilaisuus<\/td><\/tr><tr><td>30.7.<\/td><td>Kierros 1 (lohkot A ja C)<\/td><\/tr><tr><td>31.7.<\/td><td>Kierros 2 (lohkot B ja D)<\/td><\/tr><tr><td>1.8.<\/td><td>Kierros 3 (Lohkot B ja D)<\/td><\/tr><tr><td>2.8.<\/td><td>Kierros 4 (lohkot A ja C)<\/td><\/tr><tr><td>3.8.<\/td><td>Finaalikierros (lohkot A ja C)<\/td><\/tr><tr><td>4.8.<\/td><td>Final Beast yleis\u00f6kierros (loppuunmyyty)<\/td><\/tr><tr><td>5.-6.8.<\/td><td>Nokian kisarata suljettu<\/td><\/tr><tr><td>7.8.<\/td><td>Nokian normaali rata pelattavissa<\/td><\/tr><\/tbody><\/table><\/figure>\n\n<figure class=\"wp-block-image size-full\"><img loading=\"lazy\" decoding=\"async\" width=\"1200\" height=\"800\" src=\"https:\/\/discgolfworlds.com\/wp-content\/uploads\/2024\/04\/EO-23-Round-3-8.jpg\" alt=\"The Beast MM-kisat 2025\" class=\"wp-image-613\" srcset=\"https:\/\/discgolfworlds.com\/wp-content\/uploads\/2024\/04\/EO-23-Round-3-8.jpg 1200w, https:\/\/discgolfworlds.com\/wp-content\/uploads\/2024\/04\/EO-23-Round-3-8-500x333.jpg 500w, https:\/\/discgolfworlds.com\/wp-content\/uploads\/2024\/04\/EO-23-Round-3-8-300x200.jpg 300w, https:\/\/discgolfworlds.com\/wp-content\/uploads\/2024\/04\/EO-23-Round-3-8-768x512.jpg 768w, https:\/\/discgolfworlds.com\/wp-content\/uploads\/2024\/04\/EO-23-Round-3-8-113x75.jpg 113w, https:\/\/discgolfworlds.com\/wp-content\/uploads\/2024\/04\/EO-23-Round-3-8-480x320.jpg 480w\" sizes=\"auto, (max-width:767px) 480px, (max-width:1200px) 100vw, 1200px\" \/><figcaption class=\"wp-element-caption\">Keskeinen osa kokemusta Beastill\u00e4 ovat tuhannet katsojat v\u00e4ylien reunoilla. Kuva: Discmania <\/figcaption><\/figure>\n\n<h2 class=\"wp-block-heading\">The Monster (Tampere Disc Golf Center)<\/h2>\n\n<p>Tampereen frisbeegolfkeskuksen major-layoutin par-lukema on 67. Se on 3 280 metri\u00e4 pitk\u00e4 moderni rata, jossa pelaajia haastavat rinteet, tiukat mets\u00e4v\u00e4yl\u00e4t, haastavat griinit. Radan tarkoituksena on haastaa maailman parhaat pelaajat. Jos pelaaja pystyy pelaamaan par-tuloksen radalla, se riitt\u00e4\u00e4 per\u00e4ti PDGA-rating lukemaan 1016. (MPO, European Open 2024.) <\/p>\n\n<p>Tampereen frisbeegolfkeskukselle p\u00e4\u00e4see vain p\u00e4\u00e4sylipulla. Tampereelle mahtuu vain rajallinen m\u00e4\u00e4r\u00e4 katsojia. P\u00e4\u00e4sylipullisella tapahtumalla varmistetaan, ett\u00e4 tapahtumael\u00e4mys on huippuluokkaa, niin pelaajille kuin katsojille. Tapahtumalippuja on rajallinen m\u00e4\u00e4r\u00e4 ja niit\u00e4 on kahdenlaisia: yleinen p\u00e4\u00e4sylippu ja VIP-lippu. Yleisell\u00e4 p\u00e4\u00e4sylipulla p\u00e4\u00e4set seuraamaan yli puolia v\u00e4ylist\u00e4. Mets\u00e4v\u00e4yli\u00e4 8-15 p\u00e4\u00e4see seuraamaan vain tietyill\u00e4 VIP-lipulla.    <\/p>\n\n<h3 class=\"wp-block-heading\">The Monster (Tampere) aluekartta<\/h3>\n\n<figure class=\"wp-block-image size-full\"><img loading=\"lazy\" decoding=\"async\" width=\"1780\" height=\"1264\" src=\"https:\/\/discgolfworlds.com\/wp-content\/uploads\/2025\/07\/ProWorlds2025_Tampere_Area_Map.png\" alt=\"\" class=\"wp-image-1717\" srcset=\"https:\/\/discgolfworlds.com\/wp-content\/uploads\/2025\/07\/ProWorlds2025_Tampere_Area_Map.png 1780w, https:\/\/discgolfworlds.com\/wp-content\/uploads\/2025\/07\/ProWorlds2025_Tampere_Area_Map-500x355.png 500w\" sizes=\"auto, (max-width:767px) 480px, (max-width:1780px) 100vw, 1780px\" \/><figcaption class=\"wp-element-caption\">Course and area map of the Monster, Tampere, Pro Worlds 2025<\/figcaption><\/figure>\n\n<figure class=\"wp-block-image size-large\"><img loading=\"lazy\" decoding=\"async\" width=\"1200\" height=\"834\" src=\"https:\/\/discgolfworlds.com\/wp-content\/uploads\/2025\/06\/MM2025_Tampere_Course_Map_FPO-1200x834.jpg\" alt=\"Naisten luokan ratakartta, Tampereen frisbeegolfkeskus\" class=\"wp-image-1496\" srcset=\"https:\/\/discgolfworlds.com\/wp-content\/uploads\/2025\/06\/MM2025_Tampere_Course_Map_FPO-1200x834.jpg 1200w, https:\/\/discgolfworlds.com\/wp-content\/uploads\/2025\/06\/MM2025_Tampere_Course_Map_FPO-500x347.jpg 500w, https:\/\/discgolfworlds.com\/wp-content\/uploads\/2025\/06\/MM2025_Tampere_Course_Map_FPO-300x208.jpg 300w, https:\/\/discgolfworlds.com\/wp-content\/uploads\/2025\/06\/MM2025_Tampere_Course_Map_FPO-768x533.jpg 768w, https:\/\/discgolfworlds.com\/wp-content\/uploads\/2025\/06\/MM2025_Tampere_Course_Map_FPO-1536x1067.jpg 1536w, https:\/\/discgolfworlds.com\/wp-content\/uploads\/2025\/06\/MM2025_Tampere_Course_Map_FPO-2048x1423.jpg 2048w, https:\/\/discgolfworlds.com\/wp-content\/uploads\/2025\/06\/MM2025_Tampere_Course_Map_FPO-108x75.jpg 108w, https:\/\/discgolfworlds.com\/wp-content\/uploads\/2025\/06\/MM2025_Tampere_Course_Map_FPO-480x333.jpg 480w\" sizes=\"auto, (max-width:767px) 480px, (max-width:1200px) 100vw, 1200px\" \/><figcaption class=\"wp-element-caption\">FPO layout Monster.<\/figcaption><\/figure>\n\n<p><strong>Tampere Disc Golf Center (The Monster)<\/strong> virallinen caddie book l\u00f6ytyy t\u00e4\u00e4lt\u00e4: <a href=\"https:\/\/parkdly.com\/pdga-pro-worlds\" target=\"_blank\" rel=\"noreferrer noopener\">https:\/\/parkdly.com\/pdga-pro-worlds<\/a><\/p>\n\n<h3 class=\"wp-block-heading\">Tampere rata-aikataulu<\/h3>\n\n<figure class=\"wp-block-table\"><table class=\"has-fixed-layout\"><thead><tr><th>P\u00e4iv\u00e4m\u00e4\u00e4r\u00e4<\/th><th>Tampereen ratat<\/th><\/tr><\/thead><tbody><tr><td>1.-15.7.<\/td><td>Suljettu, radan valmisteluty\u00f6t<\/td><\/tr><tr><td>16.-17.7.<\/td><td>European Amateur Open harjoitusk\u00e4ttt\u00f6, radan valmisteluty\u00f6t<\/td><\/tr><tr><td>18.-20.7.<\/td><td>European Amateur Open<\/td><\/tr><tr><td>21.-25.7.<\/td><td>Radan valmisteluty\u00f6t, harjoitusk\u00e4ytt\u00f6<\/td><\/tr><tr><td>26.-29.7.<\/td><td>Harjoitusp\u00e4iv\u00e4<\/td><\/tr><tr><td>30.7.<\/td><td>Kierros 1 (Lohkot B ja D)<\/td><\/tr><tr><td>31.7.<\/td><td>Kierros 2 (Lohkot A ja C)<\/td><\/tr><tr><td>1.8.<\/td><td>Kierros 3 (Lohkot A ja C)<\/td><\/tr><tr><td>2.8.<\/td><td>Kierros 4 (Lohkot B ja D)<\/td><\/tr><tr><td>3.8.<\/td><td>Yleis\u00f6kierrokset (loppuunmyyty)<\/td><\/tr><tr><td>4.-5.8.<\/td><td>Tampereen rata suljettu<\/td><\/tr><tr><td>6.8.<\/td><td>Rata pelattavissa<\/td><\/tr><\/tbody><\/table><\/figure>\n<div class=\"wp-block-image\">\n<figure class=\"alignleft size-large\"><img decoding=\"async\" src=\"https:\/\/opendiscgolf.com\/wp-content\/uploads\/2024\/03\/DSC5662.jpg\" alt=\"\"\/><figcaption class=\"wp-element-caption\">The Monster, V\u00e4yl\u00e4 18, Par 3. Kuuluisa sukellusvenev\u00e4yl\u00e4 on kierroksen p\u00e4\u00e4tt\u00e4v\u00e4 v\u00e4yl\u00e4. <\/figcaption><\/figure><\/div>\n<h3 class=\"wp-block-heading\">The Monster Event Village<\/h3>\n\n<p>Tampereella on European Openin aikana v\u00e4liaikainen kisakyl\u00e4, joka palvelee katsojia torstaina ja perjantaina. Kisakyl\u00e4st\u00e4 l\u00f6yd\u00e4t mm. Powergripin myym\u00e4l\u00e4n sek\u00e4 street food-alueen. Katsojien pys\u00e4k\u00f6intialue on viereisen Tammer-golfin range-alue, joka sijaitsee osoitteessa Tenniskatu 25, Tampere. L\u00f6yd\u00e4t lis\u00e4\u00e4 saapumis- ja pys\u00e4k\u00f6intiohjeita t\u00e4\u00e4lt\u00e4: <a href=\"https:\/\/discgolfworlds.com\/fi\/vieraile\/saapuminen\/\" data-type=\"page\" data-id=\"480\">Arrival and Parking<\/a>.   <\/p>\n\n<p>Tampereella kilpailua voi seurata vain p\u00e4\u00e4sylipulla. Sama koskee my\u00f6s pys\u00e4k\u00f6inti\u00e4. Katso lippuvaihtoehdot <a href=\"https:\/\/discgolfworlds.com\/fi\/vieraile\/liput\/\" data-type=\"page\" data-id=\"489\">t\u00e4\u00e4lt\u00e4<\/a>.<\/p>\n","protected":false},"excerpt":{"rendered":"<p>Frisbeegolfin MM-kisat 2025 pelataan kahdella radalla: Tampereen frisbeegolfkeskuksella (The Monster) ja Nokia DiscGolfParkissa (The Beast). Molemmat radat kuuluvat maailman ikonisimpien ratojen joukkoon. Huom! Molemmat radat on<span class=\"excerpt-hellip\"> [\u2026]<\/span><\/p>\n","protected":false},"author":1,"featured_media":539,"parent":564,"menu_order":1,"comment_status":"closed","ping_status":"closed","template":"","meta":{"footnotes":""},"class_list":["post-653","page","type-page","status-publish","has-post-thumbnail","hentry"],"_links":{"self":[{"href":"https:\/\/discgolfworlds.com\/fi\/wp-json\/wp\/v2\/pages\/653","targetHints":{"allow":["GET"]}}],"collection":[{"href":"https:\/\/discgolfworlds.com\/fi\/wp-json\/wp\/v2\/pages"}],"about":[{"href":"https:\/\/discgolfworlds.com\/fi\/wp-json\/wp\/v2\/types\/page"}],"author":[{"embeddable":true,"href":"https:\/\/discgolfworlds.com\/fi\/wp-json\/wp\/v2\/users\/1"}],"replies":[{"embeddable":true,"href":"https:\/\/discgolfworlds.com\/fi\/wp-json\/wp\/v2\/comments?post=653"}],"version-history":[{"count":16,"href":"https:\/\/discgolfworlds.com\/fi\/wp-json\/wp\/v2\/pages\/653\/revisions"}],"predecessor-version":[{"id":1811,"href":"https:\/\/discgolfworlds.com\/fi\/wp-json\/wp\/v2\/pages\/653\/revisions\/1811"}],"up":[{"embeddable":true,"href":"https:\/\/discgolfworlds.com\/fi\/wp-json\/wp\/v2\/pages\/564"}],"wp:featuredmedia":[{"embeddable":true,"href":"https:\/\/discgolfworlds.com\/fi\/wp-json\/wp\/v2\/media\/539"}],"wp:attachment":[{"href":"https:\/\/discgolfworlds.com\/fi\/wp-json\/wp\/v2\/media?parent=653"}],"curies":[{"name":"wp","href":"https:\/\/api.w.org\/{rel}","templated":true}]}}