{"id":716,"date":"2024-04-17T13:01:15","date_gmt":"2024-04-17T10:01:15","guid":{"rendered":"https:\/\/discgolfworlds.com\/tapahtumainfo\/kauppa\/"},"modified":"2025-06-13T14:15:18","modified_gmt":"2025-06-13T11:15:18","slug":"kauppa","status":"publish","type":"page","link":"https:\/\/discgolfworlds.com\/fi\/tapahtumainfo\/kauppa\/","title":{"rendered":"Kauppa"},"content":{"rendered":"\n<p>Etsitk\u00f6 MM-kisatuotteita? Ensimm\u00e4inen er\u00e4 frisbeegolfin MM-kisojen virallisia kisakiekkoja on julkaistu!<\/p>\n\n<p>Osta viralliset vuoden 2025 frisbeegolfin MM-kisojen tuotteet t\u00e4\u00e4lt\u00e4: <a href=\"https:\/\/www.discmania.net\/collections\/world-championships-2025\" target=\"_blank\" rel=\"noopener\">Discmania Store (USA)<\/a> &amp; <a href=\"https:\/\/europe.discmania.net\/collections\/pdga-pro-worlds-2025\" data-type=\"link\" data-id=\"https:\/\/europe.discmania.net\/collections\/world-championships-2025\" target=\"_blank\" rel=\"noopener\">Discmania Store Europe<\/a>.<\/p>\n","protected":false},"excerpt":{"rendered":"<p>Etsitk\u00f6 MM-kisatuotteita? Ensimm\u00e4inen er\u00e4 frisbeegolfin MM-kisojen virallisia kisakiekkoja on julkaistu! Osta viralliset vuoden 2025 frisbeegolfin MM-kisojen tuotteet t\u00e4\u00e4lt\u00e4: Discmania Store (USA) &amp; Discmania Store Europe.<\/p>\n","protected":false},"author":1,"featured_media":746,"parent":564,"menu_order":1,"comment_status":"closed","ping_status":"closed","template":"","meta":{"footnotes":""},"class_list":["post-716","page","type-page","status-publish","has-post-thumbnail","hentry"],"_links":{"self":[{"href":"https:\/\/discgolfworlds.com\/fi\/wp-json\/wp\/v2\/pages\/716","targetHints":{"allow":["GET"]}}],"collection":[{"href":"https:\/\/discgolfworlds.com\/fi\/wp-json\/wp\/v2\/pages"}],"about":[{"href":"https:\/\/discgolfworlds.com\/fi\/wp-json\/wp\/v2\/types\/page"}],"author":[{"embeddable":true,"href":"https:\/\/discgolfworlds.com\/fi\/wp-json\/wp\/v2\/users\/1"}],"replies":[{"embeddable":true,"href":"https:\/\/discgolfworlds.com\/fi\/wp-json\/wp\/v2\/comments?post=716"}],"version-history":[{"count":7,"href":"https:\/\/discgolfworlds.com\/fi\/wp-json\/wp\/v2\/pages\/716\/revisions"}],"predecessor-version":[{"id":1453,"href":"https:\/\/discgolfworlds.com\/fi\/wp-json\/wp\/v2\/pages\/716\/revisions\/1453"}],"up":[{"embeddable":true,"href":"https:\/\/discgolfworlds.com\/fi\/wp-json\/wp\/v2\/pages\/564"}],"wp:featuredmedia":[{"embeddable":true,"href":"https:\/\/discgolfworlds.com\/fi\/wp-json\/wp\/v2\/media\/746"}],"wp:attachment":[{"href":"https:\/\/discgolfworlds.com\/fi\/wp-json\/wp\/v2\/media?parent=716"}],"curies":[{"name":"wp","href":"https:\/\/api.w.org\/{rel}","templated":true}]}}