{"id":899,"date":"2024-11-13T14:48:41","date_gmt":"2024-11-13T12:48:41","guid":{"rendered":"https:\/\/discgolfworlds.com\/vieraile\/liput-2\/"},"modified":"2025-07-16T15:15:46","modified_gmt":"2025-07-16T12:15:46","slug":"liput","status":"publish","type":"page","link":"https:\/\/discgolfworlds.com\/fi\/vieraile\/liput\/","title":{"rendered":"Liput"},"content":{"rendered":"\n<p>Viimeiset liput frisbeegolfin MM-kisoihin myyd\u00e4\u00e4n nyt! Jos haluat kokea maailman isoimman frisbeegolftapahtuman VIP-asiakkaana tai haluat seurata Tampereen kisakierroksia torstaina 31.7. tai perjantaina 1.8., osta lippusi nyt. <\/p>\n\n<p>Huom! Nokian kisakierroksia voi seurata ilmaiseksi paikan p\u00e4\u00e4ll\u00e4 keskiviikkona 30.7., lauantaina 2.8. ja sunnuntaina 3.8. <a href=\"https:\/\/discgolfworlds.com\/fi\/vieraile\/nokian-ilmaiset-katselualueet\/\" data-type=\"page\" data-id=\"1424\">ilmaisilta yleis\u00f6alueilta<\/a>. <\/p>\n\n<p>Lippujen hinnat eiv\u00e4t sis\u00e4ll\u00e4 lippupalvelun palvelumaksua. Palvelumaksu (alkaen 1,5\u20ac\/tilaus), lis\u00e4t\u00e4\u00e4n oston yhdeydess\u00e4. (<a href=\"https:\/\/www.lippu.fi\/\" target=\"_blank\" rel=\"noreferrer noopener\">www.lippu.fi<\/a>)<\/p>\n\n<p>Alle 10-vuotiaille lapsille vapaa p\u00e4\u00e4sy maksavan aikuisen seurassa. P\u00e4tee kaikkiin lipputyyppeihin. VIP-lippu sis\u00e4lt\u00e4\u00e4 lounaan ja tuotepaketin yhdelle hengelle per lippu.  <\/p>\n\n<p>Jos olet jo hankkinut lipun ja haluat tehd\u00e4 siihen muutoksia, ota yhteytt\u00e4 <a href=\"https:\/\/www.lippu.fi\/campaign\/yhteystiedot\" target=\"_blank\" rel=\"noreferrer noopener\">lippupisteen asiakaspalveluun<\/a>.<\/p>\n\n<script src=\"https:\/\/www.lippu.fi\/obj\/nucleus\/partner\/iframe.js\"><\/script><iframe frameborder=\"0\" style=\"width:100%; height:550px;\" src=\"https:\/\/www.lippu.fi\/eventseries\/3770052\/?affiliate=FGO\"><\/iframe><script type=\"text\/javascript\">eventim.iframe({scrollOnFirstLoad: false});\n<\/script>\n\n<h3 class=\"wp-block-heading\"><\/h3>\n\n<p>Lippujen hinnat: 14,90 \u2013 15000 \u20ac +palvelumaksu (alkaen 1,50 \u20ac <a href=\"https:\/\/www.lippu.fi\/\" target=\"_blank\" rel=\"noreferrer noopener\">www.lippu.fi<\/a>)<\/p>\n\n<p><strong>Nysse Tampere joukkoliikenne<\/strong><br\/>Tapahtuman p\u00e4\u00e4syliput sis\u00e4lt\u00e4v\u00e4t matkaoikeuden Tampereen seudun joukkoliikenteen Nyssen kyydiss\u00e4. P\u00e4\u00e4sylippujen matkustusoikeus on voimassa Nysse-liikenteen busseissa ja ratikoissa lipun tapahtumap\u00e4iv\u00e4n\u00e4 klo 07\u201322 koko Nysse-alueella. Matkaoikeus pit\u00e4\u00e4 vahvistaa lippulaitteella jokaisella matkalla. Lis\u00e4tietoa: <a href=\"http:\/\/www.nysse.fi\" target=\"_blank\" rel=\"noreferrer noopener\">www.nysse.fi<\/a>   <\/p>\n\n<h2 class=\"wp-block-heading\">P\u00e4\u00e4syalueet lipputyypeitt\u00e4in<\/h2>\n\n<figure class=\"wp-block-table\"><table><thead><tr><th>Lipputyyppi<\/th><th>Hinta (\u20ac)<\/th><th>P\u00e4\u00e4sy alueelle (Nokia)<\/th><th>P\u00e4\u00e4sy alueelle (Tampere)<\/th><th>Arboretum-alue, v\u00e4yl\u00e4t 4-8 (Nokia)<\/th><th>V\u00e4yl\u00e4t 12-13 (Nokia)<\/th><th>Mets\u00e4alue, v\u00e4yl\u00e4t 8-16 (Tampere)<\/th><th>VIP-alueet (Tampere ja\/tai Nokia)<\/th><th>P\u00e4\u00e4sy v\u00e4ylille (Tampere ja\/tai Nokia)<\/th><th>P\u00e4\u00e4sy eturiviin (Tampere ja\/tai Nokia)<\/th><\/tr><\/thead><tbody><tr><td>7-Day 2025 PDGA Worlds Luxury Experience<\/td><td>15000<\/td><td><img decoding=\"async\" src=\"\/wp-content\/uploads\/2024\/11\/Worlds25_pallura_50x50.png\"\/><\/td><td><img decoding=\"async\" src=\"\/wp-content\/uploads\/2024\/11\/Worlds25_pallura_50x50.png\"\/><\/td><td><img decoding=\"async\" src=\"\/wp-content\/uploads\/2024\/11\/Worlds25_pallura_50x50.png\"\/><\/td><td><img decoding=\"async\" src=\"https:\/\/discgolfworlds.com\/wp-content\/uploads\/2024\/11\/Worlds25_pallura_50x50.png\"\/><\/td><td><img decoding=\"async\" src=\"\/wp-content\/uploads\/2024\/11\/Worlds25_pallura_50x50.png\"\/><\/td><td><img decoding=\"async\" src=\"\/wp-content\/uploads\/2024\/11\/Worlds25_pallura_50x50.png\"\/><\/td><td><img decoding=\"async\" src=\"\/wp-content\/uploads\/2024\/11\/Worlds25_pallura_50x50.png\"\/><\/td><td><img decoding=\"async\" src=\"\/wp-content\/uploads\/2024\/11\/Worlds25_pallura_50x50.png\"\/><\/td><\/tr><tr><td>The Beast 18th Hole Private Skybox VIP<\/td><td>1500 &#8211; 2500<\/td><td><img decoding=\"async\" src=\"\/wp-content\/uploads\/2024\/11\/Worlds25_pallura_50x50.png\"\/><\/td><td><\/td><td><img decoding=\"async\" src=\"\/wp-content\/uploads\/2024\/11\/Worlds25_pallura_50x50.png\"\/><\/td><td><\/td><td><\/td><td><img decoding=\"async\" src=\"\/wp-content\/uploads\/2024\/11\/Worlds25_pallura_50x50.png\"\/><\/td><td><\/td><td><\/td><\/tr><tr><td>Worlds 18th Hole Restaurant VIP<\/td><td>149 &#8211; 199<\/td><td><img decoding=\"async\" src=\"\/wp-content\/uploads\/2024\/11\/Worlds25_pallura_50x50.png\"\/><\/td><td><\/td><td><img decoding=\"async\" src=\"\/wp-content\/uploads\/2024\/11\/Worlds25_pallura_50x50.png\"\/><\/td><td><\/td><td><\/td><td><img decoding=\"async\" src=\"\/wp-content\/uploads\/2024\/11\/Worlds25_pallura_50x50.png\"\/><\/td><td><\/td><td><\/td><\/tr><tr><td>5-Day Worlds Week VIP (ke &#8211; su)<\/td><td>319 &#8211; 359<\/td><td><img decoding=\"async\" src=\"\/wp-content\/uploads\/2024\/11\/Worlds25_pallura_50x50.png\"\/><\/td><td><img decoding=\"async\" src=\"\/wp-content\/uploads\/2024\/11\/Worlds25_pallura_50x50.png\"\/><\/td><td><img decoding=\"async\" src=\"\/wp-content\/uploads\/2024\/11\/Worlds25_pallura_50x50.png\"\/><\/td><td><img decoding=\"async\" src=\"https:\/\/discgolfworlds.com\/wp-content\/uploads\/2024\/11\/Worlds25_pallura_50x50.png\"\/><\/td><td><img decoding=\"async\" src=\"\/wp-content\/uploads\/2024\/11\/Worlds25_pallura_50x50.png\"\/><\/td><td><img decoding=\"async\" src=\"\/wp-content\/uploads\/2024\/11\/Worlds25_pallura_50x50.png\"\/><\/td><td><img decoding=\"async\" src=\"\/wp-content\/uploads\/2024\/11\/Worlds25_pallura_50x50.png\"\/><\/td><td><\/td><\/tr><tr><td>*<strong>UUSI<\/strong>* 5-Day Worlds Area VIP (ke -su)<\/td><td>259 &#8211; 299<\/td><td><img decoding=\"async\" src=\"\/wp-content\/uploads\/2024\/11\/Worlds25_pallura_50x50.png\"\/><\/td><td><img decoding=\"async\" src=\"\/wp-content\/uploads\/2024\/11\/Worlds25_pallura_50x50.png\"\/><\/td><td><img decoding=\"async\" src=\"\/wp-content\/uploads\/2024\/11\/Worlds25_pallura_50x50.png\"\/><\/td><td><\/td><td><\/td><td><img decoding=\"async\" src=\"\/wp-content\/uploads\/2024\/11\/Worlds25_pallura_50x50.png\"\/><\/td><td><\/td><td><\/td><\/tr><tr><td>Beast Front Row VIP &#8211; Nokia (ke, la ja su)<\/td><td>99 &#8211; 349<\/td><td><img decoding=\"async\" src=\"\/wp-content\/uploads\/2024\/11\/Worlds25_pallura_50x50.png\"\/><\/td><td><\/td><td><img decoding=\"async\" src=\"\/wp-content\/uploads\/2024\/11\/Worlds25_pallura_50x50.png\"\/><\/td><td><img decoding=\"async\" src=\"https:\/\/discgolfworlds.com\/wp-content\/uploads\/2024\/11\/Worlds25_pallura_50x50.png\"\/><\/td><td><\/td><td><img decoding=\"async\" src=\"\/wp-content\/uploads\/2024\/11\/Worlds25_pallura_50x50.png\"\/><\/td><td><img decoding=\"async\" src=\"\/wp-content\/uploads\/2024\/11\/Worlds25_pallura_50x50.png\"\/><\/td><td><img decoding=\"async\" src=\"\/wp-content\/uploads\/2024\/11\/Worlds25_pallura_50x50.png\"\/><\/td><\/tr><tr><td>Beast Fairway VIP &#8211; Nokia (ke, la ja su)<\/td><td>59 &#8211; 199<\/td><td><img decoding=\"async\" src=\"\/wp-content\/uploads\/2024\/11\/Worlds25_pallura_50x50.png\"\/><\/td><td><\/td><td><img decoding=\"async\" src=\"\/wp-content\/uploads\/2024\/11\/Worlds25_pallura_50x50.png\"\/><\/td><td><img decoding=\"async\" src=\"https:\/\/discgolfworlds.com\/wp-content\/uploads\/2024\/11\/Worlds25_pallura_50x50.png\"\/><\/td><td><\/td><td><img decoding=\"async\" src=\"\/wp-content\/uploads\/2024\/11\/Worlds25_pallura_50x50.png\"\/><\/td><td><img decoding=\"async\" src=\"\/wp-content\/uploads\/2024\/11\/Worlds25_pallura_50x50.png\"\/><\/td><td><\/td><\/tr><tr><td>Beast Area VIP, monip\u00e4iv\u00e4inen &#8211; Nokia (Wed, Sat &amp; Sun)<\/td><td>159 &#8211; 199<\/td><td><img decoding=\"async\" src=\"\/wp-content\/uploads\/2024\/11\/Worlds25_pallura_50x50.png\"\/><\/td><td><\/td><td><img decoding=\"async\" src=\"\/wp-content\/uploads\/2024\/11\/Worlds25_pallura_50x50.png\"\/><\/td><td><\/td><td><\/td><td><img decoding=\"async\" src=\"\/wp-content\/uploads\/2024\/11\/Worlds25_pallura_50x50.png\"\/><\/td><td><\/td><td><\/td><\/tr><tr><td>Beast Area VIP, yksip\u00e4iv\u00e4inen &#8211; Nokia (Wed, Sat &amp; Sun)<\/td><td>69-119<\/td><td><img decoding=\"async\" src=\"https:\/\/discgolfworlds.com\/wp-content\/uploads\/2024\/11\/Worlds25_pallura_50x50.png\"\/><\/td><td><\/td><td><\/td><td><\/td><td><\/td><td><img decoding=\"async\" src=\"https:\/\/discgolfworlds.com\/wp-content\/uploads\/2024\/11\/Worlds25_pallura_50x50.png\"\/><\/td><td><\/td><td><\/td><\/tr><tr><td>Center Front Row VIP &#8211; Tampere (to ja pe)<\/td><td>99 &#8211; 199<\/td><td><img decoding=\"async\" src=\"\/wp-content\/uploads\/2024\/11\/Worlds25_pallura_50x50.png\"\/><\/td><td><img decoding=\"async\" src=\"\/wp-content\/uploads\/2024\/11\/Worlds25_pallura_50x50.png\"\/><\/td><td><\/td><td><\/td><td><img decoding=\"async\" src=\"\/wp-content\/uploads\/2024\/11\/Worlds25_pallura_50x50.png\"\/><\/td><td><img decoding=\"async\" src=\"\/wp-content\/uploads\/2024\/11\/Worlds25_pallura_50x50.png\"\/><\/td><td><img decoding=\"async\" src=\"\/wp-content\/uploads\/2024\/11\/Worlds25_pallura_50x50.png\"\/><\/td><td><img decoding=\"async\" src=\"\/wp-content\/uploads\/2024\/11\/Worlds25_pallura_50x50.png\"\/><\/td><\/tr><tr><td>Center Fairway VIP &#8211; Tampere (to ja pe)<\/td><td>59 &#8211; 119<\/td><td><img decoding=\"async\" src=\"\/wp-content\/uploads\/2024\/11\/Worlds25_pallura_50x50.png\"\/><\/td><td><img decoding=\"async\" src=\"\/wp-content\/uploads\/2024\/11\/Worlds25_pallura_50x50.png\"\/><\/td><td><\/td><td><\/td><td><img decoding=\"async\" src=\"\/wp-content\/uploads\/2024\/11\/Worlds25_pallura_50x50.png\"\/><\/td><td><img decoding=\"async\" src=\"\/wp-content\/uploads\/2024\/11\/Worlds25_pallura_50x50.png\"\/><\/td><td><img decoding=\"async\" src=\"\/wp-content\/uploads\/2024\/11\/Worlds25_pallura_50x50.png\"\/><\/td><td><\/td><\/tr><tr><td>Center Area VIP (Yksi- ja monip\u00e4iv\u00e4iset) &#8211; Tampere (Thu &amp; Fri)<\/td><td>69 &#8211; 99<\/td><td><img decoding=\"async\" src=\"\/wp-content\/uploads\/2024\/11\/Worlds25_pallura_50x50.png\"\/><\/td><td><img decoding=\"async\" src=\"\/wp-content\/uploads\/2024\/11\/Worlds25_pallura_50x50.png\"\/><\/td><td><\/td><td><\/td><td><\/td><td><img decoding=\"async\" src=\"\/wp-content\/uploads\/2024\/11\/Worlds25_pallura_50x50.png\"\/><\/td><td><\/td><td><\/td><\/tr><tr><td>Center Peruslippu &#8211; Tampere (to ja pe)<\/td><td>14,90-19,90<\/td><td><img decoding=\"async\" src=\"\/wp-content\/uploads\/2024\/11\/Worlds25_pallura_50x50.png\"\/><\/td><td><img decoding=\"async\" src=\"\/wp-content\/uploads\/2024\/11\/Worlds25_pallura_50x50.png\"\/><\/td><td><\/td><td><\/td><td><\/td><td><\/td><td><\/td><td><\/td><\/tr><tr><td>Vapaap\u00e4\u00e4sy (Ei lippua)<\/td><td>&#8211;<\/td><td><img decoding=\"async\" src=\"\/wp-content\/uploads\/2024\/11\/Worlds25_pallura_50x50.png\"\/><\/td><td><\/td><td><\/td><td><\/td><td><\/td><td><\/td><td><\/td><td><\/td><\/tr><\/tbody><\/table><figcaption class=\"wp-element-caption\">Lippuja myyd\u00e4\u00e4n vain A-lohkoon. B-lohkoa voi seurata veloituksetta, Nokialla ja Tampereella.<\/figcaption><\/figure>\n\n<p><\/p>\n\n<p>A-lohkossa pelaa korkeinten luokiteltu puolikas pelaajista kierroksilla 1 ja 2. Kierroksilla 3 ja 4 A-lohkossa pelaa kilpailun korkeinten sijoittunut puolikas pelaajista. Vain puolet pelaajista jatkaa 5. finaalikierrokselle.   <a href=\"https:\/\/discgolfworlds.com\/fi\/ohjelma\/\" data-type=\"page\" data-id=\"382\">Lis\u00e4tietoja l\u00f6yd\u00e4t ohjelmasta.<\/a><\/p>\n\n<p>Kaikkiin VIP-lippuihin sis\u00e4ltyy VIP-pys\u00e4k\u00f6inti, lounas ja kisatuote, pl. yksip\u00e4iv\u00e4iset Area VIP -liput, joihin ei sis\u00e4lly VIP-pys\u00e4k\u00f6inti\u00e4.<br\/>7 p\u00e4iv\u00e4n Luksus-VIP ja 5 p\u00e4iv\u00e4n viikko VIP sis\u00e4lt\u00e4v\u00e4t erilliset MM-kisatuotepaketit.<br\/>Front Row VIP sis\u00e4lt\u00e4\u00e4 my\u00f6s erillisen MM-kisajakkaran.<br\/>7 p\u00e4iv\u00e4n Luksus-VIP, Beastin 18. v\u00e4yl\u00e4n ravintola-VIP ja Skybox VIPit sis\u00e4lt\u00e4v\u00e4t p\u00f6yt\u00e4\u00e4n tarjoillun lounaan. (La &amp; su)<br\/>Beastin 18. v\u00e4yl\u00e4n VIP-ravintolaan p\u00e4\u00e4sy vain ravintola VIP-lipulla, tai luksus-VIPill\u00e4. <\/p>\n\n<p>Liput tulevat myyntiin vaiheittain. 1. vaiheessa, 21.11.2024 alkaen, on saatavilla ainoastaan l\u00e4hinn\u00e4 monip\u00e4iv\u00e4isi\u00e4 VIP-lippuja. Yksip\u00e4iv\u00e4iset VIP-liput ja Tampereen perusliput saatavilla 23.4.2025 alkaen.  <\/p>\n\n<h2 class=\"wp-block-heading\">Ilmainen p\u00e4\u00e4sy<\/h2>\n\n<p>B-lohkon peli\u00e4 voi seurata veloituksetta kaikkina nelj\u00e4n\u00e4 kisap\u00e4iv\u00e4n\u00e4, keskiviikosta lauantaihin. Huomioithan, ett\u00e4 B-lohkon aikana tapahtuma-alueen palvelut ovat suppeamat, esim. ruoka-, virvoike- ja tuotemyynnin, sek\u00e4 pys\u00e4k\u00f6innin osalta. (Lis\u00e4tietoja tulossa my\u00f6hemmin.)  Yksityiskohtaisemmat tiedot B-lohkon palveluista tulossa my\u00f6hemmin.<\/p>\n\n<p>Voit seurata my\u00f6s A-lohkon peli\u00e4 veloituksetta Nokialla keskiviikkona, lauantaina ja sunnuntaina useimmilla kilpailuradan v\u00e4ylill\u00e4. VIP-liput mahdollistaa kuitenkin parhaan MM-kisael\u00e4myksen. <\/p>\n\n<h2 class=\"wp-block-heading\">Saavutettavuus ja avustajat<\/h2>\n\n<p>Liikuntarajoitteiset henkil\u00f6t sek\u00e4 muut erityisryhm\u00e4t tarvitsevat normaalit p\u00e4\u00e4syliput frisbeegolfin MM-kisoihin. (Jos tarpeen, kts. &#8221;ilmainen p\u00e4\u00e4sy&#8221;, yll\u00e4.) Avustaja p\u00e4\u00e4see mukaan ilmaiseksi sellaisen asiakkaan kanssa, joka tarvitsee avustajaa p\u00e4ivitt\u00e4iseen toimintaansa. Avustajan ei tarvitse kuitenkaan olla henkil\u00f6kohtainen avustaja. Avustaja ei tarvitse omaa lippua, vaan avustaja ja avustettava liikkuvat yhdess\u00e4 avustettavan lipulla.    <\/p>\n\n<p>Suosittelemme ottamaan mukaan EU:n Vammaiskortin (EU Disability Card), Yst\u00e4v\u00e4nkortin, tai N\u00e4k\u00f6vammaiskortin. Kortti voi sujuvoittaa asiointia portilla, mutta emme edellyt\u00e4 asiakkaalta erillist\u00e4 korttia tai todistusta. Avustajaohje koskee my\u00f6s tulkkeja. Avustajakoirat ovat tervetulleita frisbeegolfin MM-kisoihin.   <\/p>\n\n<p>Tarjolla ei ole erillisi\u00e4 erityisryhmien lippuja, vaan t\u00e4llaisten henkil\u00f6iden tulee ostaa lippu normaalisti ja ottaa yhteytt\u00e4 tapahtuman j\u00e4rjest\u00e4j\u00e4\u00e4n s\u00e4hk\u00f6postitse (<strong><a class=\"\">events@spin18.com<\/a><\/strong>) sujuvien j\u00e4rjestelyjen takaamiseksi. <\/p>\n\n<h2 class=\"wp-block-heading\">Yleis\u00f6kierrokset<\/h2>\n\n<p>\u201dFinal Beast\u201d yleis\u00f6kierroksia j\u00e4rjestet\u00e4\u00e4n maanantaina 4.8. ja Tampereelle myyd\u00e4\u00e4n yleis\u00f6kierroksia sunnuntai 3.8. aamup\u00e4iv\u00e4lle.<\/p>\n\n<p><strong>P\u00c4IVITYS 15.4.2025: YLEIS\u00d6KIERROKSET ON LOPPUUNMYYTY. Kaikki yleis\u00f6kierrosliput myytiin VIP-asiakkaiden julkaisussa. <\/strong><\/p>\n\n<p>Liput yleis\u00f6kierroksille ovat saatavilla keskiviikkona, 14.5.2025 klo 18:00 alkaen. Yleis\u00f6kierroslippuja tarjotaan ensin ainoastaan VIP-lippujen ostajille, rajoitetun ajan.<\/p>\n\n<p>Kaikille 11.5.2025 menness\u00e4 VIP-lipun ostaneille on l\u00e4hetetty s\u00e4hk\u00f6postitse lis\u00e4tietoja yleis\u00f6kierroksista tiistaina 13.5.2025. Jos olet hankkinut VIP-lippuja menness\u00e4, muttet ole saanut yleis\u00f6kierroksista lis\u00e4tietoja, pyyd\u00e4mme sinua ensin tarkistamaan roskapostisi. Jos siell\u00e4k\u00e4\u00e4n ei ole tietoa asiasta, ota meihin yhteytt\u00e4 s\u00e4hk\u00f6postitse: events@spin18.com  <\/p>\n\n<p><\/p>\n","protected":false},"excerpt":{"rendered":"<p>Viimeiset liput frisbeegolfin MM-kisoihin myyd\u00e4\u00e4n nyt! Jos haluat kokea maailman isoimman frisbeegolftapahtuman VIP-asiakkaana tai haluat seurata Tampereen kisakierroksia torstaina 31.7. tai perjantaina 1.8., osta lippusi nyt.<span class=\"excerpt-hellip\"> [\u2026]<\/span><\/p>\n","protected":false},"author":3,"featured_media":547,"parent":563,"menu_order":0,"comment_status":"closed","ping_status":"closed","template":"","meta":{"footnotes":""},"class_list":["post-899","page","type-page","status-publish","has-post-thumbnail","hentry"],"_links":{"self":[{"href":"https:\/\/discgolfworlds.com\/fi\/wp-json\/wp\/v2\/pages\/899","targetHints":{"allow":["GET"]}}],"collection":[{"href":"https:\/\/discgolfworlds.com\/fi\/wp-json\/wp\/v2\/pages"}],"about":[{"href":"https:\/\/discgolfworlds.com\/fi\/wp-json\/wp\/v2\/types\/page"}],"author":[{"embeddable":true,"href":"https:\/\/discgolfworlds.com\/fi\/wp-json\/wp\/v2\/users\/3"}],"replies":[{"embeddable":true,"href":"https:\/\/discgolfworlds.com\/fi\/wp-json\/wp\/v2\/comments?post=899"}],"version-history":[{"count":20,"href":"https:\/\/discgolfworlds.com\/fi\/wp-json\/wp\/v2\/pages\/899\/revisions"}],"predecessor-version":[{"id":1700,"href":"https:\/\/discgolfworlds.com\/fi\/wp-json\/wp\/v2\/pages\/899\/revisions\/1700"}],"up":[{"embeddable":true,"href":"https:\/\/discgolfworlds.com\/fi\/wp-json\/wp\/v2\/pages\/563"}],"wp:featuredmedia":[{"embeddable":true,"href":"https:\/\/discgolfworlds.com\/fi\/wp-json\/wp\/v2\/media\/547"}],"wp:attachment":[{"href":"https:\/\/discgolfworlds.com\/fi\/wp-json\/wp\/v2\/media?parent=899"}],"curies":[{"name":"wp","href":"https:\/\/api.w.org\/{rel}","templated":true}]}}